{"id":16594,"date":"2026-03-18T10:52:24","date_gmt":"2026-03-18T10:52:24","guid":{"rendered":"https:\/\/studium-und-dann.com\/?page_id=16594"},"modified":"2026-03-18T11:25:24","modified_gmt":"2026-03-18T11:25:24","slug":"der-podcast","status":"publish","type":"page","link":"https:\/\/studium-und-dann.com\/?page_id=16594","title":{"rendered":"Der Podcast"},"content":{"rendered":"\n<p>Der Podcast <em>\u201eStudium und dann?\u201c<\/em> richtet sich an Studierende, Absolvent:innen und Berufseinsteiger:innen und zeigt, wie vielf\u00e4ltig Karrierewege nach dem Studium sein k\u00f6nnen. Unternehmen haben die M\u00f6glichkeit, mit authentischen Einblicken direkt in Kontakt mit der Generation Z zu treten.<\/p>\n\n\n\n<p>Durch die Zusammenarbeit mit Hochschulen und die Einbindung von ehemaligen Studierenden entsteht ein einzigartiges Format, das glaubw\u00fcrdig vermittelt, welche Chancen der Berufseinstieg in Ihrem Unternehmen bietet \u2013 jenseits von Hochglanzbrosch\u00fcren oder austauschbaren Karrierewebseiten.<\/p>\n\n\n\n<p>Hier finden Sie eine \u00dcbersicht aller bisher erschienen Episoden: <em><a href=\"https:\/\/studium-und-dann.com\/?qtserie=podcast\" type=\"link\" id=\"https:\/\/studium-und-dann.com\/?qtserie=podcast\">\u201eStudium und dann?\u201c <\/a><\/em><\/p>\n\n\n\n<p>Der Podcast ist zudem bei einer Vielzahl von Medienpartnern gelistet. <a href=\"https:\/\/studium-und-dann.com\/?page_id=253\" type=\"link\" id=\"https:\/\/studium-und-dann.com\/?page_id=253\">Eine \u00dcbersicht finden Sie hier. <\/a><\/p>\n","protected":false},"excerpt":{"rendered":"<p>Der Podcast \u201eStudium und dann?\u201c richtet sich an Studierende, Absolvent:innen und Berufseinsteiger:innen und zeigt, wie vielf\u00e4ltig Karrierewege nach dem Studium sein k\u00f6nnen. Unternehmen haben die M\u00f6glichkeit, mit authentischen Einblicken direkt in Kontakt mit der Generation Z zu treten. Durch die Zusammenarbeit mit Hochschulen und die Einbindung von ehemaligen Studierenden entsteht [&#8230;]<\/p>\n","protected":false},"author":16,"featured_media":7797,"parent":0,"menu_order":0,"comment_status":"closed","ping_status":"closed","template":"","meta":{"footnotes":""},"class_list":["post-16594","page","type-page","status-publish","has-post-thumbnail","hentry"],"yoast_head":"<!-- This site is optimized with the Yoast SEO plugin v27.5 - https:\/\/yoast.com\/product\/yoast-seo-wordpress\/ -->\n<title>Der Podcast - STUDIUM &amp; DANN?<\/title>\n<meta name=\"robots\" content=\"index, follow, max-snippet:-1, max-image-preview:large, max-video-preview:-1\" \/>\n<link rel=\"canonical\" href=\"https:\/\/studium-und-dann.com\/?page_id=16594\" \/>\n<meta property=\"og:locale\" content=\"de_DE\" \/>\n<meta property=\"og:type\" content=\"article\" \/>\n<meta property=\"og:title\" content=\"Der Podcast - STUDIUM &amp; DANN?\" \/>\n<meta property=\"og:description\" content=\"Der Podcast \u201eStudium und dann?\u201c richtet sich an Studierende, Absolvent:innen und Berufseinsteiger:innen und zeigt, wie vielf\u00e4ltig Karrierewege nach dem Studium sein k\u00f6nnen. Unternehmen haben die M\u00f6glichkeit, mit authentischen Einblicken direkt in Kontakt mit der Generation Z zu treten. Durch die Zusammenarbeit mit Hochschulen und die Einbindung von ehemaligen Studierenden entsteht [...]\" \/>\n<meta property=\"og:url\" content=\"https:\/\/studium-und-dann.com\/?page_id=16594\" \/>\n<meta property=\"og:site_name\" content=\"STUDIUM &amp; DANN?\" \/>\n<meta property=\"article:modified_time\" content=\"2026-03-18T11:25:24+00:00\" \/>\n<meta property=\"og:image\" content=\"https:\/\/studium-und-dann.com\/wp-content\/uploads\/2025\/12\/episoden-titelbild.jpg\" \/>\n\t<meta property=\"og:image:width\" content=\"1660\" \/>\n\t<meta property=\"og:image:height\" content=\"790\" \/>\n\t<meta property=\"og:image:type\" content=\"image\/jpeg\" \/>\n<meta name=\"twitter:card\" content=\"summary_large_image\" \/>\n<meta name=\"twitter:label1\" content=\"Gesch\u00e4tzte Lesezeit\" \/>\n\t<meta name=\"twitter:data1\" content=\"1\u00a0Minute\" \/>\n<script type=\"application\/ld+json\" class=\"yoast-schema-graph\">{\"@context\":\"https:\\\/\\\/schema.org\",\"@graph\":[{\"@type\":\"WebPage\",\"@id\":\"https:\\\/\\\/studium-und-dann.com\\\/?page_id=16594\",\"url\":\"https:\\\/\\\/studium-und-dann.com\\\/?page_id=16594\",\"name\":\"Der Podcast - STUDIUM &amp; DANN?\",\"isPartOf\":{\"@id\":\"https:\\\/\\\/studium-und-dann.com\\\/#website\"},\"primaryImageOfPage\":{\"@id\":\"https:\\\/\\\/studium-und-dann.com\\\/?page_id=16594#primaryimage\"},\"image\":{\"@id\":\"https:\\\/\\\/studium-und-dann.com\\\/?page_id=16594#primaryimage\"},\"thumbnailUrl\":\"https:\\\/\\\/studium-und-dann.com\\\/wp-content\\\/uploads\\\/2025\\\/12\\\/episoden-titelbild.jpg\",\"datePublished\":\"2026-03-18T10:52:24+00:00\",\"dateModified\":\"2026-03-18T11:25:24+00:00\",\"breadcrumb\":{\"@id\":\"https:\\\/\\\/studium-und-dann.com\\\/?page_id=16594#breadcrumb\"},\"inLanguage\":\"de\",\"potentialAction\":[{\"@type\":\"ReadAction\",\"target\":[\"https:\\\/\\\/studium-und-dann.com\\\/?page_id=16594\"]}]},{\"@type\":\"ImageObject\",\"inLanguage\":\"de\",\"@id\":\"https:\\\/\\\/studium-und-dann.com\\\/?page_id=16594#primaryimage\",\"url\":\"https:\\\/\\\/studium-und-dann.com\\\/wp-content\\\/uploads\\\/2025\\\/12\\\/episoden-titelbild.jpg\",\"contentUrl\":\"https:\\\/\\\/studium-und-dann.com\\\/wp-content\\\/uploads\\\/2025\\\/12\\\/episoden-titelbild.jpg\",\"width\":1660,\"height\":790},{\"@type\":\"BreadcrumbList\",\"@id\":\"https:\\\/\\\/studium-und-dann.com\\\/?page_id=16594#breadcrumb\",\"itemListElement\":[{\"@type\":\"ListItem\",\"position\":1,\"name\":\"Start\",\"item\":\"https:\\\/\\\/studium-und-dann.com\\\/\"},{\"@type\":\"ListItem\",\"position\":2,\"name\":\"Der Podcast\"}]},{\"@type\":\"WebSite\",\"@id\":\"https:\\\/\\\/studium-und-dann.com\\\/#website\",\"url\":\"https:\\\/\\\/studium-und-dann.com\\\/\",\"name\":\"STUDIUM &amp; DANN?\",\"description\":\"Podcasts zur Berufsorientierung\",\"potentialAction\":[{\"@type\":\"SearchAction\",\"target\":{\"@type\":\"EntryPoint\",\"urlTemplate\":\"https:\\\/\\\/studium-und-dann.com\\\/?s={search_term_string}\"},\"query-input\":{\"@type\":\"PropertyValueSpecification\",\"valueRequired\":true,\"valueName\":\"search_term_string\"}}],\"inLanguage\":\"de\"}]}<\/script>\n<!-- \/ Yoast SEO plugin. -->","yoast_head_json":{"title":"Der Podcast - STUDIUM &amp; DANN?","robots":{"index":"index","follow":"follow","max-snippet":"max-snippet:-1","max-image-preview":"max-image-preview:large","max-video-preview":"max-video-preview:-1"},"canonical":"https:\/\/studium-und-dann.com\/?page_id=16594","og_locale":"de_DE","og_type":"article","og_title":"Der Podcast - STUDIUM &amp; DANN?","og_description":"Der Podcast \u201eStudium und dann?\u201c richtet sich an Studierende, Absolvent:innen und Berufseinsteiger:innen und zeigt, wie vielf\u00e4ltig Karrierewege nach dem Studium sein k\u00f6nnen. Unternehmen haben die M\u00f6glichkeit, mit authentischen Einblicken direkt in Kontakt mit der Generation Z zu treten. Durch die Zusammenarbeit mit Hochschulen und die Einbindung von ehemaligen Studierenden entsteht [...]","og_url":"https:\/\/studium-und-dann.com\/?page_id=16594","og_site_name":"STUDIUM &amp; DANN?","article_modified_time":"2026-03-18T11:25:24+00:00","og_image":[{"width":1660,"height":790,"url":"https:\/\/studium-und-dann.com\/wp-content\/uploads\/2025\/12\/episoden-titelbild.jpg","type":"image\/jpeg"}],"twitter_card":"summary_large_image","twitter_misc":{"Gesch\u00e4tzte Lesezeit":"1\u00a0Minute"},"schema":{"@context":"https:\/\/schema.org","@graph":[{"@type":"WebPage","@id":"https:\/\/studium-und-dann.com\/?page_id=16594","url":"https:\/\/studium-und-dann.com\/?page_id=16594","name":"Der Podcast - STUDIUM &amp; DANN?","isPartOf":{"@id":"https:\/\/studium-und-dann.com\/#website"},"primaryImageOfPage":{"@id":"https:\/\/studium-und-dann.com\/?page_id=16594#primaryimage"},"image":{"@id":"https:\/\/studium-und-dann.com\/?page_id=16594#primaryimage"},"thumbnailUrl":"https:\/\/studium-und-dann.com\/wp-content\/uploads\/2025\/12\/episoden-titelbild.jpg","datePublished":"2026-03-18T10:52:24+00:00","dateModified":"2026-03-18T11:25:24+00:00","breadcrumb":{"@id":"https:\/\/studium-und-dann.com\/?page_id=16594#breadcrumb"},"inLanguage":"de","potentialAction":[{"@type":"ReadAction","target":["https:\/\/studium-und-dann.com\/?page_id=16594"]}]},{"@type":"ImageObject","inLanguage":"de","@id":"https:\/\/studium-und-dann.com\/?page_id=16594#primaryimage","url":"https:\/\/studium-und-dann.com\/wp-content\/uploads\/2025\/12\/episoden-titelbild.jpg","contentUrl":"https:\/\/studium-und-dann.com\/wp-content\/uploads\/2025\/12\/episoden-titelbild.jpg","width":1660,"height":790},{"@type":"BreadcrumbList","@id":"https:\/\/studium-und-dann.com\/?page_id=16594#breadcrumb","itemListElement":[{"@type":"ListItem","position":1,"name":"Start","item":"https:\/\/studium-und-dann.com\/"},{"@type":"ListItem","position":2,"name":"Der Podcast"}]},{"@type":"WebSite","@id":"https:\/\/studium-und-dann.com\/#website","url":"https:\/\/studium-und-dann.com\/","name":"STUDIUM &amp; DANN?","description":"Podcasts zur Berufsorientierung","potentialAction":[{"@type":"SearchAction","target":{"@type":"EntryPoint","urlTemplate":"https:\/\/studium-und-dann.com\/?s={search_term_string}"},"query-input":{"@type":"PropertyValueSpecification","valueRequired":true,"valueName":"search_term_string"}}],"inLanguage":"de"}]}},"_links":{"self":[{"href":"https:\/\/studium-und-dann.com\/index.php?rest_route=\/wp\/v2\/pages\/16594","targetHints":{"allow":["GET"]}}],"collection":[{"href":"https:\/\/studium-und-dann.com\/index.php?rest_route=\/wp\/v2\/pages"}],"about":[{"href":"https:\/\/studium-und-dann.com\/index.php?rest_route=\/wp\/v2\/types\/page"}],"author":[{"embeddable":true,"href":"https:\/\/studium-und-dann.com\/index.php?rest_route=\/wp\/v2\/users\/16"}],"replies":[{"embeddable":true,"href":"https:\/\/studium-und-dann.com\/index.php?rest_route=%2Fwp%2Fv2%2Fcomments&post=16594"}],"version-history":[{"count":3,"href":"https:\/\/studium-und-dann.com\/index.php?rest_route=\/wp\/v2\/pages\/16594\/revisions"}],"predecessor-version":[{"id":16599,"href":"https:\/\/studium-und-dann.com\/index.php?rest_route=\/wp\/v2\/pages\/16594\/revisions\/16599"}],"wp:featuredmedia":[{"embeddable":true,"href":"https:\/\/studium-und-dann.com\/index.php?rest_route=\/wp\/v2\/media\/7797"}],"wp:attachment":[{"href":"https:\/\/studium-und-dann.com\/index.php?rest_route=%2Fwp%2Fv2%2Fmedia&parent=16594"}],"curies":[{"name":"wp","href":"https:\/\/api.w.org\/{rel}","templated":true}]}}