{"id":16611,"date":"2026-03-20T07:45:26","date_gmt":"2026-03-20T07:45:26","guid":{"rendered":"https:\/\/studium-und-dann.com\/?page_id=16611"},"modified":"2026-03-20T07:45:26","modified_gmt":"2026-03-20T07:45:26","slug":"dr-tina-fletemeyer","status":"publish","type":"page","link":"https:\/\/studium-und-dann.com\/?page_id=16611","title":{"rendered":"Dr. Tina Fletemeyer"},"content":{"rendered":"<p>[vc_row][vc_column][\/vc_column][\/vc_row][vc_row][vc_column][vc_single_image image=&#8220;16621&#8243; alignment=&#8220;center&#8220; style=&#8220;vc_box_circle&#8220;][\/vc_column][\/vc_row][vc_row][vc_column][vc_column_text css=&#8220;.vc_custom_1773992232210{background-color: #eeee22 !important;}&#8220;]<\/p>\n<p style=\"text-align: center;\"><strong>Dr. Tina Fletemeyer<br \/>\n<\/strong><em>wissenschaftliche Mitarbeiterin am Institut f\u00fcr \u00d6konomische Bildung an der Universit\u00e4t Oldenburg\u00a0<\/em>[\/vc_column_text][\/vc_column][\/vc_row][vc_row][vc_column][vc_column_text]<\/p>\n<h3>Kuratorin f\u00fcr:<\/h3>\n<p><strong>fachdidaktische Einbettung von Podcasts im allgemeinbildenden Schulwesen<\/strong>[\/vc_column_text][\/vc_column][\/vc_row][vc_row][vc_column][vc_column_text]<\/p>\n<p style=\"font-weight: 400;\"><strong>Dr. Tina Fletemeyer<\/strong> ist seit 2015 wissenschaftliche Mitarbeiterin am <strong>Institut f\u00fcr \u00d6konomische Bildung an der Universit\u00e4t Oldenburg<\/strong>. Im Jahr 2020 schloss sie ihre Promotion mit einer Arbeit zu Berufsbezogenen \u00dcberzeugungen von Lehrpersonen zur Beruflichen Orientierung im allgemeinbildenden Schulwesen ab und leitet seit 2021 gemeinsam mit Prof. Dr. Rudolf Sch\u00f6der den <strong>Bereich der Beruflichen Orientierung<\/strong> am An-Institut f\u00fcr \u00d6konomische Bildung der Universit\u00e4t Oldenburg.<\/p>\n<p style=\"font-weight: 400;\">Ihre Forschungsschwerpunkte in der Forschung und Lehre liegen in der Beruflichen Orientierung im allgemeinbildenden Schulwesen, in der Professionalisierung von Lehrpersonen im Zuge der Beruflichen Orientierung sowie in der Methodik des Wirtschaftsunterricht.<\/p>\n<p style=\"font-weight: 400;\">Der Einsatz <strong>digitaler Medien<\/strong> bietet im Unterrichtskontext einen lebensnahen Zugang und ist ein zentraler Baustein, um gleichzeitig <strong>fachwissenschaftliche Inhalte<\/strong> und <strong>Medienkompetenz<\/strong> f\u00f6rdern zu k\u00f6nnen. Auch <strong>Podcasts<\/strong> haben in diesem Zusammenhang vielf\u00e4ltige didaktische Potenziale. Sie erm\u00f6glichen beispielsweise zeit- und ortsunabh\u00e4ngiges Lernen, f\u00f6rdern das verstehende Zuh\u00f6ren und bieten verschiedene M\u00f6glichkeiten der Differenzierung, da sie unterschiedliche Lernertypen ansprechen. Zudem bieten sie Lehrkr\u00e4ften <strong>vielf\u00e4ltige Einsatzm\u00f6glichkeiten<\/strong>, etwa zur Einf\u00fchrung neuer fachwissenschaftlicher Inhalte, zur Vertiefung von Inhalten oder als Grundlage f\u00fcr kontroverse Diskussionen. Die Auseinandersetzung kann in diesem Zusammenhang das selbstst\u00e4ndige Lernen sowie die kritische Reflexion im Umgang mit Medieninhalten f\u00f6rdern. Gleichzeitig zeigt sich im Rahmen der unterrichtlichen Einbettung noch ein gro\u00dfes Forschungsdesiderat.<\/p>\n<p>[\/vc_column_text][\/vc_column][\/vc_row]<\/p>\n","protected":false},"excerpt":{"rendered":"<p>[vc_row][vc_column][\/vc_column][\/vc_row][vc_row][vc_column][vc_single_image image=&#8220;16621&#8243; alignment=&#8220;center&#8220; style=&#8220;vc_box_circle&#8220;][\/vc_column][\/vc_row][vc_row][vc_column][vc_column_text css=&#8220;.vc_custom_1773992232210{background-color: #eeee22 !important;}&#8220;] Dr. Tina Fletemeyer wissenschaftliche Mitarbeiterin am Institut f\u00fcr \u00d6konomische Bildung an der Universit\u00e4t Oldenburg\u00a0[\/vc_column_text][\/vc_column][\/vc_row][vc_row][vc_column][vc_column_text] Kuratorin f\u00fcr: fachdidaktische Einbettung von Podcasts im allgemeinbildenden Schulwesen[\/vc_column_text][\/vc_column][\/vc_row][vc_row][vc_column][vc_column_text] Dr. Tina Fletemeyer ist seit 2015 wissenschaftliche Mitarbeiterin am Institut f\u00fcr \u00d6konomische Bildung an der Universit\u00e4t Oldenburg. Im Jahr 2020 [&#8230;]<\/p>\n","protected":false},"author":14,"featured_media":7860,"parent":0,"menu_order":0,"comment_status":"closed","ping_status":"closed","template":"","meta":{"footnotes":""},"class_list":["post-16611","page","type-page","status-publish","has-post-thumbnail","hentry"],"yoast_head":"<!-- This site is optimized with the Yoast SEO plugin v27.4 - https:\/\/yoast.com\/product\/yoast-seo-wordpress\/ -->\n<title>Dr. Tina Fletemeyer - STUDIUM &amp; DANN?<\/title>\n<meta name=\"robots\" content=\"index, follow, max-snippet:-1, max-image-preview:large, max-video-preview:-1\" \/>\n<link rel=\"canonical\" href=\"https:\/\/studium-und-dann.com\/?page_id=16611\" \/>\n<meta property=\"og:locale\" content=\"de_DE\" \/>\n<meta property=\"og:type\" content=\"article\" \/>\n<meta property=\"og:title\" content=\"Dr. Tina Fletemeyer - STUDIUM &amp; DANN?\" \/>\n<meta property=\"og:description\" content=\"[vc_row][vc_column][\/vc_column][\/vc_row][vc_row][vc_column][vc_single_image image=&#8220;16621&#8243; alignment=&#8220;center&#8220; style=&#8220;vc_box_circle&#8220;][\/vc_column][\/vc_row][vc_row][vc_column][vc_column_text css=&#8220;.vc_custom_1773992232210{background-color: #eeee22 !important;}&#8220;] Dr. Tina Fletemeyer wissenschaftliche Mitarbeiterin am Institut f\u00fcr \u00d6konomische Bildung an der Universit\u00e4t Oldenburg\u00a0[\/vc_column_text][\/vc_column][\/vc_row][vc_row][vc_column][vc_column_text] Kuratorin f\u00fcr: fachdidaktische Einbettung von Podcasts im allgemeinbildenden Schulwesen[\/vc_column_text][\/vc_column][\/vc_row][vc_row][vc_column][vc_column_text] Dr. Tina Fletemeyer ist seit 2015 wissenschaftliche Mitarbeiterin am Institut f\u00fcr \u00d6konomische Bildung an der Universit\u00e4t Oldenburg. Im Jahr 2020 [...]\" \/>\n<meta property=\"og:url\" content=\"https:\/\/studium-und-dann.com\/?page_id=16611\" \/>\n<meta property=\"og:site_name\" content=\"STUDIUM &amp; DANN?\" \/>\n<meta property=\"og:image\" content=\"https:\/\/studium-und-dann.com\/wp-content\/uploads\/2025\/12\/6.jpg\" \/>\n\t<meta property=\"og:image:width\" content=\"1660\" \/>\n\t<meta property=\"og:image:height\" content=\"790\" \/>\n\t<meta property=\"og:image:type\" content=\"image\/jpeg\" \/>\n<meta name=\"twitter:card\" content=\"summary_large_image\" \/>\n<meta name=\"twitter:label1\" content=\"Gesch\u00e4tzte Lesezeit\" \/>\n\t<meta name=\"twitter:data1\" content=\"2\u00a0Minuten\" \/>\n<script type=\"application\/ld+json\" class=\"yoast-schema-graph\">{\"@context\":\"https:\\\/\\\/schema.org\",\"@graph\":[{\"@type\":\"WebPage\",\"@id\":\"https:\\\/\\\/studium-und-dann.com\\\/?page_id=16611\",\"url\":\"https:\\\/\\\/studium-und-dann.com\\\/?page_id=16611\",\"name\":\"Dr. Tina Fletemeyer - STUDIUM &amp; DANN?\",\"isPartOf\":{\"@id\":\"https:\\\/\\\/studium-und-dann.com\\\/#website\"},\"primaryImageOfPage\":{\"@id\":\"https:\\\/\\\/studium-und-dann.com\\\/?page_id=16611#primaryimage\"},\"image\":{\"@id\":\"https:\\\/\\\/studium-und-dann.com\\\/?page_id=16611#primaryimage\"},\"thumbnailUrl\":\"https:\\\/\\\/studium-und-dann.com\\\/wp-content\\\/uploads\\\/2025\\\/12\\\/6.jpg\",\"datePublished\":\"2026-03-20T07:45:26+00:00\",\"breadcrumb\":{\"@id\":\"https:\\\/\\\/studium-und-dann.com\\\/?page_id=16611#breadcrumb\"},\"inLanguage\":\"de\",\"potentialAction\":[{\"@type\":\"ReadAction\",\"target\":[\"https:\\\/\\\/studium-und-dann.com\\\/?page_id=16611\"]}]},{\"@type\":\"ImageObject\",\"inLanguage\":\"de\",\"@id\":\"https:\\\/\\\/studium-und-dann.com\\\/?page_id=16611#primaryimage\",\"url\":\"https:\\\/\\\/studium-und-dann.com\\\/wp-content\\\/uploads\\\/2025\\\/12\\\/6.jpg\",\"contentUrl\":\"https:\\\/\\\/studium-und-dann.com\\\/wp-content\\\/uploads\\\/2025\\\/12\\\/6.jpg\",\"width\":1660,\"height\":790},{\"@type\":\"BreadcrumbList\",\"@id\":\"https:\\\/\\\/studium-und-dann.com\\\/?page_id=16611#breadcrumb\",\"itemListElement\":[{\"@type\":\"ListItem\",\"position\":1,\"name\":\"Start\",\"item\":\"https:\\\/\\\/studium-und-dann.com\\\/\"},{\"@type\":\"ListItem\",\"position\":2,\"name\":\"Dr. Tina Fletemeyer\"}]},{\"@type\":\"WebSite\",\"@id\":\"https:\\\/\\\/studium-und-dann.com\\\/#website\",\"url\":\"https:\\\/\\\/studium-und-dann.com\\\/\",\"name\":\"STUDIUM &amp; DANN?\",\"description\":\"Podcasts zur Berufsorientierung\",\"potentialAction\":[{\"@type\":\"SearchAction\",\"target\":{\"@type\":\"EntryPoint\",\"urlTemplate\":\"https:\\\/\\\/studium-und-dann.com\\\/?s={search_term_string}\"},\"query-input\":{\"@type\":\"PropertyValueSpecification\",\"valueRequired\":true,\"valueName\":\"search_term_string\"}}],\"inLanguage\":\"de\"}]}<\/script>\n<!-- \/ Yoast SEO plugin. -->","yoast_head_json":{"title":"Dr. Tina Fletemeyer - STUDIUM &amp; DANN?","robots":{"index":"index","follow":"follow","max-snippet":"max-snippet:-1","max-image-preview":"max-image-preview:large","max-video-preview":"max-video-preview:-1"},"canonical":"https:\/\/studium-und-dann.com\/?page_id=16611","og_locale":"de_DE","og_type":"article","og_title":"Dr. Tina Fletemeyer - STUDIUM &amp; DANN?","og_description":"[vc_row][vc_column][\/vc_column][\/vc_row][vc_row][vc_column][vc_single_image image=&#8220;16621&#8243; alignment=&#8220;center&#8220; style=&#8220;vc_box_circle&#8220;][\/vc_column][\/vc_row][vc_row][vc_column][vc_column_text css=&#8220;.vc_custom_1773992232210{background-color: #eeee22 !important;}&#8220;] Dr. Tina Fletemeyer wissenschaftliche Mitarbeiterin am Institut f\u00fcr \u00d6konomische Bildung an der Universit\u00e4t Oldenburg\u00a0[\/vc_column_text][\/vc_column][\/vc_row][vc_row][vc_column][vc_column_text] Kuratorin f\u00fcr: fachdidaktische Einbettung von Podcasts im allgemeinbildenden Schulwesen[\/vc_column_text][\/vc_column][\/vc_row][vc_row][vc_column][vc_column_text] Dr. Tina Fletemeyer ist seit 2015 wissenschaftliche Mitarbeiterin am Institut f\u00fcr \u00d6konomische Bildung an der Universit\u00e4t Oldenburg. Im Jahr 2020 [...]","og_url":"https:\/\/studium-und-dann.com\/?page_id=16611","og_site_name":"STUDIUM &amp; DANN?","og_image":[{"width":1660,"height":790,"url":"https:\/\/studium-und-dann.com\/wp-content\/uploads\/2025\/12\/6.jpg","type":"image\/jpeg"}],"twitter_card":"summary_large_image","twitter_misc":{"Gesch\u00e4tzte Lesezeit":"2\u00a0Minuten"},"schema":{"@context":"https:\/\/schema.org","@graph":[{"@type":"WebPage","@id":"https:\/\/studium-und-dann.com\/?page_id=16611","url":"https:\/\/studium-und-dann.com\/?page_id=16611","name":"Dr. Tina Fletemeyer - STUDIUM &amp; DANN?","isPartOf":{"@id":"https:\/\/studium-und-dann.com\/#website"},"primaryImageOfPage":{"@id":"https:\/\/studium-und-dann.com\/?page_id=16611#primaryimage"},"image":{"@id":"https:\/\/studium-und-dann.com\/?page_id=16611#primaryimage"},"thumbnailUrl":"https:\/\/studium-und-dann.com\/wp-content\/uploads\/2025\/12\/6.jpg","datePublished":"2026-03-20T07:45:26+00:00","breadcrumb":{"@id":"https:\/\/studium-und-dann.com\/?page_id=16611#breadcrumb"},"inLanguage":"de","potentialAction":[{"@type":"ReadAction","target":["https:\/\/studium-und-dann.com\/?page_id=16611"]}]},{"@type":"ImageObject","inLanguage":"de","@id":"https:\/\/studium-und-dann.com\/?page_id=16611#primaryimage","url":"https:\/\/studium-und-dann.com\/wp-content\/uploads\/2025\/12\/6.jpg","contentUrl":"https:\/\/studium-und-dann.com\/wp-content\/uploads\/2025\/12\/6.jpg","width":1660,"height":790},{"@type":"BreadcrumbList","@id":"https:\/\/studium-und-dann.com\/?page_id=16611#breadcrumb","itemListElement":[{"@type":"ListItem","position":1,"name":"Start","item":"https:\/\/studium-und-dann.com\/"},{"@type":"ListItem","position":2,"name":"Dr. Tina Fletemeyer"}]},{"@type":"WebSite","@id":"https:\/\/studium-und-dann.com\/#website","url":"https:\/\/studium-und-dann.com\/","name":"STUDIUM &amp; DANN?","description":"Podcasts zur Berufsorientierung","potentialAction":[{"@type":"SearchAction","target":{"@type":"EntryPoint","urlTemplate":"https:\/\/studium-und-dann.com\/?s={search_term_string}"},"query-input":{"@type":"PropertyValueSpecification","valueRequired":true,"valueName":"search_term_string"}}],"inLanguage":"de"}]}},"_links":{"self":[{"href":"https:\/\/studium-und-dann.com\/index.php?rest_route=\/wp\/v2\/pages\/16611","targetHints":{"allow":["GET"]}}],"collection":[{"href":"https:\/\/studium-und-dann.com\/index.php?rest_route=\/wp\/v2\/pages"}],"about":[{"href":"https:\/\/studium-und-dann.com\/index.php?rest_route=\/wp\/v2\/types\/page"}],"author":[{"embeddable":true,"href":"https:\/\/studium-und-dann.com\/index.php?rest_route=\/wp\/v2\/users\/14"}],"replies":[{"embeddable":true,"href":"https:\/\/studium-und-dann.com\/index.php?rest_route=%2Fwp%2Fv2%2Fcomments&post=16611"}],"version-history":[{"count":5,"href":"https:\/\/studium-und-dann.com\/index.php?rest_route=\/wp\/v2\/pages\/16611\/revisions"}],"predecessor-version":[{"id":16622,"href":"https:\/\/studium-und-dann.com\/index.php?rest_route=\/wp\/v2\/pages\/16611\/revisions\/16622"}],"wp:featuredmedia":[{"embeddable":true,"href":"https:\/\/studium-und-dann.com\/index.php?rest_route=\/wp\/v2\/media\/7860"}],"wp:attachment":[{"href":"https:\/\/studium-und-dann.com\/index.php?rest_route=%2Fwp%2Fv2%2Fmedia&parent=16611"}],"curies":[{"name":"wp","href":"https:\/\/api.w.org\/{rel}","templated":true}]}}