{"id":229,"date":"2025-08-21T12:48:18","date_gmt":"2025-08-21T12:48:18","guid":{"rendered":"https:\/\/studium-und-dann.com\/?page_id=229"},"modified":"2026-03-20T16:12:16","modified_gmt":"2026-03-20T16:12:16","slug":"unser-mission","status":"publish","type":"page","link":"https:\/\/studium-und-dann.com\/?page_id=229","title":{"rendered":"Unsere Mission"},"content":{"rendered":"<p>[vc_row][vc_column][vc_column_text]<\/p>\r\n\r\n<h3 class=\"wp-block-heading\">Erfolgreich studieren und gl\u00fccklich im Traumjob!<\/h3>\r\n<p>\r\n\r\nDas Abitur geschafft \u2013 was dann? Viele junge Menschen stellen sich die Frage, wie es nach dem Abitur weitergehen soll. Studieren oder nicht? Die Studienanf\u00e4ngerquote liegt in Deutschland inzwischen bei \u00fcber 50 %, die Studienabbrecherquote jedoch bei knapp 30 %. Wie kommen diese Zahlen zustande?<br \/>Haben sich Studienanf\u00e4nger*innen vor der Studienwahl hinreichend mit dem Sinn und Ziel sowie der Berufsanschlussf\u00e4higkeit nach dem Studium besch\u00e4ftigt? \u00a0Die Welt der Studien- und Berufsm\u00f6glichkeiten ist mit \u00fcber 25.000 Studienangeboten riesig \u2013 und genau das wollen wir gemeinsam h\u00f6rbar machen. In diesem Podcast erz\u00e4hlen ehemalige Studierende ihre pers\u00f6nlichen Geschichten und helfen so die enorme Vielfalt an Studien- und anschlie\u00dfenden Berufseinstiegsm\u00f6glichkeiten sichtbar und h\u00f6rbar zu machen.<\/p>\r\n\r\n<p>[\/vc_column_text][vc_single_image image=&#8220;533&#8243; img_size=&#8220;large&#8220; alignment=&#8220;center&#8220;][\/vc_column][\/vc_row][vc_row][vc_column]\t\t\t<hr class=\"wpcast-spacer-xs\">\n\t\t[vc_column_text]<\/p>\r\n<p>H\u00f6rt f\u00fcr mehr Informationen unsere <a href=\"https:\/\/studium-und-dann.com\/?p=16675\">Pilotfolge<\/a>, in der wir mit Philip Dunkhase aus der Universit\u00e4tskommunikation der Leuphana Universit\u00e4t L\u00fcneburg sprechen. Gemeinsam reden wir \u00fcber die Idee hinter dem Podcast, kl\u00e4ren, was das das Projekt mit Philips Erfahrungen im Studierendenmarketing und der Studienberatung zu tun hat und werfen zudem einen Blick hinter die Kulissen unseres kleinen, aber feinen Podcaststudios.<\/p>\r\n<p>[\/vc_column_text][\/vc_column][\/vc_row]<\/p>","protected":false},"excerpt":{"rendered":"<p>[vc_row][vc_column][vc_column_text] Erfolgreich studieren und gl\u00fccklich im Traumjob! Das Abitur geschafft \u2013 was dann? Viele junge Menschen stellen sich die Frage, wie es nach dem Abitur weitergehen soll. Studieren oder nicht? Die Studienanf\u00e4ngerquote liegt in Deutschland inzwischen bei \u00fcber 50 %, die Studienabbrecherquote jedoch bei knapp 30 %. Wie kommen diese [&#8230;]<\/p>\n","protected":false},"author":1,"featured_media":463,"parent":0,"menu_order":0,"comment_status":"closed","ping_status":"closed","template":"","meta":{"footnotes":""},"class_list":["post-229","page","type-page","status-publish","has-post-thumbnail","hentry"],"yoast_head":"<!-- This site is optimized with the Yoast SEO plugin v27.4 - https:\/\/yoast.com\/product\/yoast-seo-wordpress\/ -->\n<title>Unsere Mission - STUDIUM &amp; DANN?<\/title>\n<meta name=\"robots\" content=\"index, follow, max-snippet:-1, max-image-preview:large, max-video-preview:-1\" \/>\n<link rel=\"canonical\" href=\"https:\/\/studium-und-dann.com\/?page_id=229\" \/>\n<meta property=\"og:locale\" content=\"de_DE\" \/>\n<meta property=\"og:type\" content=\"article\" \/>\n<meta property=\"og:title\" content=\"Unsere Mission - STUDIUM &amp; DANN?\" \/>\n<meta property=\"og:description\" content=\"[vc_row][vc_column][vc_column_text] Erfolgreich studieren und gl\u00fccklich im Traumjob! Das Abitur geschafft \u2013 was dann? Viele junge Menschen stellen sich die Frage, wie es nach dem Abitur weitergehen soll. Studieren oder nicht? Die Studienanf\u00e4ngerquote liegt in Deutschland inzwischen bei \u00fcber 50 %, die Studienabbrecherquote jedoch bei knapp 30 %. Wie kommen diese [...]\" \/>\n<meta property=\"og:url\" content=\"https:\/\/studium-und-dann.com\/?page_id=229\" \/>\n<meta property=\"og:site_name\" content=\"STUDIUM &amp; DANN?\" \/>\n<meta property=\"article:modified_time\" content=\"2026-03-20T16:12:16+00:00\" \/>\n<meta property=\"og:image\" content=\"https:\/\/studium-und-dann.com\/wp-content\/uploads\/2025\/09\/Landingpage-1-2.jpg\" \/>\n\t<meta property=\"og:image:width\" content=\"1800\" \/>\n\t<meta property=\"og:image:height\" content=\"600\" \/>\n\t<meta property=\"og:image:type\" content=\"image\/jpeg\" \/>\n<meta name=\"twitter:card\" content=\"summary_large_image\" \/>\n<meta name=\"twitter:label1\" content=\"Gesch\u00e4tzte Lesezeit\" \/>\n\t<meta name=\"twitter:data1\" content=\"2\u00a0Minuten\" \/>\n<script type=\"application\/ld+json\" class=\"yoast-schema-graph\">{\"@context\":\"https:\\\/\\\/schema.org\",\"@graph\":[{\"@type\":\"WebPage\",\"@id\":\"https:\\\/\\\/studium-und-dann.com\\\/?page_id=229\",\"url\":\"https:\\\/\\\/studium-und-dann.com\\\/?page_id=229\",\"name\":\"Unsere Mission - STUDIUM &amp; DANN?\",\"isPartOf\":{\"@id\":\"https:\\\/\\\/studium-und-dann.com\\\/#website\"},\"primaryImageOfPage\":{\"@id\":\"https:\\\/\\\/studium-und-dann.com\\\/?page_id=229#primaryimage\"},\"image\":{\"@id\":\"https:\\\/\\\/studium-und-dann.com\\\/?page_id=229#primaryimage\"},\"thumbnailUrl\":\"https:\\\/\\\/studium-und-dann.com\\\/wp-content\\\/uploads\\\/2025\\\/09\\\/Landingpage-1-2.jpg\",\"datePublished\":\"2025-08-21T12:48:18+00:00\",\"dateModified\":\"2026-03-20T16:12:16+00:00\",\"breadcrumb\":{\"@id\":\"https:\\\/\\\/studium-und-dann.com\\\/?page_id=229#breadcrumb\"},\"inLanguage\":\"de\",\"potentialAction\":[{\"@type\":\"ReadAction\",\"target\":[\"https:\\\/\\\/studium-und-dann.com\\\/?page_id=229\"]}]},{\"@type\":\"ImageObject\",\"inLanguage\":\"de\",\"@id\":\"https:\\\/\\\/studium-und-dann.com\\\/?page_id=229#primaryimage\",\"url\":\"https:\\\/\\\/studium-und-dann.com\\\/wp-content\\\/uploads\\\/2025\\\/09\\\/Landingpage-1-2.jpg\",\"contentUrl\":\"https:\\\/\\\/studium-und-dann.com\\\/wp-content\\\/uploads\\\/2025\\\/09\\\/Landingpage-1-2.jpg\",\"width\":1800,\"height\":600},{\"@type\":\"BreadcrumbList\",\"@id\":\"https:\\\/\\\/studium-und-dann.com\\\/?page_id=229#breadcrumb\",\"itemListElement\":[{\"@type\":\"ListItem\",\"position\":1,\"name\":\"Start\",\"item\":\"https:\\\/\\\/studium-und-dann.com\\\/\"},{\"@type\":\"ListItem\",\"position\":2,\"name\":\"Unsere Mission\"}]},{\"@type\":\"WebSite\",\"@id\":\"https:\\\/\\\/studium-und-dann.com\\\/#website\",\"url\":\"https:\\\/\\\/studium-und-dann.com\\\/\",\"name\":\"STUDIUM &amp; DANN?\",\"description\":\"Podcasts zur Berufsorientierung\",\"potentialAction\":[{\"@type\":\"SearchAction\",\"target\":{\"@type\":\"EntryPoint\",\"urlTemplate\":\"https:\\\/\\\/studium-und-dann.com\\\/?s={search_term_string}\"},\"query-input\":{\"@type\":\"PropertyValueSpecification\",\"valueRequired\":true,\"valueName\":\"search_term_string\"}}],\"inLanguage\":\"de\"}]}<\/script>\n<!-- \/ Yoast SEO plugin. -->","yoast_head_json":{"title":"Unsere Mission - STUDIUM &amp; DANN?","robots":{"index":"index","follow":"follow","max-snippet":"max-snippet:-1","max-image-preview":"max-image-preview:large","max-video-preview":"max-video-preview:-1"},"canonical":"https:\/\/studium-und-dann.com\/?page_id=229","og_locale":"de_DE","og_type":"article","og_title":"Unsere Mission - STUDIUM &amp; DANN?","og_description":"[vc_row][vc_column][vc_column_text] Erfolgreich studieren und gl\u00fccklich im Traumjob! Das Abitur geschafft \u2013 was dann? Viele junge Menschen stellen sich die Frage, wie es nach dem Abitur weitergehen soll. Studieren oder nicht? Die Studienanf\u00e4ngerquote liegt in Deutschland inzwischen bei \u00fcber 50 %, die Studienabbrecherquote jedoch bei knapp 30 %. Wie kommen diese [...]","og_url":"https:\/\/studium-und-dann.com\/?page_id=229","og_site_name":"STUDIUM &amp; DANN?","article_modified_time":"2026-03-20T16:12:16+00:00","og_image":[{"width":1800,"height":600,"url":"https:\/\/studium-und-dann.com\/wp-content\/uploads\/2025\/09\/Landingpage-1-2.jpg","type":"image\/jpeg"}],"twitter_card":"summary_large_image","twitter_misc":{"Gesch\u00e4tzte Lesezeit":"2\u00a0Minuten"},"schema":{"@context":"https:\/\/schema.org","@graph":[{"@type":"WebPage","@id":"https:\/\/studium-und-dann.com\/?page_id=229","url":"https:\/\/studium-und-dann.com\/?page_id=229","name":"Unsere Mission - STUDIUM &amp; DANN?","isPartOf":{"@id":"https:\/\/studium-und-dann.com\/#website"},"primaryImageOfPage":{"@id":"https:\/\/studium-und-dann.com\/?page_id=229#primaryimage"},"image":{"@id":"https:\/\/studium-und-dann.com\/?page_id=229#primaryimage"},"thumbnailUrl":"https:\/\/studium-und-dann.com\/wp-content\/uploads\/2025\/09\/Landingpage-1-2.jpg","datePublished":"2025-08-21T12:48:18+00:00","dateModified":"2026-03-20T16:12:16+00:00","breadcrumb":{"@id":"https:\/\/studium-und-dann.com\/?page_id=229#breadcrumb"},"inLanguage":"de","potentialAction":[{"@type":"ReadAction","target":["https:\/\/studium-und-dann.com\/?page_id=229"]}]},{"@type":"ImageObject","inLanguage":"de","@id":"https:\/\/studium-und-dann.com\/?page_id=229#primaryimage","url":"https:\/\/studium-und-dann.com\/wp-content\/uploads\/2025\/09\/Landingpage-1-2.jpg","contentUrl":"https:\/\/studium-und-dann.com\/wp-content\/uploads\/2025\/09\/Landingpage-1-2.jpg","width":1800,"height":600},{"@type":"BreadcrumbList","@id":"https:\/\/studium-und-dann.com\/?page_id=229#breadcrumb","itemListElement":[{"@type":"ListItem","position":1,"name":"Start","item":"https:\/\/studium-und-dann.com\/"},{"@type":"ListItem","position":2,"name":"Unsere Mission"}]},{"@type":"WebSite","@id":"https:\/\/studium-und-dann.com\/#website","url":"https:\/\/studium-und-dann.com\/","name":"STUDIUM &amp; DANN?","description":"Podcasts zur Berufsorientierung","potentialAction":[{"@type":"SearchAction","target":{"@type":"EntryPoint","urlTemplate":"https:\/\/studium-und-dann.com\/?s={search_term_string}"},"query-input":{"@type":"PropertyValueSpecification","valueRequired":true,"valueName":"search_term_string"}}],"inLanguage":"de"}]}},"_links":{"self":[{"href":"https:\/\/studium-und-dann.com\/index.php?rest_route=\/wp\/v2\/pages\/229","targetHints":{"allow":["GET"]}}],"collection":[{"href":"https:\/\/studium-und-dann.com\/index.php?rest_route=\/wp\/v2\/pages"}],"about":[{"href":"https:\/\/studium-und-dann.com\/index.php?rest_route=\/wp\/v2\/types\/page"}],"author":[{"embeddable":true,"href":"https:\/\/studium-und-dann.com\/index.php?rest_route=\/wp\/v2\/users\/1"}],"replies":[{"embeddable":true,"href":"https:\/\/studium-und-dann.com\/index.php?rest_route=%2Fwp%2Fv2%2Fcomments&post=229"}],"version-history":[{"count":30,"href":"https:\/\/studium-und-dann.com\/index.php?rest_route=\/wp\/v2\/pages\/229\/revisions"}],"predecessor-version":[{"id":384,"href":"https:\/\/studium-und-dann.com\/index.php?rest_route=\/wp\/v2\/pages\/229\/revisions\/384"}],"wp:featuredmedia":[{"embeddable":true,"href":"https:\/\/studium-und-dann.com\/index.php?rest_route=\/wp\/v2\/media\/463"}],"wp:attachment":[{"href":"https:\/\/studium-und-dann.com\/index.php?rest_route=%2Fwp%2Fv2%2Fmedia&parent=229"}],"curies":[{"name":"wp","href":"https:\/\/api.w.org\/{rel}","templated":true}]}}