{"id":239,"date":"2025-08-21T14:54:01","date_gmt":"2025-08-21T14:54:01","guid":{"rendered":"https:\/\/studium-und-dann.com\/?page_id=239"},"modified":"2025-09-24T12:04:09","modified_gmt":"2025-09-24T12:04:09","slug":"bildungspolitisches-anliegen","status":"publish","type":"page","link":"https:\/\/studium-und-dann.com\/?page_id=239","title":{"rendered":"Bildungspolitisches Anliegen"},"content":{"rendered":"<p>[vc_row][vc_column][vc_column_text el_class=&#8220;blockquote::before {color: #228597 !important; }&#8220;]<\/p>\r\n<h2 class=\"wp-block-heading\">Politischer Hintergrund von &#8222;Studium und dann&#8220;<\/h2>\r\n\r\n<p>Vor rund 20 Jahren wurde die <em>Bologna-Erkl\u00e4rung<\/em> von 30 europ\u00e4ischen Staaten unterzeichnet. Eines der Kernziele war es, die <strong>Besch\u00e4ftigungsf\u00e4higkeit von Hochschulabsolvent:innen<\/strong> zu steigern. Angesichts einer zunehmend komplexen und dynamischen Arbeitswelt \u00fcberrascht es nicht, dass der reibungslose \u00dcbergang von der Hochschule in den Arbeitsmarkt eine immer gr\u00f6\u00dfere Rolle spielt. Genau an dieser Stelle setzt der Podcast <em>\u201eStudium und dann?\u201c<\/em> an: Er m\u00f6chte die bestehende L\u00fccke zwischen Studium und Berufseinstieg schlie\u00dfen.<\/p>\r\n\r\n\r\n\r\n<h3 class=\"wp-block-heading\">Bologna und Besch\u00e4ftigungsf\u00e4higkeit<\/h3>\r\n\r\n<p>Die Bologna-Reform verfolgte mehrere Ziele: die Vereinheitlichung und Vergleichbarkeit der Studieng\u00e4nge in Europa, die Verk\u00fcrzung von Studienzeiten, die Sicherstellung des Studienerfolgs und vor allem die Verbesserung der Arbeitsmarktf\u00e4higkeit von Absolvent:innen.<\/p>\r\n\r\n<p>Die von den Hochschulen angestrebte Arbeitsmarktbef\u00e4higung der Absolvent:innen und das politische Ziel, 40 % eines Jahrganges an deutschen Hochschulen ausbilden zu lassen, nimmt die Hochschulen noch st\u00e4rker als bisher in eine Mitverantwortung f\u00fcr den erfolgreiche Berufseinstieg ihrer Absolvent:innen.<\/p>\r\n\r\n\r\n\r\n<h3 class=\"wp-block-heading\">Empfehlung der Hochschulrektorenkonferenz<\/h3>\r\n\r\n<p>Die Hochschulrektorenkonferenz empfahl bereits 2011 die Einrichtung von sogenannten <strong>Career Services<\/strong> an Hochschulen. Diese sollen Studierende beim \u00dcbergang in die Berufswelt unterst\u00fctzen und gleichzeitig als Schnittstelle zu Unternehmen dienen.<\/p>\r\n\r\n\r\n\r\n<blockquote class=\"wp-block-quote is-layout-flow wp-block-quote-is-layout-flow\">\r\n<p><strong>\u201eZiel ist es, eine <em>win-win-win-Situation<\/em> f\u00fcr Studierende, Arbeitgeber und Hochschulen zu schaffen.\u201c<\/strong><\/p>\r\n<\/blockquote>\r\n\r\n<p><br \/>Vor dem Hintergrund des mit der Bologna-Reform verbundenen Ausbildungsziels &#8222;Berufsf\u00e4higkeit&#8220; wird sich der erfolgreiche Berufseinstieg von Absolvent:innen auf dem Arbeitsmarkt zu einem wesentlichen Beurteilungsfaktor f\u00fcr die Qualit\u00e4tsbewertung von Hochschulen entwickeln.<\/p>\r\n\r\n<p>Beim \u00dcbergang in den Beruf sollen die Hochschulen konkrete Hilfe bieten, und zwar als eine Kontaktstelle zwischen Hochschulen und Unternehmen, zwischen Absolvent:innen und Arbeitgeber:innen auf Augenh\u00f6he. Sie stellen sicher, dass es Plattformen und digitale Formate f\u00fcr die Begegnung und den Austausch gibt, beispielsweise in Form von Schwarzen Brettern (virtuell oder real), Praktikums- und Stellenb\u00f6rsen, Career Books mit Portr\u00e4ts der Absolvent:innen, aber auch Kontakt-Veranstaltungen mit Unternehmen wie Firmenkontaktmessen, Pr\u00e4sentationen, Workshops, Interviews, Kamingespr\u00e4chen, etc.<\/p>\r\n\r\n<p>Das Angebot des Career Service ist ein Serviceangebot der Hochschulen f\u00fcr ihre Studierenden. Es sollte in dieser Weise und mit hoher Priorit\u00e4t innerhalb der Hochschule kommuniziert werden. Ein umfassendes, leicht zug\u00e4ngliches Informationsangebot im Internet, in Brosch\u00fcren, Plakaten und Flyern ist die Voraussetzung daf\u00fcr, dass das Angebot des Career Service von Studierenden wahr- und angenommen wird.<\/p>\r\n\r\n<p>An dieser Stelle gibt es zugleich Abgrenzungsbedarf, denn der Career Service soll in erster Linie die Interessen der Studierenden im Blick haben. Aus Sicht der HRK ist es eindeutig, dass Career Services ein Instrument zur Steigerung der Ausbildungsqualit\u00e4t und ein Serviceangebot an die Studierenden sind. Der Auftrag aus dem HRG und den Landeshochschulgesetzen, arbeitsmarktbef\u00e4higend auszubilden, ist das gesetzliche Ziel. Die Hochschulen sollten daher die Interessen externer Partner unter dieser Pr\u00e4misse aufgreifen, um eine win-win-win-Situation f\u00fcr Hochschule, Studierende und Arbeitgeber:innen zu erreichen<\/p>\r\n\r\n<p>Die Reputation der Hochschule wird sich in Zukunft verst\u00e4rkt auch aus dem Berufserfolg ihrer Absolvent:innen speisen. Der erfolgreiche Berufseinstieg der Absolvent:innen f\u00fchrt nicht nur zu h\u00f6heren Bewerberzahlen im Wettbewerb um die besten Studierenden, er ist auch Grundlage f\u00fcr eine gute Beziehung der ehemaligen Studierenden zu ihrer Hochschule.<\/p>\r\n\r\n\r\n\r\n<h3 class=\"wp-block-heading\">Berufliche Orientierung als Querschnittsauftrag<\/h3>\r\n\r\n<p>Auch die schulische Bildung greift dieses Thema auf. Laut Kultusministerkonferenz ist es Aufgabe der Schulen, junge Menschen auf ein selbstbestimmtes Leben in einer sich wandelnden Gesellschaft vorzubereiten. Dazu geh\u00f6rt ausdr\u00fccklich auch die Bef\u00e4higung zur aktiven Teilhabe am beruflichen und wirtschaftlichen Leben. Berufliche Orientierung ist dabei kein isoliertes Fach, sondern ein <strong>f\u00e4cher\u00fcbergreifender Bildungsauftrag<\/strong>, an dem alle Lehrkr\u00e4fte mitwirken.<\/p>\r\n\r\n<p>So wird deutlich: Von der Schule \u00fcber die Hochschule bis hin zum Berufseinstieg ist die <strong>Unterst\u00fctzung bei der Orientierung und Arbeitsmarktbef\u00e4higung<\/strong> heute ein zentrales politisches und bildungspolitisches Anliegen.<\/p>\r\n\r\n<p>&nbsp;<\/p>\r\n<p>[\/vc_column_text][\/vc_column][\/vc_row]<\/p>","protected":false},"excerpt":{"rendered":"<p>[vc_row][vc_column][vc_column_text el_class=&#8220;blockquote::before {color: #228597 !important; }&#8220;] Politischer Hintergrund von &#8222;Studium und dann&#8220; Vor rund 20 Jahren wurde die Bologna-Erkl\u00e4rung von 30 europ\u00e4ischen Staaten unterzeichnet. Eines der Kernziele war es, die Besch\u00e4ftigungsf\u00e4higkeit von Hochschulabsolvent:innen zu steigern. Angesichts einer zunehmend komplexen und dynamischen Arbeitswelt \u00fcberrascht es nicht, dass der reibungslose \u00dcbergang von [&#8230;]<\/p>\n","protected":false},"author":1,"featured_media":500,"parent":0,"menu_order":0,"comment_status":"closed","ping_status":"closed","template":"","meta":{"footnotes":""},"class_list":["post-239","page","type-page","status-publish","has-post-thumbnail","hentry"],"yoast_head":"<!-- This site is optimized with the Yoast SEO plugin v27.4 - https:\/\/yoast.com\/product\/yoast-seo-wordpress\/ -->\n<title>Bildungspolitisches Anliegen - STUDIUM &amp; DANN?<\/title>\n<meta name=\"robots\" content=\"index, follow, max-snippet:-1, max-image-preview:large, max-video-preview:-1\" \/>\n<link rel=\"canonical\" href=\"https:\/\/studium-und-dann.com\/?page_id=239\" \/>\n<meta property=\"og:locale\" content=\"de_DE\" \/>\n<meta property=\"og:type\" content=\"article\" \/>\n<meta property=\"og:title\" content=\"Bildungspolitisches Anliegen - STUDIUM &amp; DANN?\" \/>\n<meta property=\"og:description\" content=\"[vc_row][vc_column][vc_column_text el_class=&#8220;blockquote::before {color: #228597 !important; }&#8220;] Politischer Hintergrund von &#8222;Studium und dann&#8220; Vor rund 20 Jahren wurde die Bologna-Erkl\u00e4rung von 30 europ\u00e4ischen Staaten unterzeichnet. Eines der Kernziele war es, die Besch\u00e4ftigungsf\u00e4higkeit von Hochschulabsolvent:innen zu steigern. Angesichts einer zunehmend komplexen und dynamischen Arbeitswelt \u00fcberrascht es nicht, dass der reibungslose \u00dcbergang von [...]\" \/>\n<meta property=\"og:url\" content=\"https:\/\/studium-und-dann.com\/?page_id=239\" \/>\n<meta property=\"og:site_name\" content=\"STUDIUM &amp; DANN?\" \/>\n<meta property=\"article:modified_time\" content=\"2025-09-24T12:04:09+00:00\" \/>\n<meta property=\"og:image\" content=\"https:\/\/studium-und-dann.com\/wp-content\/uploads\/2025\/09\/politisch.jpg\" \/>\n\t<meta property=\"og:image:width\" content=\"1800\" \/>\n\t<meta property=\"og:image:height\" content=\"600\" \/>\n\t<meta property=\"og:image:type\" content=\"image\/jpeg\" \/>\n<meta name=\"twitter:card\" content=\"summary_large_image\" \/>\n<meta name=\"twitter:label1\" content=\"Gesch\u00e4tzte Lesezeit\" \/>\n\t<meta name=\"twitter:data1\" content=\"3\u00a0Minuten\" \/>\n<script type=\"application\/ld+json\" class=\"yoast-schema-graph\">{\"@context\":\"https:\\\/\\\/schema.org\",\"@graph\":[{\"@type\":\"WebPage\",\"@id\":\"https:\\\/\\\/studium-und-dann.com\\\/?page_id=239\",\"url\":\"https:\\\/\\\/studium-und-dann.com\\\/?page_id=239\",\"name\":\"Bildungspolitisches Anliegen - STUDIUM &amp; DANN?\",\"isPartOf\":{\"@id\":\"https:\\\/\\\/studium-und-dann.com\\\/#website\"},\"primaryImageOfPage\":{\"@id\":\"https:\\\/\\\/studium-und-dann.com\\\/?page_id=239#primaryimage\"},\"image\":{\"@id\":\"https:\\\/\\\/studium-und-dann.com\\\/?page_id=239#primaryimage\"},\"thumbnailUrl\":\"https:\\\/\\\/studium-und-dann.com\\\/wp-content\\\/uploads\\\/2025\\\/09\\\/politisch.jpg\",\"datePublished\":\"2025-08-21T14:54:01+00:00\",\"dateModified\":\"2025-09-24T12:04:09+00:00\",\"breadcrumb\":{\"@id\":\"https:\\\/\\\/studium-und-dann.com\\\/?page_id=239#breadcrumb\"},\"inLanguage\":\"de\",\"potentialAction\":[{\"@type\":\"ReadAction\",\"target\":[\"https:\\\/\\\/studium-und-dann.com\\\/?page_id=239\"]}]},{\"@type\":\"ImageObject\",\"inLanguage\":\"de\",\"@id\":\"https:\\\/\\\/studium-und-dann.com\\\/?page_id=239#primaryimage\",\"url\":\"https:\\\/\\\/studium-und-dann.com\\\/wp-content\\\/uploads\\\/2025\\\/09\\\/politisch.jpg\",\"contentUrl\":\"https:\\\/\\\/studium-und-dann.com\\\/wp-content\\\/uploads\\\/2025\\\/09\\\/politisch.jpg\",\"width\":1800,\"height\":600},{\"@type\":\"BreadcrumbList\",\"@id\":\"https:\\\/\\\/studium-und-dann.com\\\/?page_id=239#breadcrumb\",\"itemListElement\":[{\"@type\":\"ListItem\",\"position\":1,\"name\":\"Start\",\"item\":\"https:\\\/\\\/studium-und-dann.com\\\/\"},{\"@type\":\"ListItem\",\"position\":2,\"name\":\"Bildungspolitisches Anliegen\"}]},{\"@type\":\"WebSite\",\"@id\":\"https:\\\/\\\/studium-und-dann.com\\\/#website\",\"url\":\"https:\\\/\\\/studium-und-dann.com\\\/\",\"name\":\"STUDIUM &amp; DANN?\",\"description\":\"Podcasts zur Berufsorientierung\",\"potentialAction\":[{\"@type\":\"SearchAction\",\"target\":{\"@type\":\"EntryPoint\",\"urlTemplate\":\"https:\\\/\\\/studium-und-dann.com\\\/?s={search_term_string}\"},\"query-input\":{\"@type\":\"PropertyValueSpecification\",\"valueRequired\":true,\"valueName\":\"search_term_string\"}}],\"inLanguage\":\"de\"}]}<\/script>\n<!-- \/ Yoast SEO plugin. -->","yoast_head_json":{"title":"Bildungspolitisches Anliegen - STUDIUM &amp; DANN?","robots":{"index":"index","follow":"follow","max-snippet":"max-snippet:-1","max-image-preview":"max-image-preview:large","max-video-preview":"max-video-preview:-1"},"canonical":"https:\/\/studium-und-dann.com\/?page_id=239","og_locale":"de_DE","og_type":"article","og_title":"Bildungspolitisches Anliegen - STUDIUM &amp; DANN?","og_description":"[vc_row][vc_column][vc_column_text el_class=&#8220;blockquote::before {color: #228597 !important; }&#8220;] Politischer Hintergrund von &#8222;Studium und dann&#8220; Vor rund 20 Jahren wurde die Bologna-Erkl\u00e4rung von 30 europ\u00e4ischen Staaten unterzeichnet. Eines der Kernziele war es, die Besch\u00e4ftigungsf\u00e4higkeit von Hochschulabsolvent:innen zu steigern. Angesichts einer zunehmend komplexen und dynamischen Arbeitswelt \u00fcberrascht es nicht, dass der reibungslose \u00dcbergang von [...]","og_url":"https:\/\/studium-und-dann.com\/?page_id=239","og_site_name":"STUDIUM &amp; DANN?","article_modified_time":"2025-09-24T12:04:09+00:00","og_image":[{"width":1800,"height":600,"url":"https:\/\/studium-und-dann.com\/wp-content\/uploads\/2025\/09\/politisch.jpg","type":"image\/jpeg"}],"twitter_card":"summary_large_image","twitter_misc":{"Gesch\u00e4tzte Lesezeit":"3\u00a0Minuten"},"schema":{"@context":"https:\/\/schema.org","@graph":[{"@type":"WebPage","@id":"https:\/\/studium-und-dann.com\/?page_id=239","url":"https:\/\/studium-und-dann.com\/?page_id=239","name":"Bildungspolitisches Anliegen - STUDIUM &amp; DANN?","isPartOf":{"@id":"https:\/\/studium-und-dann.com\/#website"},"primaryImageOfPage":{"@id":"https:\/\/studium-und-dann.com\/?page_id=239#primaryimage"},"image":{"@id":"https:\/\/studium-und-dann.com\/?page_id=239#primaryimage"},"thumbnailUrl":"https:\/\/studium-und-dann.com\/wp-content\/uploads\/2025\/09\/politisch.jpg","datePublished":"2025-08-21T14:54:01+00:00","dateModified":"2025-09-24T12:04:09+00:00","breadcrumb":{"@id":"https:\/\/studium-und-dann.com\/?page_id=239#breadcrumb"},"inLanguage":"de","potentialAction":[{"@type":"ReadAction","target":["https:\/\/studium-und-dann.com\/?page_id=239"]}]},{"@type":"ImageObject","inLanguage":"de","@id":"https:\/\/studium-und-dann.com\/?page_id=239#primaryimage","url":"https:\/\/studium-und-dann.com\/wp-content\/uploads\/2025\/09\/politisch.jpg","contentUrl":"https:\/\/studium-und-dann.com\/wp-content\/uploads\/2025\/09\/politisch.jpg","width":1800,"height":600},{"@type":"BreadcrumbList","@id":"https:\/\/studium-und-dann.com\/?page_id=239#breadcrumb","itemListElement":[{"@type":"ListItem","position":1,"name":"Start","item":"https:\/\/studium-und-dann.com\/"},{"@type":"ListItem","position":2,"name":"Bildungspolitisches Anliegen"}]},{"@type":"WebSite","@id":"https:\/\/studium-und-dann.com\/#website","url":"https:\/\/studium-und-dann.com\/","name":"STUDIUM &amp; DANN?","description":"Podcasts zur Berufsorientierung","potentialAction":[{"@type":"SearchAction","target":{"@type":"EntryPoint","urlTemplate":"https:\/\/studium-und-dann.com\/?s={search_term_string}"},"query-input":{"@type":"PropertyValueSpecification","valueRequired":true,"valueName":"search_term_string"}}],"inLanguage":"de"}]}},"_links":{"self":[{"href":"https:\/\/studium-und-dann.com\/index.php?rest_route=\/wp\/v2\/pages\/239","targetHints":{"allow":["GET"]}}],"collection":[{"href":"https:\/\/studium-und-dann.com\/index.php?rest_route=\/wp\/v2\/pages"}],"about":[{"href":"https:\/\/studium-und-dann.com\/index.php?rest_route=\/wp\/v2\/types\/page"}],"author":[{"embeddable":true,"href":"https:\/\/studium-und-dann.com\/index.php?rest_route=\/wp\/v2\/users\/1"}],"replies":[{"embeddable":true,"href":"https:\/\/studium-und-dann.com\/index.php?rest_route=%2Fwp%2Fv2%2Fcomments&post=239"}],"version-history":[{"count":4,"href":"https:\/\/studium-und-dann.com\/index.php?rest_route=\/wp\/v2\/pages\/239\/revisions"}],"predecessor-version":[{"id":499,"href":"https:\/\/studium-und-dann.com\/index.php?rest_route=\/wp\/v2\/pages\/239\/revisions\/499"}],"wp:featuredmedia":[{"embeddable":true,"href":"https:\/\/studium-und-dann.com\/index.php?rest_route=\/wp\/v2\/media\/500"}],"wp:attachment":[{"href":"https:\/\/studium-und-dann.com\/index.php?rest_route=%2Fwp%2Fv2%2Fmedia&parent=239"}],"curies":[{"name":"wp","href":"https:\/\/api.w.org\/{rel}","templated":true}]}}