{"id":26850,"date":"2026-04-22T15:26:50","date_gmt":"2026-04-22T15:26:50","guid":{"rendered":"https:\/\/studium-und-dann.com\/?page_id=26850"},"modified":"2026-04-22T15:30:21","modified_gmt":"2026-04-22T15:30:21","slug":"redaktionelle-einbindungen","status":"publish","type":"page","link":"https:\/\/studium-und-dann.com\/?page_id=26850","title":{"rendered":"Redaktionelle Einbindungen"},"content":{"rendered":"<p>[vc_row][vc_column][vc_single_image image=&#8220;26852&#8243; img_size=&#8220;medium&#8220; alignment=&#8220;center&#8220;][\/vc_column][\/vc_row][vc_row][vc_column][vc_column_text]<\/p>\n<h1><a href=\"https:\/\/www.uniturm.de\"><strong><span style=\"color: #228597;\">Uniturm.de<\/span><\/strong><\/a><\/h1>\n<p style=\"font-weight: 400;\">Seit seiner Gr\u00fcndung im Jahr 2004 als lokales Leipziger Studentenprojekt hat sich Uniturm.de zum gr\u00f6\u00dften Wissensnetzwerk f\u00fcr Studierende im deutschsprachigen Raum entwickelt. Hier finden Studierende zehntausende Zusammenfassungen, \u00dcbungen und Klausuren zum kostenlosen Download, die von anderen Student:innen dort bereitgestellt werden k\u00f6nnen.<\/p>\n<p style=\"font-weight: 400;\">Neben dem Wissensaustausch bietet Uniturm.de hilfreiche Tipps zu Studienorganisation, Finanzen und Karriere. Das Angebot umfasst au\u00dferdem eine Stellenb\u00f6rse, Lernsoftware, einen kostenlosen Studienwahltest und NC-Rechner. Wer neue Lernformate entdecken m\u00f6chte, wird im Uniturm-Magazin f\u00fcndig: Ein Artikel beleuchtet, wie Studierende vom aktuellen Podcast-Hype profitieren k\u00f6nnen. Hier wird auch unser Podcast <em>\u201eStudium und dann?&#8220; <\/em>vorgestellt, der speziell bei der Berufsorientierung vor, w\u00e4hrend und nach dem Studium helfen soll.<\/p>\n<p style=\"font-weight: 400;\"><span style=\"color: #228597;\">Hier geht es zum Artikel: <a style=\"color: #228597;\" href=\"https:\/\/www.uniturm.de\/magazin\/lerntipps\/der-podcast-hype--wie-koennen-studierende-profitieren-2044\">Der Podcast-Hype \u2013 wie k\u00f6nnen Studierende profitieren?<\/a><\/span><\/p>\n<p>[\/vc_column_text][\/vc_column][\/vc_row]<\/p>\n","protected":false},"excerpt":{"rendered":"<p>[vc_row][vc_column][vc_single_image image=&#8220;26852&#8243; img_size=&#8220;medium&#8220; alignment=&#8220;center&#8220;][\/vc_column][\/vc_row][vc_row][vc_column][vc_column_text] Uniturm.de Seit seiner Gr\u00fcndung im Jahr 2004 als lokales Leipziger Studentenprojekt hat sich Uniturm.de zum gr\u00f6\u00dften Wissensnetzwerk f\u00fcr Studierende im deutschsprachigen Raum entwickelt. Hier finden Studierende zehntausende Zusammenfassungen, \u00dcbungen und Klausuren zum kostenlosen Download, die von anderen Student:innen dort bereitgestellt werden k\u00f6nnen. Neben dem Wissensaustausch bietet [&#8230;]<\/p>\n","protected":false},"author":14,"featured_media":539,"parent":0,"menu_order":0,"comment_status":"closed","ping_status":"closed","template":"","meta":{"footnotes":""},"class_list":["post-26850","page","type-page","status-publish","has-post-thumbnail","hentry"],"yoast_head":"<!-- This site is optimized with the Yoast SEO plugin v27.4 - https:\/\/yoast.com\/product\/yoast-seo-wordpress\/ -->\n<title>Redaktionelle Einbindungen - STUDIUM &amp; DANN?<\/title>\n<meta name=\"robots\" content=\"index, follow, max-snippet:-1, max-image-preview:large, max-video-preview:-1\" \/>\n<link rel=\"canonical\" href=\"https:\/\/studium-und-dann.com\/?page_id=26850\" \/>\n<meta property=\"og:locale\" content=\"de_DE\" \/>\n<meta property=\"og:type\" content=\"article\" \/>\n<meta property=\"og:title\" content=\"Redaktionelle Einbindungen - STUDIUM &amp; DANN?\" \/>\n<meta property=\"og:description\" content=\"[vc_row][vc_column][vc_single_image image=&#8220;26852&#8243; img_size=&#8220;medium&#8220; alignment=&#8220;center&#8220;][\/vc_column][\/vc_row][vc_row][vc_column][vc_column_text] Uniturm.de Seit seiner Gr\u00fcndung im Jahr 2004 als lokales Leipziger Studentenprojekt hat sich Uniturm.de zum gr\u00f6\u00dften Wissensnetzwerk f\u00fcr Studierende im deutschsprachigen Raum entwickelt. Hier finden Studierende zehntausende Zusammenfassungen, \u00dcbungen und Klausuren zum kostenlosen Download, die von anderen Student:innen dort bereitgestellt werden k\u00f6nnen. Neben dem Wissensaustausch bietet [...]\" \/>\n<meta property=\"og:url\" content=\"https:\/\/studium-und-dann.com\/?page_id=26850\" \/>\n<meta property=\"og:site_name\" content=\"STUDIUM &amp; DANN?\" \/>\n<meta property=\"article:modified_time\" content=\"2026-04-22T15:30:21+00:00\" \/>\n<meta property=\"og:image\" content=\"https:\/\/studium-und-dann.com\/wp-content\/uploads\/2025\/09\/stellenboersen-1.jpg\" \/>\n\t<meta property=\"og:image:width\" content=\"1800\" \/>\n\t<meta property=\"og:image:height\" content=\"600\" \/>\n\t<meta property=\"og:image:type\" content=\"image\/jpeg\" \/>\n<meta name=\"twitter:card\" content=\"summary_large_image\" \/>\n<meta name=\"twitter:label1\" content=\"Gesch\u00e4tzte Lesezeit\" \/>\n\t<meta name=\"twitter:data1\" content=\"1\u00a0Minute\" \/>\n<script type=\"application\/ld+json\" class=\"yoast-schema-graph\">{\"@context\":\"https:\\\/\\\/schema.org\",\"@graph\":[{\"@type\":\"WebPage\",\"@id\":\"https:\\\/\\\/studium-und-dann.com\\\/?page_id=26850\",\"url\":\"https:\\\/\\\/studium-und-dann.com\\\/?page_id=26850\",\"name\":\"Redaktionelle Einbindungen - STUDIUM &amp; DANN?\",\"isPartOf\":{\"@id\":\"https:\\\/\\\/studium-und-dann.com\\\/#website\"},\"primaryImageOfPage\":{\"@id\":\"https:\\\/\\\/studium-und-dann.com\\\/?page_id=26850#primaryimage\"},\"image\":{\"@id\":\"https:\\\/\\\/studium-und-dann.com\\\/?page_id=26850#primaryimage\"},\"thumbnailUrl\":\"https:\\\/\\\/studium-und-dann.com\\\/wp-content\\\/uploads\\\/2025\\\/09\\\/stellenboersen-1.jpg\",\"datePublished\":\"2026-04-22T15:26:50+00:00\",\"dateModified\":\"2026-04-22T15:30:21+00:00\",\"breadcrumb\":{\"@id\":\"https:\\\/\\\/studium-und-dann.com\\\/?page_id=26850#breadcrumb\"},\"inLanguage\":\"de\",\"potentialAction\":[{\"@type\":\"ReadAction\",\"target\":[\"https:\\\/\\\/studium-und-dann.com\\\/?page_id=26850\"]}]},{\"@type\":\"ImageObject\",\"inLanguage\":\"de\",\"@id\":\"https:\\\/\\\/studium-und-dann.com\\\/?page_id=26850#primaryimage\",\"url\":\"https:\\\/\\\/studium-und-dann.com\\\/wp-content\\\/uploads\\\/2025\\\/09\\\/stellenboersen-1.jpg\",\"contentUrl\":\"https:\\\/\\\/studium-und-dann.com\\\/wp-content\\\/uploads\\\/2025\\\/09\\\/stellenboersen-1.jpg\",\"width\":1800,\"height\":600},{\"@type\":\"BreadcrumbList\",\"@id\":\"https:\\\/\\\/studium-und-dann.com\\\/?page_id=26850#breadcrumb\",\"itemListElement\":[{\"@type\":\"ListItem\",\"position\":1,\"name\":\"Start\",\"item\":\"https:\\\/\\\/studium-und-dann.com\\\/\"},{\"@type\":\"ListItem\",\"position\":2,\"name\":\"Redaktionelle Einbindungen\"}]},{\"@type\":\"WebSite\",\"@id\":\"https:\\\/\\\/studium-und-dann.com\\\/#website\",\"url\":\"https:\\\/\\\/studium-und-dann.com\\\/\",\"name\":\"STUDIUM &amp; DANN?\",\"description\":\"Podcasts zur Berufsorientierung\",\"potentialAction\":[{\"@type\":\"SearchAction\",\"target\":{\"@type\":\"EntryPoint\",\"urlTemplate\":\"https:\\\/\\\/studium-und-dann.com\\\/?s={search_term_string}\"},\"query-input\":{\"@type\":\"PropertyValueSpecification\",\"valueRequired\":true,\"valueName\":\"search_term_string\"}}],\"inLanguage\":\"de\"}]}<\/script>\n<!-- \/ Yoast SEO plugin. -->","yoast_head_json":{"title":"Redaktionelle Einbindungen - STUDIUM &amp; DANN?","robots":{"index":"index","follow":"follow","max-snippet":"max-snippet:-1","max-image-preview":"max-image-preview:large","max-video-preview":"max-video-preview:-1"},"canonical":"https:\/\/studium-und-dann.com\/?page_id=26850","og_locale":"de_DE","og_type":"article","og_title":"Redaktionelle Einbindungen - STUDIUM &amp; DANN?","og_description":"[vc_row][vc_column][vc_single_image image=&#8220;26852&#8243; img_size=&#8220;medium&#8220; alignment=&#8220;center&#8220;][\/vc_column][\/vc_row][vc_row][vc_column][vc_column_text] Uniturm.de Seit seiner Gr\u00fcndung im Jahr 2004 als lokales Leipziger Studentenprojekt hat sich Uniturm.de zum gr\u00f6\u00dften Wissensnetzwerk f\u00fcr Studierende im deutschsprachigen Raum entwickelt. Hier finden Studierende zehntausende Zusammenfassungen, \u00dcbungen und Klausuren zum kostenlosen Download, die von anderen Student:innen dort bereitgestellt werden k\u00f6nnen. Neben dem Wissensaustausch bietet [...]","og_url":"https:\/\/studium-und-dann.com\/?page_id=26850","og_site_name":"STUDIUM &amp; DANN?","article_modified_time":"2026-04-22T15:30:21+00:00","og_image":[{"width":1800,"height":600,"url":"https:\/\/studium-und-dann.com\/wp-content\/uploads\/2025\/09\/stellenboersen-1.jpg","type":"image\/jpeg"}],"twitter_card":"summary_large_image","twitter_misc":{"Gesch\u00e4tzte Lesezeit":"1\u00a0Minute"},"schema":{"@context":"https:\/\/schema.org","@graph":[{"@type":"WebPage","@id":"https:\/\/studium-und-dann.com\/?page_id=26850","url":"https:\/\/studium-und-dann.com\/?page_id=26850","name":"Redaktionelle Einbindungen - STUDIUM &amp; DANN?","isPartOf":{"@id":"https:\/\/studium-und-dann.com\/#website"},"primaryImageOfPage":{"@id":"https:\/\/studium-und-dann.com\/?page_id=26850#primaryimage"},"image":{"@id":"https:\/\/studium-und-dann.com\/?page_id=26850#primaryimage"},"thumbnailUrl":"https:\/\/studium-und-dann.com\/wp-content\/uploads\/2025\/09\/stellenboersen-1.jpg","datePublished":"2026-04-22T15:26:50+00:00","dateModified":"2026-04-22T15:30:21+00:00","breadcrumb":{"@id":"https:\/\/studium-und-dann.com\/?page_id=26850#breadcrumb"},"inLanguage":"de","potentialAction":[{"@type":"ReadAction","target":["https:\/\/studium-und-dann.com\/?page_id=26850"]}]},{"@type":"ImageObject","inLanguage":"de","@id":"https:\/\/studium-und-dann.com\/?page_id=26850#primaryimage","url":"https:\/\/studium-und-dann.com\/wp-content\/uploads\/2025\/09\/stellenboersen-1.jpg","contentUrl":"https:\/\/studium-und-dann.com\/wp-content\/uploads\/2025\/09\/stellenboersen-1.jpg","width":1800,"height":600},{"@type":"BreadcrumbList","@id":"https:\/\/studium-und-dann.com\/?page_id=26850#breadcrumb","itemListElement":[{"@type":"ListItem","position":1,"name":"Start","item":"https:\/\/studium-und-dann.com\/"},{"@type":"ListItem","position":2,"name":"Redaktionelle Einbindungen"}]},{"@type":"WebSite","@id":"https:\/\/studium-und-dann.com\/#website","url":"https:\/\/studium-und-dann.com\/","name":"STUDIUM &amp; DANN?","description":"Podcasts zur Berufsorientierung","potentialAction":[{"@type":"SearchAction","target":{"@type":"EntryPoint","urlTemplate":"https:\/\/studium-und-dann.com\/?s={search_term_string}"},"query-input":{"@type":"PropertyValueSpecification","valueRequired":true,"valueName":"search_term_string"}}],"inLanguage":"de"}]}},"_links":{"self":[{"href":"https:\/\/studium-und-dann.com\/index.php?rest_route=\/wp\/v2\/pages\/26850","targetHints":{"allow":["GET"]}}],"collection":[{"href":"https:\/\/studium-und-dann.com\/index.php?rest_route=\/wp\/v2\/pages"}],"about":[{"href":"https:\/\/studium-und-dann.com\/index.php?rest_route=\/wp\/v2\/types\/page"}],"author":[{"embeddable":true,"href":"https:\/\/studium-und-dann.com\/index.php?rest_route=\/wp\/v2\/users\/14"}],"replies":[{"embeddable":true,"href":"https:\/\/studium-und-dann.com\/index.php?rest_route=%2Fwp%2Fv2%2Fcomments&post=26850"}],"version-history":[{"count":5,"href":"https:\/\/studium-und-dann.com\/index.php?rest_route=\/wp\/v2\/pages\/26850\/revisions"}],"predecessor-version":[{"id":26856,"href":"https:\/\/studium-und-dann.com\/index.php?rest_route=\/wp\/v2\/pages\/26850\/revisions\/26856"}],"wp:featuredmedia":[{"embeddable":true,"href":"https:\/\/studium-und-dann.com\/index.php?rest_route=\/wp\/v2\/media\/539"}],"wp:attachment":[{"href":"https:\/\/studium-und-dann.com\/index.php?rest_route=%2Fwp%2Fv2%2Fmedia&parent=26850"}],"curies":[{"name":"wp","href":"https:\/\/api.w.org\/{rel}","templated":true}]}}