{"id":27,"date":"2020-01-22T15:58:44","date_gmt":"2020-01-22T15:58:44","guid":{"rendered":"https:\/\/studium-und-dann.com\/?page_id=27"},"modified":"2025-11-12T21:16:34","modified_gmt":"2025-11-12T21:16:34","slug":"wg-casting","status":"publish","type":"page","link":"https:\/\/studium-und-dann.com\/?page_id=27","title":{"rendered":"F\u00fcr Schulen"},"content":{"rendered":"<p>[vc_row][vc_column][vc_column_text]<\/p>\n<h3 data-start=\"262\" data-end=\"363\">Pod- und Educasting als Medium und Methode im Schulunterricht zur Studien- und Berufsorientierung<\/h3>\n<p data-start=\"365\" data-end=\"1013\">Lehrkr\u00e4fte stehen im Rahmen der beruflichen Orientierung vor der Herausforderung, Sch\u00fclerinnen und Sch\u00fcler mit unterschiedlichen medialen Lernpr\u00e4ferenzen \u2013 beispielsweise f\u00fcr visuelle (Video), auditive (Audio\/Podcast), textbasierte (Print) oder kommunikative (Frontalunterricht\/Interaktion) Lernformen \u2013 bei zugleich vielf\u00e4ltigen Interessen, Lebensentw\u00fcrfen und Zukunftsvorstellungen individuell zu begleiten und zu f\u00f6rdern.<\/p>\n<p data-start=\"365\" data-end=\"1013\">Digitale Medien wie Podcasts und Educasts bieten dabei eine niedrigschwellige M\u00f6glichkeit, Studien- und Berufsorientierung flexibel, sch\u00fcler:innenzentriert und lebensweltbezogen zu gestalten. Durch ihren gezielten Einsatz k\u00f6nnen Informationen zu Studieng\u00e4ngen, Hochschultypen, Berufsbildern, Ausbildungswegen und pers\u00f6nlichen Erfahrungsberichten differenziert vermittelt und in individuelle Lernprozesse integriert werden.<\/p>\n<p data-start=\"1015\" data-end=\"1769\">Eine Studie zur Mediennutzung von Sch\u00fclern bei der Studienwahl der <strong data-start=\"1057\" data-end=\"1090\">Leuphana Universit\u00e4t L\u00fcneburg<\/strong> zeigt die mediale Vielfalt. Sch\u00fcler und Sch\u00fclerinnen nutzen demnach im\u00a0 Durchschnitt 24 von \u00fcber 250 untersuchten Informationsangeboten zur Studienwahl. Dabei gewinnen Podcasts zunehmend an Bedeutung als Informationsquelle (Leuphana Universit\u00e4t L\u00fcneburg, Mediennutzungsanlyse).<\/p>\n<p>[\/vc_column_text][vc_single_image image=&#8220;624&#8243; img_size=&#8220;full&#8220; alignment=&#8220;center&#8220;][vc_column_text]<\/p>\n<p data-start=\"1015\" data-end=\"1769\">Auch die <strong data-start=\"1335\" data-end=\"1354\">JIM-Studie 2024<\/strong> weist auf die wachsende Popularit\u00e4t von Podcasts unter Jugendlichen und jungen Erwachsenen hin. Demnach nehmen rund 70 % der Jugendlichen Podcasts grunds\u00e4tzlich wahr, und die regelm\u00e4\u00dfige Nutzung ist im Vergleich zum Vorjahr leicht gestiegen. Besonders deutlich zeigt sich der Zuwachs in der j\u00fcngsten Altersgruppe mit einem Anstieg um 14 Prozentpunkte (Medienp\u00e4dagogischer Forschungsverbund S\u00fcdwest [MPFS], 2024).<\/p>\n<p data-start=\"1771\" data-end=\"2352\">Podcasts sind audiobasierte Medienformate, die \u00fcber Apps, Smart-TVs,\u00a0 Streaming- oder Download-Plattformen rezipiert werden k\u00f6nnen. Sie lassen sich leicht in den Alltag integrieren und werden h\u00e4ufig als sogenannte Sekund\u00e4rmedien parallel zu anderen T\u00e4tigkeiten \u2013 etwa beim Sport, beim Pendeln oder im Haushalt \u2013 genutzt. Podcasts bieten eine hohe zeitliche und r\u00e4umliche Flexibilit\u00e4t und erm\u00f6glichen im Gegensatz zu Social-Media-Angeboten wie TikTok, Instagram oder Facebook eine vertiefte inhaltliche Auseinandersetzung mit Themen rund um das Thema Studien- und Berufsorientierung f\u00fcr Sch\u00fcler.<\/p>\n<p data-start=\"2354\" data-end=\"2755\">Werden Podcasts gezielt in Bildungskontexten eingesetzt, mit Lernzielen verkn\u00fcpft und zur Kompetenzentwicklung genutzt, spricht man von <strong data-start=\"2490\" data-end=\"2502\">Educasts<\/strong> (Schulze et al., 2007; Raunig et al., 2008; Hochmuth &amp; Kirchner, 2023). Diese k\u00f6nnen sowohl als Unterrichtsmedium zur Wissensvermittlung als auch als Methode zur aktiven Wissenskonstruktion sowie zur Studien- und Berufsorientierung eingesetzt werden.<\/p>\n<p data-start=\"2354\" data-end=\"2755\">Eine im Auftrag des <strong>Digitalverbands Bitkom<\/strong> durchgef\u00fchrte Befragung von Bitkom Research unter Sch\u00fclerinnen und Sch\u00fclern zeigt, dass ein klarer Wunsch nach einem verst\u00e4rkten Einsatz digitaler Lernmedien im Unterricht besteht. Dabei wurden Sch\u00fclerinnen und Sch\u00fcler im Alter von 14 bis 19 Jahren in Deutschland zu ihrer Nutzung und Wahrnehmung digitaler Lernmedien befragt. Die Studie verdeutlicht, dass digitale Lernformate im schulischen Alltag zunehmend an Bedeutung gewinnen: <strong data-start=\"625\" data-end=\"633\">90 %<\/strong> der<strong> 17- bis 19-J\u00e4hrigen<\/strong> w\u00fcnschen sich, dass digitale Lernmedien h\u00e4ufiger im Unterricht eingesetzt werden, und <strong data-start=\"744\" data-end=\"752\">76 %<\/strong> geben an, dass sie durch deren Einsatz <strong>motivierter lernen w\u00fcrden<\/strong> (Bitkom Research, 2024).<\/p>\n<p>[\/vc_column_text][\/vc_column][\/vc_row][vc_row][vc_column][vc_single_image image=&#8220;629&#8243; img_size=&#8220;full&#8220;][\/vc_column][\/vc_row][vc_row][vc_column][vc_column_text]<\/p>\n<p data-start=\"103\" data-end=\"633\">Ebenso zeigt die Studie <a href=\"https:\/\/digitalcollection.zhaw.ch\/server\/api\/core\/bitstreams\/cd68e0e4-4f24-4d12-bbeb-1d3a8b6b156d\/content\" target=\"_blank\" rel=\"noopener\"><strong data-start=\"127\" data-end=\"159\">\u201eMotive der Podcast-Nutzung\u201c<\/strong><\/a> der <strong data-start=\"164\" data-end=\"221\">ZHAW Z\u00fcrcher Hochschule f\u00fcr Angewandte Wissenschaften<\/strong>, dass Podcasts gerade dann als besonders relevant wahrgenommen werden, wenn sie <strong data-start=\"302\" data-end=\"353\">Einblicke in spezifische Berufsrichtungen geben<\/strong> und <strong data-start=\"358\" data-end=\"427\">aktuelle Erkenntnisse aus den jeweiligen Berufsfeldern vermitteln<\/strong>. Die Podcast-H\u00f6rer*innen sch\u00e4tzen diese Verbindung von <strong data-start=\"483\" data-end=\"513\">Information und Praxisn\u00e4he<\/strong>, da sie ihre <strong data-start=\"527\" data-end=\"566\">berufliche Orientierung unterst\u00fctzt<\/strong> und <strong data-start=\"571\" data-end=\"623\">konkrete Anhaltspunkte f\u00fcr m\u00f6gliche Karrierewege<\/strong> bietet.<\/p>\n<p data-start=\"635\" data-end=\"1148\"><strong data-start=\"635\" data-end=\"658\">\u00c4hnliche Ergebnisse<\/strong> zeigt die <strong data-start=\"669\" data-end=\"693\">Podcast-Umfrage 2024<\/strong> von <strong data-start=\"698\" data-end=\"733\"><a href=\"https:\/\/www.appinio.com\/de\/\" target=\"_blank\" rel=\"noopener\">Appinio<\/a> im Auftrag von <a href=\"https:\/\/www.podstars.de\/insights\/wissen\" target=\"_blank\" rel=\"noopener\">Podstars<\/a><\/strong> zur Nutzung von <strong data-start=\"750\" data-end=\"772\">Corporate Podcasts<\/strong>: Hier gaben <strong data-start=\"785\" data-end=\"807\">49 % der Befragten<\/strong> an, <strong data-start=\"812\" data-end=\"908\" data-is-only-node=\"\">Podcasts gezielt zu nutzen, um sich \u00fcber Unternehmenskultur und Arbeitsalltag zu informieren<\/strong>. (<a href=\"https:\/\/www.personalwirtschaft.de\/news\/recruiting\/podcasts-im-employer-branding-dos-and-donts-fuer-den-erfolg-181469\/\">siehe Personalwirtschaft<\/a>)<\/p>\n<p>[\/vc_column_text][vc_column_text css=&#8220;.vc_custom_1762603050698{background-color: #eeee22 !important;}&#8220;]<\/p>\n<p style=\"text-align: center;\">Momentan entsteht ein didaktisches Konzept, das Lehrkr\u00e4ften Anregungen gibt, wie der Podcast <em data-start=\"754\" data-end=\"773\">\u201eStudium &amp; dann?\u201c<\/em> im Unterricht genutzt werden kann, um Sch\u00fclerinnen und Sch\u00fcler bei ihrer Studien- und Berufsorientierung zu unterst\u00fctzen.<\/p>\n<p>[\/vc_column_text][\/vc_column][\/vc_row]<\/p>\n","protected":false},"excerpt":{"rendered":"<p>[vc_row][vc_column][vc_column_text] Pod- und Educasting als Medium und Methode im Schulunterricht zur Studien- und Berufsorientierung Lehrkr\u00e4fte stehen im Rahmen der beruflichen Orientierung vor der Herausforderung, Sch\u00fclerinnen und Sch\u00fcler mit unterschiedlichen medialen Lernpr\u00e4ferenzen \u2013 beispielsweise f\u00fcr visuelle (Video), auditive (Audio\/Podcast), textbasierte (Print) oder kommunikative (Frontalunterricht\/Interaktion) Lernformen \u2013 bei zugleich vielf\u00e4ltigen Interessen, Lebensentw\u00fcrfen [&#8230;]<\/p>\n","protected":false},"author":1,"featured_media":641,"parent":0,"menu_order":0,"comment_status":"closed","ping_status":"open","template":"page-wide.php","meta":{"footnotes":""},"class_list":["post-27","page","type-page","status-publish","has-post-thumbnail","hentry"],"yoast_head":"<!-- This site is optimized with the Yoast SEO plugin v27.4 - https:\/\/yoast.com\/product\/yoast-seo-wordpress\/ -->\n<title>F\u00fcr Schulen - STUDIUM &amp; DANN?<\/title>\n<meta name=\"robots\" content=\"index, follow, max-snippet:-1, max-image-preview:large, max-video-preview:-1\" \/>\n<link rel=\"canonical\" href=\"https:\/\/studium-und-dann.com\/?page_id=27\" \/>\n<meta property=\"og:locale\" content=\"de_DE\" \/>\n<meta property=\"og:type\" content=\"article\" \/>\n<meta property=\"og:title\" content=\"F\u00fcr Schulen - STUDIUM &amp; DANN?\" \/>\n<meta property=\"og:description\" content=\"[vc_row][vc_column][vc_column_text] Pod- und Educasting als Medium und Methode im Schulunterricht zur Studien- und Berufsorientierung Lehrkr\u00e4fte stehen im Rahmen der beruflichen Orientierung vor der Herausforderung, Sch\u00fclerinnen und Sch\u00fcler mit unterschiedlichen medialen Lernpr\u00e4ferenzen \u2013 beispielsweise f\u00fcr visuelle (Video), auditive (Audio\/Podcast), textbasierte (Print) oder kommunikative (Frontalunterricht\/Interaktion) Lernformen \u2013 bei zugleich vielf\u00e4ltigen Interessen, Lebensentw\u00fcrfen [...]\" \/>\n<meta property=\"og:url\" content=\"https:\/\/studium-und-dann.com\/?page_id=27\" \/>\n<meta property=\"og:site_name\" content=\"STUDIUM &amp; DANN?\" \/>\n<meta property=\"article:modified_time\" content=\"2025-11-12T21:16:34+00:00\" \/>\n<meta property=\"og:image\" content=\"https:\/\/studium-und-dann.com\/wp-content\/uploads\/2025\/11\/Zwischentitel-scaled.jpg\" \/>\n\t<meta property=\"og:image:width\" content=\"2560\" \/>\n\t<meta property=\"og:image:height\" content=\"1073\" \/>\n\t<meta property=\"og:image:type\" content=\"image\/jpeg\" \/>\n<meta name=\"twitter:card\" content=\"summary_large_image\" \/>\n<meta name=\"twitter:label1\" content=\"Gesch\u00e4tzte Lesezeit\" \/>\n\t<meta name=\"twitter:data1\" content=\"3\u00a0Minuten\" \/>\n<script type=\"application\/ld+json\" class=\"yoast-schema-graph\">{\"@context\":\"https:\\\/\\\/schema.org\",\"@graph\":[{\"@type\":\"WebPage\",\"@id\":\"https:\\\/\\\/studium-und-dann.com\\\/?page_id=27\",\"url\":\"https:\\\/\\\/studium-und-dann.com\\\/?page_id=27\",\"name\":\"F\u00fcr Schulen - STUDIUM &amp; DANN?\",\"isPartOf\":{\"@id\":\"https:\\\/\\\/studium-und-dann.com\\\/#website\"},\"primaryImageOfPage\":{\"@id\":\"https:\\\/\\\/studium-und-dann.com\\\/?page_id=27#primaryimage\"},\"image\":{\"@id\":\"https:\\\/\\\/studium-und-dann.com\\\/?page_id=27#primaryimage\"},\"thumbnailUrl\":\"https:\\\/\\\/studium-und-dann.com\\\/wp-content\\\/uploads\\\/2025\\\/11\\\/Zwischentitel-scaled.jpg\",\"datePublished\":\"2020-01-22T15:58:44+00:00\",\"dateModified\":\"2025-11-12T21:16:34+00:00\",\"breadcrumb\":{\"@id\":\"https:\\\/\\\/studium-und-dann.com\\\/?page_id=27#breadcrumb\"},\"inLanguage\":\"de\",\"potentialAction\":[{\"@type\":\"ReadAction\",\"target\":[\"https:\\\/\\\/studium-und-dann.com\\\/?page_id=27\"]}]},{\"@type\":\"ImageObject\",\"inLanguage\":\"de\",\"@id\":\"https:\\\/\\\/studium-und-dann.com\\\/?page_id=27#primaryimage\",\"url\":\"https:\\\/\\\/studium-und-dann.com\\\/wp-content\\\/uploads\\\/2025\\\/11\\\/Zwischentitel-scaled.jpg\",\"contentUrl\":\"https:\\\/\\\/studium-und-dann.com\\\/wp-content\\\/uploads\\\/2025\\\/11\\\/Zwischentitel-scaled.jpg\",\"width\":2560,\"height\":1073},{\"@type\":\"BreadcrumbList\",\"@id\":\"https:\\\/\\\/studium-und-dann.com\\\/?page_id=27#breadcrumb\",\"itemListElement\":[{\"@type\":\"ListItem\",\"position\":1,\"name\":\"Start\",\"item\":\"https:\\\/\\\/studium-und-dann.com\\\/\"},{\"@type\":\"ListItem\",\"position\":2,\"name\":\"F\u00fcr Schulen\"}]},{\"@type\":\"WebSite\",\"@id\":\"https:\\\/\\\/studium-und-dann.com\\\/#website\",\"url\":\"https:\\\/\\\/studium-und-dann.com\\\/\",\"name\":\"STUDIUM &amp; DANN?\",\"description\":\"Podcasts zur Berufsorientierung\",\"potentialAction\":[{\"@type\":\"SearchAction\",\"target\":{\"@type\":\"EntryPoint\",\"urlTemplate\":\"https:\\\/\\\/studium-und-dann.com\\\/?s={search_term_string}\"},\"query-input\":{\"@type\":\"PropertyValueSpecification\",\"valueRequired\":true,\"valueName\":\"search_term_string\"}}],\"inLanguage\":\"de\"}]}<\/script>\n<!-- \/ Yoast SEO plugin. -->","yoast_head_json":{"title":"F\u00fcr Schulen - STUDIUM &amp; DANN?","robots":{"index":"index","follow":"follow","max-snippet":"max-snippet:-1","max-image-preview":"max-image-preview:large","max-video-preview":"max-video-preview:-1"},"canonical":"https:\/\/studium-und-dann.com\/?page_id=27","og_locale":"de_DE","og_type":"article","og_title":"F\u00fcr Schulen - STUDIUM &amp; DANN?","og_description":"[vc_row][vc_column][vc_column_text] Pod- und Educasting als Medium und Methode im Schulunterricht zur Studien- und Berufsorientierung Lehrkr\u00e4fte stehen im Rahmen der beruflichen Orientierung vor der Herausforderung, Sch\u00fclerinnen und Sch\u00fcler mit unterschiedlichen medialen Lernpr\u00e4ferenzen \u2013 beispielsweise f\u00fcr visuelle (Video), auditive (Audio\/Podcast), textbasierte (Print) oder kommunikative (Frontalunterricht\/Interaktion) Lernformen \u2013 bei zugleich vielf\u00e4ltigen Interessen, Lebensentw\u00fcrfen [...]","og_url":"https:\/\/studium-und-dann.com\/?page_id=27","og_site_name":"STUDIUM &amp; DANN?","article_modified_time":"2025-11-12T21:16:34+00:00","og_image":[{"width":2560,"height":1073,"url":"https:\/\/studium-und-dann.com\/wp-content\/uploads\/2025\/11\/Zwischentitel-scaled.jpg","type":"image\/jpeg"}],"twitter_card":"summary_large_image","twitter_misc":{"Gesch\u00e4tzte Lesezeit":"3\u00a0Minuten"},"schema":{"@context":"https:\/\/schema.org","@graph":[{"@type":"WebPage","@id":"https:\/\/studium-und-dann.com\/?page_id=27","url":"https:\/\/studium-und-dann.com\/?page_id=27","name":"F\u00fcr Schulen - STUDIUM &amp; DANN?","isPartOf":{"@id":"https:\/\/studium-und-dann.com\/#website"},"primaryImageOfPage":{"@id":"https:\/\/studium-und-dann.com\/?page_id=27#primaryimage"},"image":{"@id":"https:\/\/studium-und-dann.com\/?page_id=27#primaryimage"},"thumbnailUrl":"https:\/\/studium-und-dann.com\/wp-content\/uploads\/2025\/11\/Zwischentitel-scaled.jpg","datePublished":"2020-01-22T15:58:44+00:00","dateModified":"2025-11-12T21:16:34+00:00","breadcrumb":{"@id":"https:\/\/studium-und-dann.com\/?page_id=27#breadcrumb"},"inLanguage":"de","potentialAction":[{"@type":"ReadAction","target":["https:\/\/studium-und-dann.com\/?page_id=27"]}]},{"@type":"ImageObject","inLanguage":"de","@id":"https:\/\/studium-und-dann.com\/?page_id=27#primaryimage","url":"https:\/\/studium-und-dann.com\/wp-content\/uploads\/2025\/11\/Zwischentitel-scaled.jpg","contentUrl":"https:\/\/studium-und-dann.com\/wp-content\/uploads\/2025\/11\/Zwischentitel-scaled.jpg","width":2560,"height":1073},{"@type":"BreadcrumbList","@id":"https:\/\/studium-und-dann.com\/?page_id=27#breadcrumb","itemListElement":[{"@type":"ListItem","position":1,"name":"Start","item":"https:\/\/studium-und-dann.com\/"},{"@type":"ListItem","position":2,"name":"F\u00fcr Schulen"}]},{"@type":"WebSite","@id":"https:\/\/studium-und-dann.com\/#website","url":"https:\/\/studium-und-dann.com\/","name":"STUDIUM &amp; DANN?","description":"Podcasts zur Berufsorientierung","potentialAction":[{"@type":"SearchAction","target":{"@type":"EntryPoint","urlTemplate":"https:\/\/studium-und-dann.com\/?s={search_term_string}"},"query-input":{"@type":"PropertyValueSpecification","valueRequired":true,"valueName":"search_term_string"}}],"inLanguage":"de"}]}},"_links":{"self":[{"href":"https:\/\/studium-und-dann.com\/index.php?rest_route=\/wp\/v2\/pages\/27","targetHints":{"allow":["GET"]}}],"collection":[{"href":"https:\/\/studium-und-dann.com\/index.php?rest_route=\/wp\/v2\/pages"}],"about":[{"href":"https:\/\/studium-und-dann.com\/index.php?rest_route=\/wp\/v2\/types\/page"}],"author":[{"embeddable":true,"href":"https:\/\/studium-und-dann.com\/index.php?rest_route=\/wp\/v2\/users\/1"}],"replies":[{"embeddable":true,"href":"https:\/\/studium-und-dann.com\/index.php?rest_route=%2Fwp%2Fv2%2Fcomments&post=27"}],"version-history":[{"count":15,"href":"https:\/\/studium-und-dann.com\/index.php?rest_route=\/wp\/v2\/pages\/27\/revisions"}],"predecessor-version":[{"id":633,"href":"https:\/\/studium-und-dann.com\/index.php?rest_route=\/wp\/v2\/pages\/27\/revisions\/633"}],"wp:featuredmedia":[{"embeddable":true,"href":"https:\/\/studium-und-dann.com\/index.php?rest_route=\/wp\/v2\/media\/641"}],"wp:attachment":[{"href":"https:\/\/studium-und-dann.com\/index.php?rest_route=%2Fwp%2Fv2%2Fmedia&parent=27"}],"curies":[{"name":"wp","href":"https:\/\/api.w.org\/{rel}","templated":true}]}}