{"id":29,"date":"2020-01-22T14:50:00","date_gmt":"2020-01-22T14:50:00","guid":{"rendered":"https:\/\/studium-und-dann.com\/?page_id=29"},"modified":"2026-03-25T08:09:19","modified_gmt":"2026-03-25T08:09:19","slug":"wg-bewohner","status":"publish","type":"page","link":"https:\/\/studium-und-dann.com\/?page_id=29","title":{"rendered":"Partnerprogramm"},"content":{"rendered":"<p>[vc_row][vc_column][vc_column_text]<\/p>\r\n<h2 class=\"wp-block-heading\">Ein gemeinsames Projekt f\u00fcr mehr Vielfalt<\/h2>\r\n\r\n<p>Der Podcast <strong>\u201eStudium und dann?\u201c<\/strong> m\u00f6chte jungen Menschen, Bildungsinteressierten und Berufseinsteiger:innen zeigen, wie vielf\u00e4ltig Berufs- und Lebenswege nach dem Studium sein k\u00f6nnen. Damit m\u00f6glichst viele untersschiedliche Karrierewege Geh\u00f6r finden, laden wir <strong>Hochschulen aller Art<\/strong> aus ganz Deutschland und dar\u00fcber hinaus ein, Teil dieses Projekts zu werden \u2013 von Universit\u00e4ten, Fachhochschulen und Hochschulen f\u00fcr Angewandte Wissenschaften \u00fcber Musik- und Kunsthochschulen, Verwaltungshochschulen, Duale Hochschulen, private Hochschulen bis hin zu Fernhochschulen. Mit mehr als <strong>24.000 Studieng\u00e4ngen<\/strong> in Deutschland bringen diese unterschiedlichen Hochschultypen eine enorme Vielfalt an Studien- und Berufseinstiegsm\u00f6glichkeiten mit.<br \/>Alle Partnerhochschulen tragen dazu bei, dieses breite Spektrum sichtbar zu machen, Ihre Alumni einzubinden und jungen Menschen \u2013 unabh\u00e4ngig von Alter, Geschlecht oder Herkunft \u2013 zu zeigen, welche Chancen vor ihnen liegen.<\/p>\r\n\r\n<p>&nbsp;<\/p>\r\n\r\n<h3 class=\"wp-block-heading\">Warum mitmachen?<\/h3>\r\n<ul>\r\n<li><strong>Vielfalt zeigen &#8211; Employability steigern:<\/strong> Wir zeigen gemeinsam die Breite der Karrierem\u00f6glichkeiten f\u00fcr Studierende und Absolvent:innen.<\/li>\r\n<li><strong>Echte Stimmen durch authentische Erfahrungsberichte:<\/strong> Keine Hochglanztexte, keine Stock-Fotos, keine PR-Floskeln \u2013 sondern echte Stimmen und Alumni-Geschichten, die Studieninteressierte wirklich erreichen.<\/li>\r\n<li><strong>Reichweite im Netzwerk schaffen:<\/strong> Im Verbund aller Partnerhochschulen multiplizieren wir unsere Reichweite und setzen gemeinsam Impulse.<\/li>\r\n<li><strong>Studienabbrecher senken:<\/strong> Der Podcast kann schon vor Studienbeginn zur Studienwahl und anschlie\u00dfender Berufsorientierung eingesetzt werden.<\/li>\r\n<li><strong>Generation Z erreichen:<\/strong> 77% der Studieninteressierten w\u00fcnschen sich lt. einer Studie der ZEIT VERLAGSGRUPPE Podcast zur Studienorientierung. Ehemalige Studierende sprechen im Podcast ihre Sprache.<\/li>\r\n<li><strong>Job- und Arbeitgeberwahl:<\/strong> Ehrliche Einblicke in den Jobeinstieg helfen Probezeitabbr\u00fcche f\u00fcr Arbeitgeber und Hochschulabsolventen beim Berufseinstieg zu vermeiden.<\/li>\r\n<li><strong>Guter Ruf und mehrfach ausgezeichnet:<\/strong> Dieser Podcast ist aus dem mehrfach ausgezeichneten Leuphana-Podcast \u201eKarriere leupht\u201c entstanden des Leuphana Career Service und wird als Geminschaftsprojekt weiterentwickelt.<\/li>\r\n<\/ul>\r\n\r\n<ul class=\"wp-block-list\">\r\n<li style=\"list-style-type: none;\">\r\n<ul class=\"wp-block-list\">\r\n<li style=\"list-style-type: none;\">\r\n<ul class=\"wp-block-list\"><\/ul>\r\n<\/li>\r\n<\/ul>\r\n<\/li>\r\n<\/ul>\r\n<p>\u00a0<\/p>\r\n\r\n<h3 class=\"wp-block-heading\">Informationsmaterial bestellen:<\/h3>\r\n\r\n<p>Lassen Sie uns gemeinsam daf\u00fcr sorgen, dass Sch\u00fcler:<em>innen, Studierende, Absolvent<\/em>:innen, Wissenschaftler:innen und Quereinsteiger:innen neue Horizonte entdecken \u2013 und die Sicherheit gewinnen, ihren eigenen Weg zu gehen.<br \/><strong>Kontaktieren Sie uns<\/strong>, um Partnerhochschule zu werden und Ihre Hochschule eine Stimme zu geben.<\/p>\r\n<p>[\/vc_column_text][vc_column_text]<\/p>\r\n<h3>Partnerhochschulen:<\/h3>\r\n<p>[\/vc_column_text][\/vc_column][\/vc_row][vc_row][vc_column width=&#8220;1\/3&#8243;][vc_single_image image=&#8220;364&#8243;][\/vc_column][vc_column width=&#8220;1\/3&#8243;][vc_single_image image=&#8220;16452&#8243;][\/vc_column][vc_column width=&#8220;1\/3&#8243;][vc_single_image image=&#8220;370&#8243;][\/vc_column][\/vc_row][vc_row][vc_column][vc_column_text]<\/p>\r\n<h3>Multi-Channel-Podcasting<\/h3>\r\n<p>Der Podcast <strong>\u201eStudium und dann?\u201c<\/strong> lebt davon, dass er seine H\u00f6rer:innen erreicht \u2013 jederzeit, \u00fcberall und unabh\u00e4ngig von einzelnen Anbietern, Endger\u00e4ten, APPs und Sprachassistenten. Wir sind dazu auf allen gro\u00dfen Podcast-Plattformen vertreten \u2013 darunter Spotify, Amazon Music, Apple iTunes und YouTube Music.\u00a0F\u00fcr unsere Hochschulpartner stellen wir zudem datenschutzkonforme MP3-Player bereit, die sich datenschutzkonform in Hochschulwebseiten, Stellenb\u00f6rsen und Hochschulportale zur Studien- und Berufsorientierung einbinden lassen.[\/vc_column_text][vc_single_image image=&#8220;412&#8243; img_size=&#8220;large&#8220;][vc_column_text]<\/p>\r\n<h3>Darauf sind wir stolz:<\/h3>\r\n<p>Als kleines Studi-Projekt gestartet und mit viel Herz und Leidenschaft wurde der Podcast &#8222;Karriere l\u00e4uft- Studium und dann?&#8220; bereits f\u00fcnf mal ausgezeichnet. Vielen Dank an alle Unterst\u00fctzer*innen.<\/p>\r\n<p>[\/vc_column_text][\/vc_column][\/vc_row][vc_row][vc_column width=&#8220;1\/5&#8243;][vc_single_image image=&#8220;442&#8243; img_size=&#8220;medium&#8220;][\/vc_column][vc_column width=&#8220;1\/5&#8243;][\/vc_column][vc_column width=&#8220;1\/5&#8243;][vc_single_image image=&#8220;502&#8243; img_size=&#8220;medium&#8220;][\/vc_column][vc_column width=&#8220;1\/5&#8243;][\/vc_column][vc_column width=&#8220;1\/5&#8243;][vc_single_image image=&#8220;443&#8243; img_size=&#8220;medium&#8220;][\/vc_column][\/vc_row][vc_row][vc_column width=&#8220;1\/5&#8243;][\/vc_column][vc_column width=&#8220;1\/5&#8243;][vc_single_image image=&#8220;441&#8243; img_size=&#8220;medium&#8220;][\/vc_column][vc_column width=&#8220;1\/5&#8243;][\/vc_column][vc_column width=&#8220;1\/5&#8243;][vc_single_image image=&#8220;440&#8243; img_size=&#8220;medium&#8220;][\/vc_column][vc_column width=&#8220;1\/5&#8243;][\/vc_column][\/vc_row][vc_row][vc_column]\t\t\t<div id=\"listqt-post-slider-2969e4b09f95ecc\" class=\"wpcast-slider__container\">\n\t\t\t\t<div class=\"wpcast-slider__main\">\n\t\t\t\t\t\n\t\t\t\t\t\t\t\t\t\t\t<input type=\"radio\" name=\"slides\" id=\"slides_1\" checked \/>\n\t\t\t\t\t\t\t\t\t\t\t<ul>\n\t\t\t\t\t\t\t\t\t\t\t<li>\n\t\t\t\t\t\t\t<article id=\"post-16675\" class=\"wpcast-slider__item post-16675 post type-post status-publish format-audio has-post-thumbnail hentry category-podcast category-interview category-studium-und-dann-episoden category-auftakt-episode tag-studium tag-alumni-stories tag-alumni tag-leuphana tag-media tag-marketing post_format-post-format-audio qtserie-studium-und-dann-episoden\">\n\t<div class=\"wpcast-slider__img\">\n\t\t<img loading=\"lazy\" decoding=\"async\" width=\"1660\" height=\"790\" src=\"https:\/\/studium-und-dann.com\/wp-content\/uploads\/2025\/12\/episoden-titelbild-2.jpg\" class=\"wpcast-slider__i wp-post-image\" alt=\"\u00dcber \u201eStudium und dann?\u201c mit Philip Dunkhase\" srcset=\"https:\/\/studium-und-dann.com\/wp-content\/uploads\/2025\/12\/episoden-titelbild-2.jpg 1660w, https:\/\/studium-und-dann.com\/wp-content\/uploads\/2025\/12\/episoden-titelbild-2-770x366.jpg 770w, https:\/\/studium-und-dann.com\/wp-content\/uploads\/2025\/12\/episoden-titelbild-2-1170x557.jpg 1170w, https:\/\/studium-und-dann.com\/wp-content\/uploads\/2025\/12\/episoden-titelbild-2-768x365.jpg 768w, https:\/\/studium-und-dann.com\/wp-content\/uploads\/2025\/12\/episoden-titelbild-2-1536x731.jpg 1536w\" sizes=\"auto, (max-width: 1660px) 100vw, 1660px\" \/>\t<\/div>\n\t<div class=\"wpcast-slider__c\">\n\t\t<div class=\"wpcast-container\">\n\t\t\t<h6 class=\"wpcast-capfont wpcast-slider_det\">\n\t\t\t\t\t\t\t\t\t\t<span class=\"wpcast-ser\">STUDIUM &amp; DANN?<\/span>\n\t\t\t\t\t\t\t\t\t\t<span class=\"wpcast-dot\"><\/span>\n\t\t\t\t<span class=\"wpcast-meta\">By Redaktion On Januar 20, 2026<\/span>\n\t\t\t<\/h6>\n\t\t\t<h2 class=\"wpcast-post__title wpcast-cutme-t-2\"><a href=\"https:\/\/studium-und-dann.com\/?p=16675\">\u00dcber \u201eStudium und dann?\u201c mit Philip Dunkhase<\/a><\/h2>\n\t\t\t<p>In der Pilotfolge sprechen Helena und Daniel mit Philip Dunkhase aus der Universit\u00e4tskommunikation der Leuphana Universit\u00e4t L\u00fcneburg. Schon seit \u00fcber vier Jahren gibt es an der Leuphana den Podcast \u201eKarriere leupht\u201c, in dem Studierende mit Absolvent*innen der Universit\u00e4t \u00fcber ihr [...]<\/p>\n\t\t\t<div class=\"wpcast-slider__btns\">\n\t\t\t\t<a href=\"https:\/\/studium-und-dann.com\/?p=16675\" class=\"wpcast-btn wpcast-btn__neg wpcast-icon-l\"><i class='material-icons'>play_arrow<\/i>Read All<\/a>\n\t\t\t\t<a href=\"https:\/\/studium-und-dann.com\/?feed=rss2&amp;qtserie=studium-und-dann-episoden\" class=\"wpcast-btn wpcast-btn__txt wpcast-icon-l\" target=\"_blank\"><i class=\"material-icons\">rss_feed<\/i>Subscribe<\/a>\t\t\t<\/div>\n\t\t<\/div>\n\n\t\t\t\t<div class=\"wpcast-slider__ac\">\n\t\t\t\t\t\t<div class=\"qtmplayer-donutcontainer wpcast-slider__ab\">\n\t\t\t\t<div class=\"qtmplayer-trackitem qtmplayer-donut\">\n\t\t\t\t\t<span class=\"qtmplayer-play qtmplayer-link-sec qtmplayer-play-btn qtmplayer-play-v2\" \n\t\t\t\t\t\tdata-qtmplayer-cover=\"https:\/\/studium-und-dann.com\/wp-content\/uploads\/2025\/12\/episoden-titelbild-2-370x370.jpg\" \n\t\t\t\t\t\tdata-qtmplayer-file=\"https:\/\/studium-und-dann.com\/wp-content\/uploads\/2025\/10\/Studium-und-dann_-Folge-0-mit-Philip-Dunkhase.mp3\" \n\t\t\t\t\t\tdata-qtmplayer-title=\"\u00dcber \u201eStudium und dann?\u201c mit Philip Dunkhase\" \n\t\t\t\t\t\tdata-qtmplayer-artist=\"Redaktion\" \n\t\t\t\t\t\tdata-qtmplayer-album=\"\" \n\t\t\t\t\t\tdata-qtmplayer-link=\"https:\/\/studium-und-dann.com\/?p=16675\" \n\t\t\t\t\t\tdata-qtmplayer-price=\"\" \n\t\t\t\t\t\tdata-qtmplayer-buylink=\"\" \n\t\t\t\t\t\tdata-qtmplayer-icon=\"download\" >\n\t\t\t\t\t\t<i class=\"material-icons\">play_arrow<\/i>\n\t\t\t\t\t<\/span>\n\t\t\t\t<\/div>\n\t\t\t<\/div>\n\t\t\t\t\t<\/div>\n\n\t\t\n\t<\/div>\n<\/article>\n\t\t\t\t\t\t<\/li>\n\t\t\t\t\t\t\t\t\t\t\t\t\t\t\t\t <\/ul>\n\t\t\t\t\t<div class=\"wpcast-slider__arrows\">\n\t\t\t\t\t\t\t\t\t\t\t\t\t<label for=\"slides_1\" class=\"wpcast-goto-firstwpcast-goto-last\"><\/label>\n\t\t\t\t\t\t\t\t\t\t\t\t<\/div>\n\t\t\t\t\t<div class=\"wpcast-slider__nav\">\n\t\t\t\t\t\t<div>\n\t\t\t\t\t\t\t\t\t\t\t\t\t\t\t<label for=\"slides_1\"><\/label>\n\t\t\t\t\t\t\t\t\t\t\t\t\t\t<\/div>\n\t\t\t\t\t<\/div>\n\t\t\t\t<\/div>\n\t\t\t<\/div>\n\t\t\t[\/vc_column][\/vc_row]<\/p>","protected":false},"excerpt":{"rendered":"<p>[vc_row][vc_column][vc_column_text] Ein gemeinsames Projekt f\u00fcr mehr Vielfalt<\/p>\n","protected":false},"author":1,"featured_media":448,"parent":0,"menu_order":0,"comment_status":"closed","ping_status":"open","template":"","meta":{"footnotes":""},"class_list":["post-29","page","type-page","status-publish","has-post-thumbnail","hentry"],"yoast_head":"<!-- This site is optimized with the Yoast SEO plugin v27.4 - https:\/\/yoast.com\/product\/yoast-seo-wordpress\/ -->\n<title>Partnerprogramm - STUDIUM &amp; DANN?<\/title>\n<meta name=\"robots\" content=\"index, follow, max-snippet:-1, max-image-preview:large, max-video-preview:-1\" \/>\n<link rel=\"canonical\" href=\"https:\/\/studium-und-dann.com\/?page_id=29\" \/>\n<meta property=\"og:locale\" content=\"de_DE\" \/>\n<meta property=\"og:type\" content=\"article\" \/>\n<meta property=\"og:title\" content=\"Partnerprogramm - STUDIUM &amp; DANN?\" \/>\n<meta property=\"og:description\" content=\"[vc_row][vc_column][vc_column_text] Ein gemeinsames Projekt f\u00fcr mehr Vielfalt\" \/>\n<meta property=\"og:url\" content=\"https:\/\/studium-und-dann.com\/?page_id=29\" \/>\n<meta property=\"og:site_name\" content=\"STUDIUM &amp; DANN?\" \/>\n<meta property=\"article:modified_time\" content=\"2026-03-25T08:09:19+00:00\" \/>\n<meta property=\"og:image\" content=\"https:\/\/studium-und-dann.com\/wp-content\/uploads\/2025\/09\/Zusammen-Hintergrund-1.jpg\" \/>\n\t<meta property=\"og:image:width\" content=\"1800\" \/>\n\t<meta property=\"og:image:height\" content=\"600\" \/>\n\t<meta property=\"og:image:type\" content=\"image\/jpeg\" \/>\n<meta name=\"twitter:card\" content=\"summary_large_image\" \/>\n<meta name=\"twitter:label1\" content=\"Gesch\u00e4tzte Lesezeit\" \/>\n\t<meta name=\"twitter:data1\" content=\"3\u00a0Minuten\" \/>\n<script type=\"application\/ld+json\" class=\"yoast-schema-graph\">{\"@context\":\"https:\\\/\\\/schema.org\",\"@graph\":[{\"@type\":\"WebPage\",\"@id\":\"https:\\\/\\\/studium-und-dann.com\\\/?page_id=29\",\"url\":\"https:\\\/\\\/studium-und-dann.com\\\/?page_id=29\",\"name\":\"Partnerprogramm - STUDIUM &amp; DANN?\",\"isPartOf\":{\"@id\":\"https:\\\/\\\/studium-und-dann.com\\\/#website\"},\"primaryImageOfPage\":{\"@id\":\"https:\\\/\\\/studium-und-dann.com\\\/?page_id=29#primaryimage\"},\"image\":{\"@id\":\"https:\\\/\\\/studium-und-dann.com\\\/?page_id=29#primaryimage\"},\"thumbnailUrl\":\"https:\\\/\\\/studium-und-dann.com\\\/wp-content\\\/uploads\\\/2025\\\/09\\\/Zusammen-Hintergrund-1.jpg\",\"datePublished\":\"2020-01-22T14:50:00+00:00\",\"dateModified\":\"2026-03-25T08:09:19+00:00\",\"breadcrumb\":{\"@id\":\"https:\\\/\\\/studium-und-dann.com\\\/?page_id=29#breadcrumb\"},\"inLanguage\":\"de\",\"potentialAction\":[{\"@type\":\"ReadAction\",\"target\":[\"https:\\\/\\\/studium-und-dann.com\\\/?page_id=29\"]}]},{\"@type\":\"ImageObject\",\"inLanguage\":\"de\",\"@id\":\"https:\\\/\\\/studium-und-dann.com\\\/?page_id=29#primaryimage\",\"url\":\"https:\\\/\\\/studium-und-dann.com\\\/wp-content\\\/uploads\\\/2025\\\/09\\\/Zusammen-Hintergrund-1.jpg\",\"contentUrl\":\"https:\\\/\\\/studium-und-dann.com\\\/wp-content\\\/uploads\\\/2025\\\/09\\\/Zusammen-Hintergrund-1.jpg\",\"width\":1800,\"height\":600},{\"@type\":\"BreadcrumbList\",\"@id\":\"https:\\\/\\\/studium-und-dann.com\\\/?page_id=29#breadcrumb\",\"itemListElement\":[{\"@type\":\"ListItem\",\"position\":1,\"name\":\"Start\",\"item\":\"https:\\\/\\\/studium-und-dann.com\\\/\"},{\"@type\":\"ListItem\",\"position\":2,\"name\":\"Partnerprogramm\"}]},{\"@type\":\"WebSite\",\"@id\":\"https:\\\/\\\/studium-und-dann.com\\\/#website\",\"url\":\"https:\\\/\\\/studium-und-dann.com\\\/\",\"name\":\"STUDIUM &amp; DANN?\",\"description\":\"Podcasts zur Berufsorientierung\",\"potentialAction\":[{\"@type\":\"SearchAction\",\"target\":{\"@type\":\"EntryPoint\",\"urlTemplate\":\"https:\\\/\\\/studium-und-dann.com\\\/?s={search_term_string}\"},\"query-input\":{\"@type\":\"PropertyValueSpecification\",\"valueRequired\":true,\"valueName\":\"search_term_string\"}}],\"inLanguage\":\"de\"}]}<\/script>\n<!-- \/ Yoast SEO plugin. -->","yoast_head_json":{"title":"Partnerprogramm - STUDIUM &amp; DANN?","robots":{"index":"index","follow":"follow","max-snippet":"max-snippet:-1","max-image-preview":"max-image-preview:large","max-video-preview":"max-video-preview:-1"},"canonical":"https:\/\/studium-und-dann.com\/?page_id=29","og_locale":"de_DE","og_type":"article","og_title":"Partnerprogramm - STUDIUM &amp; DANN?","og_description":"[vc_row][vc_column][vc_column_text] Ein gemeinsames Projekt f\u00fcr mehr Vielfalt","og_url":"https:\/\/studium-und-dann.com\/?page_id=29","og_site_name":"STUDIUM &amp; DANN?","article_modified_time":"2026-03-25T08:09:19+00:00","og_image":[{"width":1800,"height":600,"url":"https:\/\/studium-und-dann.com\/wp-content\/uploads\/2025\/09\/Zusammen-Hintergrund-1.jpg","type":"image\/jpeg"}],"twitter_card":"summary_large_image","twitter_misc":{"Gesch\u00e4tzte Lesezeit":"3\u00a0Minuten"},"schema":{"@context":"https:\/\/schema.org","@graph":[{"@type":"WebPage","@id":"https:\/\/studium-und-dann.com\/?page_id=29","url":"https:\/\/studium-und-dann.com\/?page_id=29","name":"Partnerprogramm - STUDIUM &amp; DANN?","isPartOf":{"@id":"https:\/\/studium-und-dann.com\/#website"},"primaryImageOfPage":{"@id":"https:\/\/studium-und-dann.com\/?page_id=29#primaryimage"},"image":{"@id":"https:\/\/studium-und-dann.com\/?page_id=29#primaryimage"},"thumbnailUrl":"https:\/\/studium-und-dann.com\/wp-content\/uploads\/2025\/09\/Zusammen-Hintergrund-1.jpg","datePublished":"2020-01-22T14:50:00+00:00","dateModified":"2026-03-25T08:09:19+00:00","breadcrumb":{"@id":"https:\/\/studium-und-dann.com\/?page_id=29#breadcrumb"},"inLanguage":"de","potentialAction":[{"@type":"ReadAction","target":["https:\/\/studium-und-dann.com\/?page_id=29"]}]},{"@type":"ImageObject","inLanguage":"de","@id":"https:\/\/studium-und-dann.com\/?page_id=29#primaryimage","url":"https:\/\/studium-und-dann.com\/wp-content\/uploads\/2025\/09\/Zusammen-Hintergrund-1.jpg","contentUrl":"https:\/\/studium-und-dann.com\/wp-content\/uploads\/2025\/09\/Zusammen-Hintergrund-1.jpg","width":1800,"height":600},{"@type":"BreadcrumbList","@id":"https:\/\/studium-und-dann.com\/?page_id=29#breadcrumb","itemListElement":[{"@type":"ListItem","position":1,"name":"Start","item":"https:\/\/studium-und-dann.com\/"},{"@type":"ListItem","position":2,"name":"Partnerprogramm"}]},{"@type":"WebSite","@id":"https:\/\/studium-und-dann.com\/#website","url":"https:\/\/studium-und-dann.com\/","name":"STUDIUM &amp; DANN?","description":"Podcasts zur Berufsorientierung","potentialAction":[{"@type":"SearchAction","target":{"@type":"EntryPoint","urlTemplate":"https:\/\/studium-und-dann.com\/?s={search_term_string}"},"query-input":{"@type":"PropertyValueSpecification","valueRequired":true,"valueName":"search_term_string"}}],"inLanguage":"de"}]}},"_links":{"self":[{"href":"https:\/\/studium-und-dann.com\/index.php?rest_route=\/wp\/v2\/pages\/29","targetHints":{"allow":["GET"]}}],"collection":[{"href":"https:\/\/studium-und-dann.com\/index.php?rest_route=\/wp\/v2\/pages"}],"about":[{"href":"https:\/\/studium-und-dann.com\/index.php?rest_route=\/wp\/v2\/types\/page"}],"author":[{"embeddable":true,"href":"https:\/\/studium-und-dann.com\/index.php?rest_route=\/wp\/v2\/users\/1"}],"replies":[{"embeddable":true,"href":"https:\/\/studium-und-dann.com\/index.php?rest_route=%2Fwp%2Fv2%2Fcomments&post=29"}],"version-history":[{"count":63,"href":"https:\/\/studium-und-dann.com\/index.php?rest_route=\/wp\/v2\/pages\/29\/revisions"}],"predecessor-version":[{"id":16703,"href":"https:\/\/studium-und-dann.com\/index.php?rest_route=\/wp\/v2\/pages\/29\/revisions\/16703"}],"wp:featuredmedia":[{"embeddable":true,"href":"https:\/\/studium-und-dann.com\/index.php?rest_route=\/wp\/v2\/media\/448"}],"wp:attachment":[{"href":"https:\/\/studium-und-dann.com\/index.php?rest_route=%2Fwp%2Fv2%2Fmedia&parent=29"}],"curies":[{"name":"wp","href":"https:\/\/api.w.org\/{rel}","templated":true}]}}