{"id":356,"date":"2025-08-27T19:27:59","date_gmt":"2025-08-27T19:27:59","guid":{"rendered":"https:\/\/studium-und-dann.com\/?page_id=356"},"modified":"2026-03-21T07:14:43","modified_gmt":"2026-03-21T07:14:43","slug":"partnerhochschulen","status":"publish","type":"page","link":"https:\/\/studium-und-dann.com\/?page_id=356","title":{"rendered":"Partnerhochschulen"},"content":{"rendered":"[vc_row][vc_column width=&#8220;1\/3&#8243;][vc_single_image image=&#8220;364&#8243; img_size=&#8220;medium&#8220; alignment=&#8220;center&#8220;][\/vc_column][vc_column width=&#8220;1\/3&#8243;][vc_single_image image=&#8220;16452&#8243; img_size=&#8220;medium&#8220; alignment=&#8220;center&#8220;][\/vc_column][vc_column width=&#8220;1\/3&#8243;][vc_single_image image=&#8220;370&#8243; img_size=&#8220;medium&#8220; alignment=&#8220;center&#8220;][\/vc_column][\/vc_row][vc_row][vc_column][vc_column_text]\r\n<h2 class=\"wp-block-heading\">Stimmen unserer Partnerhochschulen:<\/h2>\r\n[\/vc_column_text][vc_single_image image=&#8220;394&#8243; alignment=&#8220;center&#8220; style=&#8220;vc_box_circle_2&#8243; css=&#8220;.vc_custom_1758887843208{margin-bottom: -60px !important;border-radius: 35px !important;}&#8220;][vc_column_text]\r\n<blockquote>\u201eW\u00e4hrend Career Services Studierende beim \u00dcbergang in den Beruf unterst\u00fctzen, setzt Alumni-Management dort an, wo dieser Schritt gelungen ist. Es schafft die Grundlage f\u00fcr eine dauerhafte Verbindung zwischen Hochschule und Alumni und erg\u00e4nzt damit den Auftrag zur \u201eArbeitsmarktbef\u00e4higung\u201c um eine langfristige Perspektive.\u201c\r\n\r\n<cite>Christine Haller, <em>Alumni-Managerin der Hochschule Darmstadt<\/em><\/cite><\/blockquote>\r\n[\/vc_column_text][\/vc_column][\/vc_row][vc_row][vc_column][vc_column_text][\/vc_column_text][vc_single_image image=&#8220;582&#8243; alignment=&#8220;center&#8220; style=&#8220;vc_box_circle_2&#8243; css=&#8220;.vc_custom_1762345342828{margin-bottom: -60px !important;border-radius: 35px !important;}&#8220;][vc_column_text]\r\n<blockquote>&#8222;Studium &amp; dann?\u2018 ist ein zeitgem\u00e4\u00dfes Format, das die Generation Z auf ihrem Weg von der Studienwahl bis zum Berufseinstieg begleitet. Mit einem authentischen, relevanten und praxisnahen Konzept bietet der Podcast wertvolle Inspiration f\u00fcr junge Talente \u2013 ein Angebot, das ich all diesen Gruppen nur ausdr\u00fccklich empfehlen kann.&#8220;\r\n\r\n&nbsp;\r\n\r\n<cite><em>Dr. Mats Kahl, Gastprofessor an der Universidad Carlos III de Madrid und Vorstandsvorsitzender des Alumni- und F\u00f6rdervereins e.V.<\/em><\/cite><\/blockquote>\r\n[\/vc_column_text][\/vc_column][\/vc_row][vc_row][vc_column][\/vc_column][\/vc_row]<!-- \/wp:post-content -->","protected":false},"excerpt":{"rendered":"<p>[vc_row][vc_column width=&#8220;1\/3&#8243;][vc_single_image image=&#8220;364&#8243; img_size=&#8220;medium&#8220; alignment=&#8220;center&#8220;][\/vc_column][vc_column width=&#8220;1\/3&#8243;][vc_single_image image=&#8220;16452&#8243; img_size=&#8220;medium&#8220; alignment=&#8220;center&#8220;][\/vc_column][vc_column width=&#8220;1\/3&#8243;][vc_single_image image=&#8220;370&#8243; img_size=&#8220;medium&#8220; alignment=&#8220;center&#8220;][\/vc_column][\/vc_row][vc_row][vc_column][vc_column_text] Stimmen unserer Partnerhochschulen: [\/vc_column_text][vc_single_image image=&#8220;394&#8243; alignment=&#8220;center&#8220; style=&#8220;vc_box_circle_2&#8243; css=&#8220;.vc_custom_1758887843208{margin-bottom: -60px !important;border-radius: 35px !important;}&#8220;][vc_column_text] \u201eW\u00e4hrend Career Services Studierende beim \u00dcbergang in den Beruf unterst\u00fctzen, setzt Alumni-Management dort an, wo dieser Schritt gelungen ist. Es schafft die Grundlage f\u00fcr eine [&#8230;]<\/p>\n","protected":false},"author":1,"featured_media":547,"parent":0,"menu_order":0,"comment_status":"closed","ping_status":"closed","template":"","meta":{"footnotes":""},"class_list":["post-356","page","type-page","status-publish","has-post-thumbnail","hentry"],"yoast_head":"<!-- This site is optimized with the Yoast SEO plugin v27.4 - https:\/\/yoast.com\/product\/yoast-seo-wordpress\/ -->\n<title>Partnerhochschulen - STUDIUM &amp; DANN?<\/title>\n<meta name=\"robots\" content=\"index, follow, max-snippet:-1, max-image-preview:large, max-video-preview:-1\" \/>\n<link rel=\"canonical\" href=\"https:\/\/studium-und-dann.com\/?page_id=356\" \/>\n<meta property=\"og:locale\" content=\"de_DE\" \/>\n<meta property=\"og:type\" content=\"article\" \/>\n<meta property=\"og:title\" content=\"Partnerhochschulen - STUDIUM &amp; DANN?\" \/>\n<meta property=\"og:description\" content=\"[vc_row][vc_column width=&#8220;1\/3&#8243;][vc_single_image image=&#8220;364&#8243; img_size=&#8220;medium&#8220; alignment=&#8220;center&#8220;][\/vc_column][vc_column width=&#8220;1\/3&#8243;][vc_single_image image=&#8220;16452&#8243; img_size=&#8220;medium&#8220; alignment=&#8220;center&#8220;][\/vc_column][vc_column width=&#8220;1\/3&#8243;][vc_single_image image=&#8220;370&#8243; img_size=&#8220;medium&#8220; alignment=&#8220;center&#8220;][\/vc_column][\/vc_row][vc_row][vc_column][vc_column_text] Stimmen unserer Partnerhochschulen: [\/vc_column_text][vc_single_image image=&#8220;394&#8243; alignment=&#8220;center&#8220; style=&#8220;vc_box_circle_2&#8243; css=&#8220;.vc_custom_1758887843208{margin-bottom: -60px !important;border-radius: 35px !important;}&#8220;][vc_column_text] \u201eW\u00e4hrend Career Services Studierende beim \u00dcbergang in den Beruf unterst\u00fctzen, setzt Alumni-Management dort an, wo dieser Schritt gelungen ist. Es schafft die Grundlage f\u00fcr eine [...]\" \/>\n<meta property=\"og:url\" content=\"https:\/\/studium-und-dann.com\/?page_id=356\" \/>\n<meta property=\"og:site_name\" content=\"STUDIUM &amp; DANN?\" \/>\n<meta property=\"article:modified_time\" content=\"2026-03-21T07:14:43+00:00\" \/>\n<meta property=\"og:image\" content=\"https:\/\/studium-und-dann.com\/wp-content\/uploads\/2025\/09\/Zwischentitel-19.jpg\" \/>\n\t<meta property=\"og:image:width\" content=\"1800\" \/>\n\t<meta property=\"og:image:height\" content=\"600\" \/>\n\t<meta property=\"og:image:type\" content=\"image\/jpeg\" \/>\n<meta name=\"twitter:card\" content=\"summary_large_image\" \/>\n<meta name=\"twitter:label1\" content=\"Gesch\u00e4tzte Lesezeit\" \/>\n\t<meta name=\"twitter:data1\" content=\"1\u00a0Minute\" \/>\n<script type=\"application\/ld+json\" class=\"yoast-schema-graph\">{\"@context\":\"https:\\\/\\\/schema.org\",\"@graph\":[{\"@type\":\"WebPage\",\"@id\":\"https:\\\/\\\/studium-und-dann.com\\\/?page_id=356\",\"url\":\"https:\\\/\\\/studium-und-dann.com\\\/?page_id=356\",\"name\":\"Partnerhochschulen - STUDIUM &amp; DANN?\",\"isPartOf\":{\"@id\":\"https:\\\/\\\/studium-und-dann.com\\\/#website\"},\"primaryImageOfPage\":{\"@id\":\"https:\\\/\\\/studium-und-dann.com\\\/?page_id=356#primaryimage\"},\"image\":{\"@id\":\"https:\\\/\\\/studium-und-dann.com\\\/?page_id=356#primaryimage\"},\"thumbnailUrl\":\"https:\\\/\\\/studium-und-dann.com\\\/wp-content\\\/uploads\\\/2025\\\/09\\\/Zwischentitel-19.jpg\",\"datePublished\":\"2025-08-27T19:27:59+00:00\",\"dateModified\":\"2026-03-21T07:14:43+00:00\",\"breadcrumb\":{\"@id\":\"https:\\\/\\\/studium-und-dann.com\\\/?page_id=356#breadcrumb\"},\"inLanguage\":\"de\",\"potentialAction\":[{\"@type\":\"ReadAction\",\"target\":[\"https:\\\/\\\/studium-und-dann.com\\\/?page_id=356\"]}]},{\"@type\":\"ImageObject\",\"inLanguage\":\"de\",\"@id\":\"https:\\\/\\\/studium-und-dann.com\\\/?page_id=356#primaryimage\",\"url\":\"https:\\\/\\\/studium-und-dann.com\\\/wp-content\\\/uploads\\\/2025\\\/09\\\/Zwischentitel-19.jpg\",\"contentUrl\":\"https:\\\/\\\/studium-und-dann.com\\\/wp-content\\\/uploads\\\/2025\\\/09\\\/Zwischentitel-19.jpg\",\"width\":1800,\"height\":600},{\"@type\":\"BreadcrumbList\",\"@id\":\"https:\\\/\\\/studium-und-dann.com\\\/?page_id=356#breadcrumb\",\"itemListElement\":[{\"@type\":\"ListItem\",\"position\":1,\"name\":\"Start\",\"item\":\"https:\\\/\\\/studium-und-dann.com\\\/\"},{\"@type\":\"ListItem\",\"position\":2,\"name\":\"Partnerhochschulen\"}]},{\"@type\":\"WebSite\",\"@id\":\"https:\\\/\\\/studium-und-dann.com\\\/#website\",\"url\":\"https:\\\/\\\/studium-und-dann.com\\\/\",\"name\":\"STUDIUM &amp; DANN?\",\"description\":\"Podcasts zur Berufsorientierung\",\"potentialAction\":[{\"@type\":\"SearchAction\",\"target\":{\"@type\":\"EntryPoint\",\"urlTemplate\":\"https:\\\/\\\/studium-und-dann.com\\\/?s={search_term_string}\"},\"query-input\":{\"@type\":\"PropertyValueSpecification\",\"valueRequired\":true,\"valueName\":\"search_term_string\"}}],\"inLanguage\":\"de\"}]}<\/script>\n<!-- \/ Yoast SEO plugin. -->","yoast_head_json":{"title":"Partnerhochschulen - STUDIUM &amp; DANN?","robots":{"index":"index","follow":"follow","max-snippet":"max-snippet:-1","max-image-preview":"max-image-preview:large","max-video-preview":"max-video-preview:-1"},"canonical":"https:\/\/studium-und-dann.com\/?page_id=356","og_locale":"de_DE","og_type":"article","og_title":"Partnerhochschulen - STUDIUM &amp; DANN?","og_description":"[vc_row][vc_column width=&#8220;1\/3&#8243;][vc_single_image image=&#8220;364&#8243; img_size=&#8220;medium&#8220; alignment=&#8220;center&#8220;][\/vc_column][vc_column width=&#8220;1\/3&#8243;][vc_single_image image=&#8220;16452&#8243; img_size=&#8220;medium&#8220; alignment=&#8220;center&#8220;][\/vc_column][vc_column width=&#8220;1\/3&#8243;][vc_single_image image=&#8220;370&#8243; img_size=&#8220;medium&#8220; alignment=&#8220;center&#8220;][\/vc_column][\/vc_row][vc_row][vc_column][vc_column_text] Stimmen unserer Partnerhochschulen: [\/vc_column_text][vc_single_image image=&#8220;394&#8243; alignment=&#8220;center&#8220; style=&#8220;vc_box_circle_2&#8243; css=&#8220;.vc_custom_1758887843208{margin-bottom: -60px !important;border-radius: 35px !important;}&#8220;][vc_column_text] \u201eW\u00e4hrend Career Services Studierende beim \u00dcbergang in den Beruf unterst\u00fctzen, setzt Alumni-Management dort an, wo dieser Schritt gelungen ist. Es schafft die Grundlage f\u00fcr eine [...]","og_url":"https:\/\/studium-und-dann.com\/?page_id=356","og_site_name":"STUDIUM &amp; DANN?","article_modified_time":"2026-03-21T07:14:43+00:00","og_image":[{"width":1800,"height":600,"url":"https:\/\/studium-und-dann.com\/wp-content\/uploads\/2025\/09\/Zwischentitel-19.jpg","type":"image\/jpeg"}],"twitter_card":"summary_large_image","twitter_misc":{"Gesch\u00e4tzte Lesezeit":"1\u00a0Minute"},"schema":{"@context":"https:\/\/schema.org","@graph":[{"@type":"WebPage","@id":"https:\/\/studium-und-dann.com\/?page_id=356","url":"https:\/\/studium-und-dann.com\/?page_id=356","name":"Partnerhochschulen - STUDIUM &amp; DANN?","isPartOf":{"@id":"https:\/\/studium-und-dann.com\/#website"},"primaryImageOfPage":{"@id":"https:\/\/studium-und-dann.com\/?page_id=356#primaryimage"},"image":{"@id":"https:\/\/studium-und-dann.com\/?page_id=356#primaryimage"},"thumbnailUrl":"https:\/\/studium-und-dann.com\/wp-content\/uploads\/2025\/09\/Zwischentitel-19.jpg","datePublished":"2025-08-27T19:27:59+00:00","dateModified":"2026-03-21T07:14:43+00:00","breadcrumb":{"@id":"https:\/\/studium-und-dann.com\/?page_id=356#breadcrumb"},"inLanguage":"de","potentialAction":[{"@type":"ReadAction","target":["https:\/\/studium-und-dann.com\/?page_id=356"]}]},{"@type":"ImageObject","inLanguage":"de","@id":"https:\/\/studium-und-dann.com\/?page_id=356#primaryimage","url":"https:\/\/studium-und-dann.com\/wp-content\/uploads\/2025\/09\/Zwischentitel-19.jpg","contentUrl":"https:\/\/studium-und-dann.com\/wp-content\/uploads\/2025\/09\/Zwischentitel-19.jpg","width":1800,"height":600},{"@type":"BreadcrumbList","@id":"https:\/\/studium-und-dann.com\/?page_id=356#breadcrumb","itemListElement":[{"@type":"ListItem","position":1,"name":"Start","item":"https:\/\/studium-und-dann.com\/"},{"@type":"ListItem","position":2,"name":"Partnerhochschulen"}]},{"@type":"WebSite","@id":"https:\/\/studium-und-dann.com\/#website","url":"https:\/\/studium-und-dann.com\/","name":"STUDIUM &amp; DANN?","description":"Podcasts zur Berufsorientierung","potentialAction":[{"@type":"SearchAction","target":{"@type":"EntryPoint","urlTemplate":"https:\/\/studium-und-dann.com\/?s={search_term_string}"},"query-input":{"@type":"PropertyValueSpecification","valueRequired":true,"valueName":"search_term_string"}}],"inLanguage":"de"}]}},"_links":{"self":[{"href":"https:\/\/studium-und-dann.com\/index.php?rest_route=\/wp\/v2\/pages\/356","targetHints":{"allow":["GET"]}}],"collection":[{"href":"https:\/\/studium-und-dann.com\/index.php?rest_route=\/wp\/v2\/pages"}],"about":[{"href":"https:\/\/studium-und-dann.com\/index.php?rest_route=\/wp\/v2\/types\/page"}],"author":[{"embeddable":true,"href":"https:\/\/studium-und-dann.com\/index.php?rest_route=\/wp\/v2\/users\/1"}],"replies":[{"embeddable":true,"href":"https:\/\/studium-und-dann.com\/index.php?rest_route=%2Fwp%2Fv2%2Fcomments&post=356"}],"version-history":[{"count":34,"href":"https:\/\/studium-und-dann.com\/index.php?rest_route=\/wp\/v2\/pages\/356\/revisions"}],"predecessor-version":[{"id":16698,"href":"https:\/\/studium-und-dann.com\/index.php?rest_route=\/wp\/v2\/pages\/356\/revisions\/16698"}],"wp:featuredmedia":[{"embeddable":true,"href":"https:\/\/studium-und-dann.com\/index.php?rest_route=\/wp\/v2\/media\/547"}],"wp:attachment":[{"href":"https:\/\/studium-und-dann.com\/index.php?rest_route=%2Fwp%2Fv2%2Fmedia&parent=356"}],"curies":[{"name":"wp","href":"https:\/\/api.w.org\/{rel}","templated":true}]}}