{"id":595,"date":"2025-11-05T13:44:48","date_gmt":"2025-11-05T13:44:48","guid":{"rendered":"https:\/\/studium-und-dann.com\/?page_id=595"},"modified":"2026-04-17T10:13:50","modified_gmt":"2026-04-17T10:13:50","slug":"kuratorium","status":"publish","type":"page","link":"https:\/\/studium-und-dann.com\/?page_id=595","title":{"rendered":"Kuratorium"},"content":{"rendered":"<p>[vc_row][vc_column][vc_column_text]<strong>Das Kuratorium zu unserem Podcast \u201eStudium &amp; dann?\u201c <\/strong><\/p>\n<p>Allein im deutschsprachigen Raum existieren mittlerweile hunderte Podcasts zu den unterschiedlichsten Themen im Bereich Studium- und Berufsorientierung. Mit <em>\u201eStudium und dann?\u201c<\/em> entsteht ein universit\u00e4ts\u00fcbergreifendes Gemeinschaftsprojekt, das sich gezielt der Studien- und Berufsorientierung widmet und dabei das Medium Podcast als innovatives und niedrigschwelliges Format nutzt.<\/p>\n<p><strong>Der Podcast ist weit mehr als ein einfaches Audio-Entertainment<\/strong><\/p>\n<p>\u201eStudium &amp; dann?\u201c wird von einem interdisziplin\u00e4ren Team aus Expertinnen und Experten aus den Bereichen <strong>Studienberatung, Berufsorientierung, Redaktion, Karriereberatung, Podcasts, Hochschuldidaktik und neue Medien<\/strong> kuratiert. Gemeinsam verfolgen wir das Ziel, die Vielfalt akademischer Bildung sichtbar zu machen und Orientierung in einer zunehmend komplexen Berufs- und Hochschullandschaft zu bieten.<\/p>\n<p>Mit rund <strong>28.000 verschiedenen Studieng\u00e4ngen<\/strong> in Deutschland ist die Entscheidungsfindung f\u00fcr Studieninteressierte eine enorme Herausforderung. Podcasts k\u00f6nnen hier ein didaktisch wertvolles, gleichzeitig unterhaltsames Medium sein: authentisch, pers\u00f6nlich, zeitgem\u00e4\u00df und nachhaltig. Sie erg\u00e4nzen klassische Informationskan\u00e4le auf ideale Weise und er\u00f6ffnen neue Zug\u00e4nge zur Bildungs- und Berufsorientierung.<\/p>\n<p>Das <strong>Kuratorium<\/strong> begleitet und unterst\u00fctzt dieses Projekt fachlich, strategisch und ideell. Es tr\u00e4gt dazu bei, das Potenzial des Mediums Podcast st\u00e4rker in der Studienwahl und Berufsorientierung zu verankern und den Austausch zwischen Wissenschaft, Beratung und Medienpraxis zu f\u00f6rdern.<\/p>\n<p>Wir sind \u00fcberzeugt: Dieses Potenzial verdient Aufmerksamkeit, F\u00f6rderung \u2013 und gemeinsame Verantwortung.[\/vc_column_text][\/vc_column][\/vc_row][vc_row][vc_column][vc_column_text]<\/p>\n<h4><strong>Unsere Kurator*innen:<\/strong><\/h4>\n<p>[\/vc_column_text][\/vc_column][\/vc_row][vc_row][vc_column width=&#8220;1\/2&#8243;][vc_single_image image=&#8220;16666&#8243; alignment=&#8220;center&#8220; style=&#8220;vc_box_circle&#8220;][vc_column_text]<\/p>\n<p style=\"text-align: center;\"><a href=\"https:\/\/studium-und-dann.com\/?page_id=647\"><strong>Christian Friedrich<br \/>\n<\/strong><\/a><em>Moderator &amp; Podcast Produzent<\/em><br \/>\n<em>Experte f\u00fcr Strategie und Format-Entwicklungen<\/em>[\/vc_column_text][\/vc_column][vc_column width=&#8220;1\/2&#8243;][vc_single_image image=&#8220;16621&#8243; alignment=&#8220;center&#8220; style=&#8220;vc_box_circle&#8220;][vc_column_text]<\/p>\n<p style=\"text-align: center;\"><a href=\"https:\/\/studium-und-dann.com\/?page_id=16611\"><strong>Dr. Tina Fletemeyer<br \/>\n<\/strong><\/a><em>wissenschaftliche Mitarbeiterin am Institut f\u00fcr \u00d6konomische Bildung an der Universit\u00e4t Oldenburg<\/em>[\/vc_column_text][\/vc_column][\/vc_row][vc_row][vc_column width=&#8220;1\/2&#8243;][vc_single_image image=&#8220;16625&#8243; alignment=&#8220;center&#8220; style=&#8220;vc_box_circle&#8220;][vc_column_text]<\/p>\n<p style=\"text-align: center;\"><a href=\"https:\/\/studium-und-dann.com\/?page_id=16623\"><strong>Prof. Dr. Constance Richter<br \/>\n<\/strong><\/a><em>Lehrstuhl Technische Kommunikation und Usability der Hochschule Aalen<\/em><\/p>\n<p>[\/vc_column_text][\/vc_column][vc_column width=&#8220;1\/2&#8243;][vc_single_image image=&#8220;604&#8243; alignment=&#8220;center&#8220; style=&#8220;vc_box_circle&#8220;][vc_column_text]<\/p>\n<p style=\"text-align: center;\"><a href=\"https:\/\/studium-und-dann.com\/?page_id=602\"><strong>Stephan Paulini<br \/>\n<\/strong><\/a><em>Gesch\u00e4ftsf\u00fchrer von MyGermanUniversity<\/em>[\/vc_column_text][\/vc_column][\/vc_row][vc_row][vc_column width=&#8220;1\/4&#8243;][\/vc_column][vc_column width=&#8220;1\/2&#8243;][vc_single_image image=&#8220;26778&#8243; alignment=&#8220;center&#8220; style=&#8220;vc_box_circle&#8220;][vc_column_text]<\/p>\n<p style=\"text-align: center;\"><a href=\"https:\/\/studium-und-dann.com\/?page_id=26782\"><strong>Vivian Upmann<br \/>\n<\/strong><\/a><em>\u00a0Moderatorin &amp; Podcast-Dozentin,<\/em><em>\u00a0Expertin f\u00fcr Moderation, Interviewf\u00fchrung und Format-Entwicklung <\/em><\/p>\n<p>[\/vc_column_text][\/vc_column][vc_column width=&#8220;1\/4&#8243;][\/vc_column][\/vc_row]<\/p>\n","protected":false},"excerpt":{"rendered":"<p>[vc_row][vc_column][vc_column_text]Das Kuratorium zu unserem Podcast \u201eStudium &amp; dann?\u201c Allein im deutschsprachigen Raum existieren mittlerweile hunderte Podcasts zu den unterschiedlichsten Themen im Bereich Studium- und Berufsorientierung. Mit \u201eStudium und dann?\u201c entsteht ein universit\u00e4ts\u00fcbergreifendes Gemeinschaftsprojekt, das sich gezielt der Studien- und Berufsorientierung widmet und dabei das Medium Podcast als innovatives und niedrigschwelliges [&#8230;]<\/p>\n","protected":false},"author":1,"featured_media":616,"parent":0,"menu_order":0,"comment_status":"closed","ping_status":"closed","template":"","meta":{"footnotes":""},"class_list":["post-595","page","type-page","status-publish","has-post-thumbnail","hentry"],"yoast_head":"<!-- This site is optimized with the Yoast SEO plugin v27.4 - https:\/\/yoast.com\/product\/yoast-seo-wordpress\/ -->\n<title>Kuratorium - STUDIUM &amp; DANN?<\/title>\n<meta name=\"robots\" content=\"index, follow, max-snippet:-1, max-image-preview:large, max-video-preview:-1\" \/>\n<link rel=\"canonical\" href=\"https:\/\/studium-und-dann.com\/?page_id=595\" \/>\n<meta property=\"og:locale\" content=\"de_DE\" \/>\n<meta property=\"og:type\" content=\"article\" \/>\n<meta property=\"og:title\" content=\"Kuratorium - STUDIUM &amp; DANN?\" \/>\n<meta property=\"og:description\" content=\"[vc_row][vc_column][vc_column_text]Das Kuratorium zu unserem Podcast \u201eStudium &amp; dann?\u201c Allein im deutschsprachigen Raum existieren mittlerweile hunderte Podcasts zu den unterschiedlichsten Themen im Bereich Studium- und Berufsorientierung. Mit \u201eStudium und dann?\u201c entsteht ein universit\u00e4ts\u00fcbergreifendes Gemeinschaftsprojekt, das sich gezielt der Studien- und Berufsorientierung widmet und dabei das Medium Podcast als innovatives und niedrigschwelliges [...]\" \/>\n<meta property=\"og:url\" content=\"https:\/\/studium-und-dann.com\/?page_id=595\" \/>\n<meta property=\"og:site_name\" content=\"STUDIUM &amp; DANN?\" \/>\n<meta property=\"article:modified_time\" content=\"2026-04-17T10:13:50+00:00\" \/>\n<meta property=\"og:image\" content=\"https:\/\/studium-und-dann.com\/wp-content\/uploads\/2025\/11\/kuratorium_4-scaled.jpg\" \/>\n\t<meta property=\"og:image:width\" content=\"2560\" \/>\n\t<meta property=\"og:image:height\" content=\"1073\" \/>\n\t<meta property=\"og:image:type\" content=\"image\/jpeg\" \/>\n<meta name=\"twitter:card\" content=\"summary_large_image\" \/>\n<meta name=\"twitter:label1\" content=\"Gesch\u00e4tzte Lesezeit\" \/>\n\t<meta name=\"twitter:data1\" content=\"2\u00a0Minuten\" \/>\n<script type=\"application\/ld+json\" class=\"yoast-schema-graph\">{\"@context\":\"https:\\\/\\\/schema.org\",\"@graph\":[{\"@type\":\"WebPage\",\"@id\":\"https:\\\/\\\/studium-und-dann.com\\\/?page_id=595\",\"url\":\"https:\\\/\\\/studium-und-dann.com\\\/?page_id=595\",\"name\":\"Kuratorium - STUDIUM &amp; DANN?\",\"isPartOf\":{\"@id\":\"https:\\\/\\\/studium-und-dann.com\\\/#website\"},\"primaryImageOfPage\":{\"@id\":\"https:\\\/\\\/studium-und-dann.com\\\/?page_id=595#primaryimage\"},\"image\":{\"@id\":\"https:\\\/\\\/studium-und-dann.com\\\/?page_id=595#primaryimage\"},\"thumbnailUrl\":\"https:\\\/\\\/studium-und-dann.com\\\/wp-content\\\/uploads\\\/2025\\\/11\\\/kuratorium_4-scaled.jpg\",\"datePublished\":\"2025-11-05T13:44:48+00:00\",\"dateModified\":\"2026-04-17T10:13:50+00:00\",\"breadcrumb\":{\"@id\":\"https:\\\/\\\/studium-und-dann.com\\\/?page_id=595#breadcrumb\"},\"inLanguage\":\"de\",\"potentialAction\":[{\"@type\":\"ReadAction\",\"target\":[\"https:\\\/\\\/studium-und-dann.com\\\/?page_id=595\"]}]},{\"@type\":\"ImageObject\",\"inLanguage\":\"de\",\"@id\":\"https:\\\/\\\/studium-und-dann.com\\\/?page_id=595#primaryimage\",\"url\":\"https:\\\/\\\/studium-und-dann.com\\\/wp-content\\\/uploads\\\/2025\\\/11\\\/kuratorium_4-scaled.jpg\",\"contentUrl\":\"https:\\\/\\\/studium-und-dann.com\\\/wp-content\\\/uploads\\\/2025\\\/11\\\/kuratorium_4-scaled.jpg\",\"width\":2560,\"height\":1073},{\"@type\":\"BreadcrumbList\",\"@id\":\"https:\\\/\\\/studium-und-dann.com\\\/?page_id=595#breadcrumb\",\"itemListElement\":[{\"@type\":\"ListItem\",\"position\":1,\"name\":\"Start\",\"item\":\"https:\\\/\\\/studium-und-dann.com\\\/\"},{\"@type\":\"ListItem\",\"position\":2,\"name\":\"Kuratorium\"}]},{\"@type\":\"WebSite\",\"@id\":\"https:\\\/\\\/studium-und-dann.com\\\/#website\",\"url\":\"https:\\\/\\\/studium-und-dann.com\\\/\",\"name\":\"STUDIUM &amp; DANN?\",\"description\":\"Podcasts zur Berufsorientierung\",\"potentialAction\":[{\"@type\":\"SearchAction\",\"target\":{\"@type\":\"EntryPoint\",\"urlTemplate\":\"https:\\\/\\\/studium-und-dann.com\\\/?s={search_term_string}\"},\"query-input\":{\"@type\":\"PropertyValueSpecification\",\"valueRequired\":true,\"valueName\":\"search_term_string\"}}],\"inLanguage\":\"de\"}]}<\/script>\n<!-- \/ Yoast SEO plugin. -->","yoast_head_json":{"title":"Kuratorium - STUDIUM &amp; DANN?","robots":{"index":"index","follow":"follow","max-snippet":"max-snippet:-1","max-image-preview":"max-image-preview:large","max-video-preview":"max-video-preview:-1"},"canonical":"https:\/\/studium-und-dann.com\/?page_id=595","og_locale":"de_DE","og_type":"article","og_title":"Kuratorium - STUDIUM &amp; DANN?","og_description":"[vc_row][vc_column][vc_column_text]Das Kuratorium zu unserem Podcast \u201eStudium &amp; dann?\u201c Allein im deutschsprachigen Raum existieren mittlerweile hunderte Podcasts zu den unterschiedlichsten Themen im Bereich Studium- und Berufsorientierung. Mit \u201eStudium und dann?\u201c entsteht ein universit\u00e4ts\u00fcbergreifendes Gemeinschaftsprojekt, das sich gezielt der Studien- und Berufsorientierung widmet und dabei das Medium Podcast als innovatives und niedrigschwelliges [...]","og_url":"https:\/\/studium-und-dann.com\/?page_id=595","og_site_name":"STUDIUM &amp; DANN?","article_modified_time":"2026-04-17T10:13:50+00:00","og_image":[{"width":2560,"height":1073,"url":"https:\/\/studium-und-dann.com\/wp-content\/uploads\/2025\/11\/kuratorium_4-scaled.jpg","type":"image\/jpeg"}],"twitter_card":"summary_large_image","twitter_misc":{"Gesch\u00e4tzte Lesezeit":"2\u00a0Minuten"},"schema":{"@context":"https:\/\/schema.org","@graph":[{"@type":"WebPage","@id":"https:\/\/studium-und-dann.com\/?page_id=595","url":"https:\/\/studium-und-dann.com\/?page_id=595","name":"Kuratorium - STUDIUM &amp; DANN?","isPartOf":{"@id":"https:\/\/studium-und-dann.com\/#website"},"primaryImageOfPage":{"@id":"https:\/\/studium-und-dann.com\/?page_id=595#primaryimage"},"image":{"@id":"https:\/\/studium-und-dann.com\/?page_id=595#primaryimage"},"thumbnailUrl":"https:\/\/studium-und-dann.com\/wp-content\/uploads\/2025\/11\/kuratorium_4-scaled.jpg","datePublished":"2025-11-05T13:44:48+00:00","dateModified":"2026-04-17T10:13:50+00:00","breadcrumb":{"@id":"https:\/\/studium-und-dann.com\/?page_id=595#breadcrumb"},"inLanguage":"de","potentialAction":[{"@type":"ReadAction","target":["https:\/\/studium-und-dann.com\/?page_id=595"]}]},{"@type":"ImageObject","inLanguage":"de","@id":"https:\/\/studium-und-dann.com\/?page_id=595#primaryimage","url":"https:\/\/studium-und-dann.com\/wp-content\/uploads\/2025\/11\/kuratorium_4-scaled.jpg","contentUrl":"https:\/\/studium-und-dann.com\/wp-content\/uploads\/2025\/11\/kuratorium_4-scaled.jpg","width":2560,"height":1073},{"@type":"BreadcrumbList","@id":"https:\/\/studium-und-dann.com\/?page_id=595#breadcrumb","itemListElement":[{"@type":"ListItem","position":1,"name":"Start","item":"https:\/\/studium-und-dann.com\/"},{"@type":"ListItem","position":2,"name":"Kuratorium"}]},{"@type":"WebSite","@id":"https:\/\/studium-und-dann.com\/#website","url":"https:\/\/studium-und-dann.com\/","name":"STUDIUM &amp; DANN?","description":"Podcasts zur Berufsorientierung","potentialAction":[{"@type":"SearchAction","target":{"@type":"EntryPoint","urlTemplate":"https:\/\/studium-und-dann.com\/?s={search_term_string}"},"query-input":{"@type":"PropertyValueSpecification","valueRequired":true,"valueName":"search_term_string"}}],"inLanguage":"de"}]}},"_links":{"self":[{"href":"https:\/\/studium-und-dann.com\/index.php?rest_route=\/wp\/v2\/pages\/595","targetHints":{"allow":["GET"]}}],"collection":[{"href":"https:\/\/studium-und-dann.com\/index.php?rest_route=\/wp\/v2\/pages"}],"about":[{"href":"https:\/\/studium-und-dann.com\/index.php?rest_route=\/wp\/v2\/types\/page"}],"author":[{"embeddable":true,"href":"https:\/\/studium-und-dann.com\/index.php?rest_route=\/wp\/v2\/users\/1"}],"replies":[{"embeddable":true,"href":"https:\/\/studium-und-dann.com\/index.php?rest_route=%2Fwp%2Fv2%2Fcomments&post=595"}],"version-history":[{"count":17,"href":"https:\/\/studium-und-dann.com\/index.php?rest_route=\/wp\/v2\/pages\/595\/revisions"}],"predecessor-version":[{"id":26791,"href":"https:\/\/studium-und-dann.com\/index.php?rest_route=\/wp\/v2\/pages\/595\/revisions\/26791"}],"wp:featuredmedia":[{"embeddable":true,"href":"https:\/\/studium-und-dann.com\/index.php?rest_route=\/wp\/v2\/media\/616"}],"wp:attachment":[{"href":"https:\/\/studium-und-dann.com\/index.php?rest_route=%2Fwp%2Fv2%2Fmedia&parent=595"}],"curies":[{"name":"wp","href":"https:\/\/api.w.org\/{rel}","templated":true}]}}