{"id":602,"date":"2025-11-06T20:25:17","date_gmt":"2025-11-06T20:25:17","guid":{"rendered":"https:\/\/studium-und-dann.com\/?page_id=602"},"modified":"2026-03-20T08:15:25","modified_gmt":"2026-03-20T08:15:25","slug":"kuratoren","status":"publish","type":"page","link":"https:\/\/studium-und-dann.com\/?page_id=602","title":{"rendered":"Stephan Paulini"},"content":{"rendered":"<p>[vc_row][vc_column][vc_single_image image=&#8220;604&#8243; alignment=&#8220;center&#8220; style=&#8220;vc_box_circle&#8220;][vc_column_text css=&#8220;.vc_custom_1762466031264{background-color: #eeee22 !important;}&#8220;]<\/p>\n<p style=\"text-align: center;\"><strong>Stephan Paulini<br \/>\n<\/strong><em>Gesch\u00e4ftsf\u00fchrer von MyGermanUniversity<\/em><\/p>\n<p>[\/vc_column_text][\/vc_column][\/vc_row][vc_row][vc_column][vc_column_text]<\/p>\n<h3>Kurator f\u00fcr:<\/h3>\n<p><strong>Studienorientierung und Integration internationaler Studierender<\/strong>[\/vc_column_text][\/vc_column][vc_column][vc_column_text]<\/p>\n<p data-start=\"165\" data-end=\"469\">Im Kuratorium engagiert sich <strong data-start=\"194\" data-end=\"213\">Stephan Paulini<\/strong> f\u00fcr die F\u00f6rderung innovativer, digitaler Formate zur Studienorientierung. Als Gesch\u00e4ftsf\u00fchrer von <em data-start=\"312\" data-end=\"332\">MyGermanUniversity<\/em> und ehemaliger Director des <em data-start=\"361\" data-end=\"391\">DAAD Information Center Peru<\/em> bringt er langj\u00e4hrige Erfahrung in der internationalen Studienberatung ein.<\/p>\n<p data-start=\"471\" data-end=\"775\">Er setzt sich f\u00fcr einen <strong data-start=\"495\" data-end=\"520\">ganzheitlichen Ansatz<\/strong> ein, der internationale Studieninteressierte von der <strong data-start=\"574\" data-end=\"627\">Studienwahl bis zum Berufseinstieg in Deutschland<\/strong> begleitet. Dabei unterst\u00fctzt er die <strong data-start=\"664\" data-end=\"708\">Integration internationaler Studierender<\/strong> und tr\u00e4gt dazu bei, <strong data-start=\"729\" data-end=\"772\">Abbruchquoten unter Incomings zu senken<\/strong>.<\/p>\n<p data-start=\"777\" data-end=\"928\">Durch sein Netzwerk und die <strong data-start=\"805\" data-end=\"856\">redaktionelle Einbindung auf MyGermanUniversity<\/strong> tr\u00e4gt er dazu bei, dass der Podcast weltweit zug\u00e4nglich gemacht wird.<\/p>\n<p>[\/vc_column_text][\/vc_column][\/vc_row]<\/p>\n","protected":false},"excerpt":{"rendered":"<p>[vc_row][vc_column][vc_single_image image=&#8220;604&#8243; alignment=&#8220;center&#8220; style=&#8220;vc_box_circle&#8220;][vc_column_text css=&#8220;.vc_custom_1762466031264{background-color: #eeee22 !important;}&#8220;] Stephan Paulini Gesch\u00e4ftsf\u00fchrer von MyGermanUniversity [\/vc_column_text][\/vc_column][\/vc_row][vc_row][vc_column][vc_column_text] Kurator f\u00fcr: Studienorientierung und Integration internationaler Studierender[\/vc_column_text][\/vc_column][vc_column][vc_column_text] Im Kuratorium engagiert sich Stephan Paulini f\u00fcr die F\u00f6rderung innovativer, digitaler Formate zur Studienorientierung. Als Gesch\u00e4ftsf\u00fchrer von MyGermanUniversity und ehemaliger Director des DAAD Information Center Peru bringt er langj\u00e4hrige Erfahrung [&#8230;]<\/p>\n","protected":false},"author":1,"featured_media":7860,"parent":0,"menu_order":0,"comment_status":"closed","ping_status":"closed","template":"","meta":{"footnotes":""},"class_list":["post-602","page","type-page","status-publish","has-post-thumbnail","hentry"],"yoast_head":"<!-- This site is optimized with the Yoast SEO plugin v27.4 - https:\/\/yoast.com\/product\/yoast-seo-wordpress\/ -->\n<title>Stephan Paulini - STUDIUM &amp; DANN?<\/title>\n<meta name=\"robots\" content=\"index, follow, max-snippet:-1, max-image-preview:large, max-video-preview:-1\" \/>\n<link rel=\"canonical\" href=\"https:\/\/studium-und-dann.com\/?page_id=602\" \/>\n<meta property=\"og:locale\" content=\"de_DE\" \/>\n<meta property=\"og:type\" content=\"article\" \/>\n<meta property=\"og:title\" content=\"Stephan Paulini - STUDIUM &amp; DANN?\" \/>\n<meta property=\"og:description\" content=\"[vc_row][vc_column][vc_single_image image=&#8220;604&#8243; alignment=&#8220;center&#8220; style=&#8220;vc_box_circle&#8220;][vc_column_text css=&#8220;.vc_custom_1762466031264{background-color: #eeee22 !important;}&#8220;] Stephan Paulini Gesch\u00e4ftsf\u00fchrer von MyGermanUniversity [\/vc_column_text][\/vc_column][\/vc_row][vc_row][vc_column][vc_column_text] Kurator f\u00fcr: Studienorientierung und Integration internationaler Studierender[\/vc_column_text][\/vc_column][vc_column][vc_column_text] Im Kuratorium engagiert sich Stephan Paulini f\u00fcr die F\u00f6rderung innovativer, digitaler Formate zur Studienorientierung. Als Gesch\u00e4ftsf\u00fchrer von MyGermanUniversity und ehemaliger Director des DAAD Information Center Peru bringt er langj\u00e4hrige Erfahrung [...]\" \/>\n<meta property=\"og:url\" content=\"https:\/\/studium-und-dann.com\/?page_id=602\" \/>\n<meta property=\"og:site_name\" content=\"STUDIUM &amp; DANN?\" \/>\n<meta property=\"article:modified_time\" content=\"2026-03-20T08:15:25+00:00\" \/>\n<meta property=\"og:image\" content=\"https:\/\/studium-und-dann.com\/wp-content\/uploads\/2025\/12\/6.jpg\" \/>\n\t<meta property=\"og:image:width\" content=\"1660\" \/>\n\t<meta property=\"og:image:height\" content=\"790\" \/>\n\t<meta property=\"og:image:type\" content=\"image\/jpeg\" \/>\n<meta name=\"twitter:card\" content=\"summary_large_image\" \/>\n<meta name=\"twitter:label1\" content=\"Gesch\u00e4tzte Lesezeit\" \/>\n\t<meta name=\"twitter:data1\" content=\"1\u00a0Minute\" \/>\n<script type=\"application\/ld+json\" class=\"yoast-schema-graph\">{\"@context\":\"https:\\\/\\\/schema.org\",\"@graph\":[{\"@type\":\"WebPage\",\"@id\":\"https:\\\/\\\/studium-und-dann.com\\\/?page_id=602\",\"url\":\"https:\\\/\\\/studium-und-dann.com\\\/?page_id=602\",\"name\":\"Stephan Paulini - STUDIUM &amp; DANN?\",\"isPartOf\":{\"@id\":\"https:\\\/\\\/studium-und-dann.com\\\/#website\"},\"primaryImageOfPage\":{\"@id\":\"https:\\\/\\\/studium-und-dann.com\\\/?page_id=602#primaryimage\"},\"image\":{\"@id\":\"https:\\\/\\\/studium-und-dann.com\\\/?page_id=602#primaryimage\"},\"thumbnailUrl\":\"https:\\\/\\\/studium-und-dann.com\\\/wp-content\\\/uploads\\\/2025\\\/12\\\/6.jpg\",\"datePublished\":\"2025-11-06T20:25:17+00:00\",\"dateModified\":\"2026-03-20T08:15:25+00:00\",\"breadcrumb\":{\"@id\":\"https:\\\/\\\/studium-und-dann.com\\\/?page_id=602#breadcrumb\"},\"inLanguage\":\"de\",\"potentialAction\":[{\"@type\":\"ReadAction\",\"target\":[\"https:\\\/\\\/studium-und-dann.com\\\/?page_id=602\"]}]},{\"@type\":\"ImageObject\",\"inLanguage\":\"de\",\"@id\":\"https:\\\/\\\/studium-und-dann.com\\\/?page_id=602#primaryimage\",\"url\":\"https:\\\/\\\/studium-und-dann.com\\\/wp-content\\\/uploads\\\/2025\\\/12\\\/6.jpg\",\"contentUrl\":\"https:\\\/\\\/studium-und-dann.com\\\/wp-content\\\/uploads\\\/2025\\\/12\\\/6.jpg\",\"width\":1660,\"height\":790},{\"@type\":\"BreadcrumbList\",\"@id\":\"https:\\\/\\\/studium-und-dann.com\\\/?page_id=602#breadcrumb\",\"itemListElement\":[{\"@type\":\"ListItem\",\"position\":1,\"name\":\"Start\",\"item\":\"https:\\\/\\\/studium-und-dann.com\\\/\"},{\"@type\":\"ListItem\",\"position\":2,\"name\":\"Stephan Paulini\"}]},{\"@type\":\"WebSite\",\"@id\":\"https:\\\/\\\/studium-und-dann.com\\\/#website\",\"url\":\"https:\\\/\\\/studium-und-dann.com\\\/\",\"name\":\"STUDIUM &amp; DANN?\",\"description\":\"Podcasts zur Berufsorientierung\",\"potentialAction\":[{\"@type\":\"SearchAction\",\"target\":{\"@type\":\"EntryPoint\",\"urlTemplate\":\"https:\\\/\\\/studium-und-dann.com\\\/?s={search_term_string}\"},\"query-input\":{\"@type\":\"PropertyValueSpecification\",\"valueRequired\":true,\"valueName\":\"search_term_string\"}}],\"inLanguage\":\"de\"}]}<\/script>\n<!-- \/ Yoast SEO plugin. -->","yoast_head_json":{"title":"Stephan Paulini - STUDIUM &amp; DANN?","robots":{"index":"index","follow":"follow","max-snippet":"max-snippet:-1","max-image-preview":"max-image-preview:large","max-video-preview":"max-video-preview:-1"},"canonical":"https:\/\/studium-und-dann.com\/?page_id=602","og_locale":"de_DE","og_type":"article","og_title":"Stephan Paulini - STUDIUM &amp; DANN?","og_description":"[vc_row][vc_column][vc_single_image image=&#8220;604&#8243; alignment=&#8220;center&#8220; style=&#8220;vc_box_circle&#8220;][vc_column_text css=&#8220;.vc_custom_1762466031264{background-color: #eeee22 !important;}&#8220;] Stephan Paulini Gesch\u00e4ftsf\u00fchrer von MyGermanUniversity [\/vc_column_text][\/vc_column][\/vc_row][vc_row][vc_column][vc_column_text] Kurator f\u00fcr: Studienorientierung und Integration internationaler Studierender[\/vc_column_text][\/vc_column][vc_column][vc_column_text] Im Kuratorium engagiert sich Stephan Paulini f\u00fcr die F\u00f6rderung innovativer, digitaler Formate zur Studienorientierung. Als Gesch\u00e4ftsf\u00fchrer von MyGermanUniversity und ehemaliger Director des DAAD Information Center Peru bringt er langj\u00e4hrige Erfahrung [...]","og_url":"https:\/\/studium-und-dann.com\/?page_id=602","og_site_name":"STUDIUM &amp; DANN?","article_modified_time":"2026-03-20T08:15:25+00:00","og_image":[{"width":1660,"height":790,"url":"https:\/\/studium-und-dann.com\/wp-content\/uploads\/2025\/12\/6.jpg","type":"image\/jpeg"}],"twitter_card":"summary_large_image","twitter_misc":{"Gesch\u00e4tzte Lesezeit":"1\u00a0Minute"},"schema":{"@context":"https:\/\/schema.org","@graph":[{"@type":"WebPage","@id":"https:\/\/studium-und-dann.com\/?page_id=602","url":"https:\/\/studium-und-dann.com\/?page_id=602","name":"Stephan Paulini - STUDIUM &amp; DANN?","isPartOf":{"@id":"https:\/\/studium-und-dann.com\/#website"},"primaryImageOfPage":{"@id":"https:\/\/studium-und-dann.com\/?page_id=602#primaryimage"},"image":{"@id":"https:\/\/studium-und-dann.com\/?page_id=602#primaryimage"},"thumbnailUrl":"https:\/\/studium-und-dann.com\/wp-content\/uploads\/2025\/12\/6.jpg","datePublished":"2025-11-06T20:25:17+00:00","dateModified":"2026-03-20T08:15:25+00:00","breadcrumb":{"@id":"https:\/\/studium-und-dann.com\/?page_id=602#breadcrumb"},"inLanguage":"de","potentialAction":[{"@type":"ReadAction","target":["https:\/\/studium-und-dann.com\/?page_id=602"]}]},{"@type":"ImageObject","inLanguage":"de","@id":"https:\/\/studium-und-dann.com\/?page_id=602#primaryimage","url":"https:\/\/studium-und-dann.com\/wp-content\/uploads\/2025\/12\/6.jpg","contentUrl":"https:\/\/studium-und-dann.com\/wp-content\/uploads\/2025\/12\/6.jpg","width":1660,"height":790},{"@type":"BreadcrumbList","@id":"https:\/\/studium-und-dann.com\/?page_id=602#breadcrumb","itemListElement":[{"@type":"ListItem","position":1,"name":"Start","item":"https:\/\/studium-und-dann.com\/"},{"@type":"ListItem","position":2,"name":"Stephan Paulini"}]},{"@type":"WebSite","@id":"https:\/\/studium-und-dann.com\/#website","url":"https:\/\/studium-und-dann.com\/","name":"STUDIUM &amp; DANN?","description":"Podcasts zur Berufsorientierung","potentialAction":[{"@type":"SearchAction","target":{"@type":"EntryPoint","urlTemplate":"https:\/\/studium-und-dann.com\/?s={search_term_string}"},"query-input":{"@type":"PropertyValueSpecification","valueRequired":true,"valueName":"search_term_string"}}],"inLanguage":"de"}]}},"_links":{"self":[{"href":"https:\/\/studium-und-dann.com\/index.php?rest_route=\/wp\/v2\/pages\/602","targetHints":{"allow":["GET"]}}],"collection":[{"href":"https:\/\/studium-und-dann.com\/index.php?rest_route=\/wp\/v2\/pages"}],"about":[{"href":"https:\/\/studium-und-dann.com\/index.php?rest_route=\/wp\/v2\/types\/page"}],"author":[{"embeddable":true,"href":"https:\/\/studium-und-dann.com\/index.php?rest_route=\/wp\/v2\/users\/1"}],"replies":[{"embeddable":true,"href":"https:\/\/studium-und-dann.com\/index.php?rest_route=%2Fwp%2Fv2%2Fcomments&post=602"}],"version-history":[{"count":9,"href":"https:\/\/studium-und-dann.com\/index.php?rest_route=\/wp\/v2\/pages\/602\/revisions"}],"predecessor-version":[{"id":16620,"href":"https:\/\/studium-und-dann.com\/index.php?rest_route=\/wp\/v2\/pages\/602\/revisions\/16620"}],"wp:featuredmedia":[{"embeddable":true,"href":"https:\/\/studium-und-dann.com\/index.php?rest_route=\/wp\/v2\/media\/7860"}],"wp:attachment":[{"href":"https:\/\/studium-und-dann.com\/index.php?rest_route=%2Fwp%2Fv2%2Fmedia&parent=602"}],"curies":[{"name":"wp","href":"https:\/\/api.w.org\/{rel}","templated":true}]}}