{"id":647,"date":"2025-11-20T10:22:44","date_gmt":"2025-11-20T10:22:44","guid":{"rendered":"https:\/\/studium-und-dann.com\/?page_id=647"},"modified":"2026-03-20T09:54:20","modified_gmt":"2026-03-20T09:54:20","slug":"christian-friedrich","status":"publish","type":"page","link":"https:\/\/studium-und-dann.com\/?page_id=647","title":{"rendered":"Christian Friedrich"},"content":{"rendered":"<p>[vc_row][vc_column][vc_single_image image=&#8220;16666&#8243; alignment=&#8220;center&#8220; style=&#8220;vc_box_circle&#8220;][vc_column_text][\/vc_column_text][\/vc_column][\/vc_row][vc_row][vc_column][vc_column_text css=&#8220;.vc_custom_1763634173252{background-color: #eeee22 !important;}&#8220;]<\/p>\n<p style=\"text-align: center;\"><strong>Christian Friedrich<br \/>\n<\/strong><em>Moderator &amp; Podcast Produzent<\/em><br \/>\n<em>Experte f\u00fcr Strategie und Format-Entwicklungen<\/em>[\/vc_column_text][vc_column_text]<\/p>\n<h3>Kurator f\u00fcr:<\/h3>\n<p><strong>Format-Entwicklung und Format-Strategie<\/strong><\/p>\n<p><strong>Christian Friedrich<\/strong> konzipiert, moderiert und produziert seit mehr als 10 Jahren <strong>Podcasts in Bildung und Wissenschaft<\/strong>. Im Kuratorium bringt er seine Erfahrung aus Formatentwicklung, Produktion und Gespr\u00e4chsf\u00fchrung ein.<\/p>\n<p>Christian glaubt an die Kraft von <strong>Podcasts<\/strong>, in Nebens\u00e4tzen <strong>Kontext<\/strong> und <strong>Nuancen<\/strong> zu vermitteln \u2013 auch und gerade bei der <strong>Studienwahl<\/strong>. Was er damit meint, l\u00e4sst sich in der Brosch\u00fcre <a href=\"https:\/\/portal.hoou.de\/blog\/podcasting-an-hochschulen-broschuere-haw-hamburg\/\">Podcasting an Hochschulen: Was Audioformate f\u00fcr die Wissenschaft leisten k\u00f6nnen<\/a> nachlesen.<\/p>\n<p>Derzeit treibt Christian zwei Podcast-Projekte als <strong>Moderator<\/strong> und <strong>Produzent<\/strong> voran: <a href=\"https:\/\/www.sicherheitsluecke.fm\">Die Sicherheits_l\u00fccke<\/a> ordnet aktuelle Risiken, technologische Trends und gesellschaftliche Herausforderungen rund um Cybersecurity und IT-Sicherheit ein. In <a href=\"https:\/\/www.hamburgwaswillstduwissen.de\">Hamburg, was willst du wissen?<\/a> sprechen Pers\u00f6nlichkeiten aus Hamburg \u00fcber ihre Lebens- und Bildungswege. Im Gespr\u00e4ch \u00fcberlegen sie, was sie verlernen und unbedingt noch lernen m\u00f6chten.<\/p>\n<p>Auch in seiner Rolle als freiberuflicher Organisations- und Transformationsberater setzt Christian auf Interview-Podcasts in der internen Kommunikation und der Begleitung von Wandel.<\/p>\n<p>Christian setzt sich im Kuratorium f\u00fcr die <strong>individuelle Qualit\u00e4t<\/strong> jedes Podcast-Formats ein, ber\u00e4t zur <strong>Podcast-Produktion<\/strong>, zu <strong>Interview-Techniken<\/strong> und zur <strong>Formatentwicklung<\/strong>.<\/p>\n<p><strong>Referenzen:<\/strong><br \/>\n<a href=\"https:\/\/www.christianfriedrich.org\/portfolio\/\" target=\"_blank\" rel=\"noopener\">https:\/\/www.christianfriedrich.org\/portfolio\/<\/a>[\/vc_column_text][\/vc_column][\/vc_row][vc_row][vc_column][\/vc_column][\/vc_row]<\/p>\n","protected":false},"excerpt":{"rendered":"<p>[vc_row][vc_column][vc_single_image image=&#8220;16666&#8243; alignment=&#8220;center&#8220; style=&#8220;vc_box_circle&#8220;][vc_column_text][\/vc_column_text][\/vc_column][\/vc_row][vc_row][vc_column][vc_column_text css=&#8220;.vc_custom_1763634173252{background-color: #eeee22 !important;}&#8220;] Christian Friedrich Moderator &amp; Podcast Produzent Experte f\u00fcr Strategie und Format-Entwicklungen[\/vc_column_text][vc_column_text] Kurator f\u00fcr: Format-Entwicklung und Format-Strategie Christian Friedrich konzipiert, moderiert und produziert seit mehr als 10 Jahren Podcasts in Bildung und Wissenschaft. Im Kuratorium bringt er seine Erfahrung aus Formatentwicklung, Produktion und Gespr\u00e4chsf\u00fchrung [&#8230;]<\/p>\n","protected":false},"author":1,"featured_media":7860,"parent":0,"menu_order":0,"comment_status":"closed","ping_status":"closed","template":"","meta":{"footnotes":""},"class_list":["post-647","page","type-page","status-publish","has-post-thumbnail","hentry"],"yoast_head":"<!-- This site is optimized with the Yoast SEO plugin v27.4 - https:\/\/yoast.com\/product\/yoast-seo-wordpress\/ -->\n<title>Christian Friedrich - STUDIUM &amp; DANN?<\/title>\n<meta name=\"robots\" content=\"index, follow, max-snippet:-1, max-image-preview:large, max-video-preview:-1\" \/>\n<link rel=\"canonical\" href=\"https:\/\/studium-und-dann.com\/?page_id=647\" \/>\n<meta property=\"og:locale\" content=\"de_DE\" \/>\n<meta property=\"og:type\" content=\"article\" \/>\n<meta property=\"og:title\" content=\"Christian Friedrich - STUDIUM &amp; DANN?\" \/>\n<meta property=\"og:description\" content=\"[vc_row][vc_column][vc_single_image image=&#8220;16666&#8243; alignment=&#8220;center&#8220; style=&#8220;vc_box_circle&#8220;][vc_column_text][\/vc_column_text][\/vc_column][\/vc_row][vc_row][vc_column][vc_column_text css=&#8220;.vc_custom_1763634173252{background-color: #eeee22 !important;}&#8220;] Christian Friedrich Moderator &amp; Podcast Produzent Experte f\u00fcr Strategie und Format-Entwicklungen[\/vc_column_text][vc_column_text] Kurator f\u00fcr: Format-Entwicklung und Format-Strategie Christian Friedrich konzipiert, moderiert und produziert seit mehr als 10 Jahren Podcasts in Bildung und Wissenschaft. Im Kuratorium bringt er seine Erfahrung aus Formatentwicklung, Produktion und Gespr\u00e4chsf\u00fchrung [...]\" \/>\n<meta property=\"og:url\" content=\"https:\/\/studium-und-dann.com\/?page_id=647\" \/>\n<meta property=\"og:site_name\" content=\"STUDIUM &amp; DANN?\" \/>\n<meta property=\"article:modified_time\" content=\"2026-03-20T09:54:20+00:00\" \/>\n<meta property=\"og:image\" content=\"https:\/\/studium-und-dann.com\/wp-content\/uploads\/2025\/12\/6.jpg\" \/>\n\t<meta property=\"og:image:width\" content=\"1660\" \/>\n\t<meta property=\"og:image:height\" content=\"790\" \/>\n\t<meta property=\"og:image:type\" content=\"image\/jpeg\" \/>\n<meta name=\"twitter:card\" content=\"summary_large_image\" \/>\n<meta name=\"twitter:label1\" content=\"Gesch\u00e4tzte Lesezeit\" \/>\n\t<meta name=\"twitter:data1\" content=\"2\u00a0Minuten\" \/>\n<script type=\"application\/ld+json\" class=\"yoast-schema-graph\">{\"@context\":\"https:\\\/\\\/schema.org\",\"@graph\":[{\"@type\":\"WebPage\",\"@id\":\"https:\\\/\\\/studium-und-dann.com\\\/?page_id=647\",\"url\":\"https:\\\/\\\/studium-und-dann.com\\\/?page_id=647\",\"name\":\"Christian Friedrich - STUDIUM &amp; DANN?\",\"isPartOf\":{\"@id\":\"https:\\\/\\\/studium-und-dann.com\\\/#website\"},\"primaryImageOfPage\":{\"@id\":\"https:\\\/\\\/studium-und-dann.com\\\/?page_id=647#primaryimage\"},\"image\":{\"@id\":\"https:\\\/\\\/studium-und-dann.com\\\/?page_id=647#primaryimage\"},\"thumbnailUrl\":\"https:\\\/\\\/studium-und-dann.com\\\/wp-content\\\/uploads\\\/2025\\\/12\\\/6.jpg\",\"datePublished\":\"2025-11-20T10:22:44+00:00\",\"dateModified\":\"2026-03-20T09:54:20+00:00\",\"breadcrumb\":{\"@id\":\"https:\\\/\\\/studium-und-dann.com\\\/?page_id=647#breadcrumb\"},\"inLanguage\":\"de\",\"potentialAction\":[{\"@type\":\"ReadAction\",\"target\":[\"https:\\\/\\\/studium-und-dann.com\\\/?page_id=647\"]}]},{\"@type\":\"ImageObject\",\"inLanguage\":\"de\",\"@id\":\"https:\\\/\\\/studium-und-dann.com\\\/?page_id=647#primaryimage\",\"url\":\"https:\\\/\\\/studium-und-dann.com\\\/wp-content\\\/uploads\\\/2025\\\/12\\\/6.jpg\",\"contentUrl\":\"https:\\\/\\\/studium-und-dann.com\\\/wp-content\\\/uploads\\\/2025\\\/12\\\/6.jpg\",\"width\":1660,\"height\":790},{\"@type\":\"BreadcrumbList\",\"@id\":\"https:\\\/\\\/studium-und-dann.com\\\/?page_id=647#breadcrumb\",\"itemListElement\":[{\"@type\":\"ListItem\",\"position\":1,\"name\":\"Start\",\"item\":\"https:\\\/\\\/studium-und-dann.com\\\/\"},{\"@type\":\"ListItem\",\"position\":2,\"name\":\"Christian Friedrich\"}]},{\"@type\":\"WebSite\",\"@id\":\"https:\\\/\\\/studium-und-dann.com\\\/#website\",\"url\":\"https:\\\/\\\/studium-und-dann.com\\\/\",\"name\":\"STUDIUM &amp; DANN?\",\"description\":\"Podcasts zur Berufsorientierung\",\"potentialAction\":[{\"@type\":\"SearchAction\",\"target\":{\"@type\":\"EntryPoint\",\"urlTemplate\":\"https:\\\/\\\/studium-und-dann.com\\\/?s={search_term_string}\"},\"query-input\":{\"@type\":\"PropertyValueSpecification\",\"valueRequired\":true,\"valueName\":\"search_term_string\"}}],\"inLanguage\":\"de\"}]}<\/script>\n<!-- \/ Yoast SEO plugin. -->","yoast_head_json":{"title":"Christian Friedrich - STUDIUM &amp; DANN?","robots":{"index":"index","follow":"follow","max-snippet":"max-snippet:-1","max-image-preview":"max-image-preview:large","max-video-preview":"max-video-preview:-1"},"canonical":"https:\/\/studium-und-dann.com\/?page_id=647","og_locale":"de_DE","og_type":"article","og_title":"Christian Friedrich - STUDIUM &amp; DANN?","og_description":"[vc_row][vc_column][vc_single_image image=&#8220;16666&#8243; alignment=&#8220;center&#8220; style=&#8220;vc_box_circle&#8220;][vc_column_text][\/vc_column_text][\/vc_column][\/vc_row][vc_row][vc_column][vc_column_text css=&#8220;.vc_custom_1763634173252{background-color: #eeee22 !important;}&#8220;] Christian Friedrich Moderator &amp; Podcast Produzent Experte f\u00fcr Strategie und Format-Entwicklungen[\/vc_column_text][vc_column_text] Kurator f\u00fcr: Format-Entwicklung und Format-Strategie Christian Friedrich konzipiert, moderiert und produziert seit mehr als 10 Jahren Podcasts in Bildung und Wissenschaft. Im Kuratorium bringt er seine Erfahrung aus Formatentwicklung, Produktion und Gespr\u00e4chsf\u00fchrung [...]","og_url":"https:\/\/studium-und-dann.com\/?page_id=647","og_site_name":"STUDIUM &amp; DANN?","article_modified_time":"2026-03-20T09:54:20+00:00","og_image":[{"width":1660,"height":790,"url":"https:\/\/studium-und-dann.com\/wp-content\/uploads\/2025\/12\/6.jpg","type":"image\/jpeg"}],"twitter_card":"summary_large_image","twitter_misc":{"Gesch\u00e4tzte Lesezeit":"2\u00a0Minuten"},"schema":{"@context":"https:\/\/schema.org","@graph":[{"@type":"WebPage","@id":"https:\/\/studium-und-dann.com\/?page_id=647","url":"https:\/\/studium-und-dann.com\/?page_id=647","name":"Christian Friedrich - STUDIUM &amp; DANN?","isPartOf":{"@id":"https:\/\/studium-und-dann.com\/#website"},"primaryImageOfPage":{"@id":"https:\/\/studium-und-dann.com\/?page_id=647#primaryimage"},"image":{"@id":"https:\/\/studium-und-dann.com\/?page_id=647#primaryimage"},"thumbnailUrl":"https:\/\/studium-und-dann.com\/wp-content\/uploads\/2025\/12\/6.jpg","datePublished":"2025-11-20T10:22:44+00:00","dateModified":"2026-03-20T09:54:20+00:00","breadcrumb":{"@id":"https:\/\/studium-und-dann.com\/?page_id=647#breadcrumb"},"inLanguage":"de","potentialAction":[{"@type":"ReadAction","target":["https:\/\/studium-und-dann.com\/?page_id=647"]}]},{"@type":"ImageObject","inLanguage":"de","@id":"https:\/\/studium-und-dann.com\/?page_id=647#primaryimage","url":"https:\/\/studium-und-dann.com\/wp-content\/uploads\/2025\/12\/6.jpg","contentUrl":"https:\/\/studium-und-dann.com\/wp-content\/uploads\/2025\/12\/6.jpg","width":1660,"height":790},{"@type":"BreadcrumbList","@id":"https:\/\/studium-und-dann.com\/?page_id=647#breadcrumb","itemListElement":[{"@type":"ListItem","position":1,"name":"Start","item":"https:\/\/studium-und-dann.com\/"},{"@type":"ListItem","position":2,"name":"Christian Friedrich"}]},{"@type":"WebSite","@id":"https:\/\/studium-und-dann.com\/#website","url":"https:\/\/studium-und-dann.com\/","name":"STUDIUM &amp; DANN?","description":"Podcasts zur Berufsorientierung","potentialAction":[{"@type":"SearchAction","target":{"@type":"EntryPoint","urlTemplate":"https:\/\/studium-und-dann.com\/?s={search_term_string}"},"query-input":{"@type":"PropertyValueSpecification","valueRequired":true,"valueName":"search_term_string"}}],"inLanguage":"de"}]}},"_links":{"self":[{"href":"https:\/\/studium-und-dann.com\/index.php?rest_route=\/wp\/v2\/pages\/647","targetHints":{"allow":["GET"]}}],"collection":[{"href":"https:\/\/studium-und-dann.com\/index.php?rest_route=\/wp\/v2\/pages"}],"about":[{"href":"https:\/\/studium-und-dann.com\/index.php?rest_route=\/wp\/v2\/types\/page"}],"author":[{"embeddable":true,"href":"https:\/\/studium-und-dann.com\/index.php?rest_route=\/wp\/v2\/users\/1"}],"replies":[{"embeddable":true,"href":"https:\/\/studium-und-dann.com\/index.php?rest_route=%2Fwp%2Fv2%2Fcomments&post=647"}],"version-history":[{"count":8,"href":"https:\/\/studium-und-dann.com\/index.php?rest_route=\/wp\/v2\/pages\/647\/revisions"}],"predecessor-version":[{"id":16667,"href":"https:\/\/studium-und-dann.com\/index.php?rest_route=\/wp\/v2\/pages\/647\/revisions\/16667"}],"wp:featuredmedia":[{"embeddable":true,"href":"https:\/\/studium-und-dann.com\/index.php?rest_route=\/wp\/v2\/media\/7860"}],"wp:attachment":[{"href":"https:\/\/studium-und-dann.com\/index.php?rest_route=%2Fwp%2Fv2%2Fmedia&parent=647"}],"curies":[{"name":"wp","href":"https:\/\/api.w.org\/{rel}","templated":true}]}}