{"id":7676,"date":"2025-12-05T15:58:00","date_gmt":"2025-12-05T15:58:00","guid":{"rendered":"https:\/\/studium-und-dann.com\/?page_id=7676"},"modified":"2026-01-28T17:48:09","modified_gmt":"2026-01-28T17:48:09","slug":"impressum","status":"publish","type":"page","link":"https:\/\/studium-und-dann.com\/?page_id=7676","title":{"rendered":"Impressum"},"content":{"rendered":"\n<h1 class=\"wp-block-heading\">Impressum<\/h1>\n\n\n\n<p>Angaben zum Anbieter (\u00a7 5 TMG)<\/p>\n\n\n\n<p>Leuphana GmbH<br>Universit\u00e4tsallee 1<br>D \u2013 21335 L\u00fcneburg<\/p>\n\n\n\n<p>Gesch\u00e4ftsf\u00fchrer: Christoph Kleinebrg<br>Telefon: 04131 \/ 677 \u2013 1910<\/p>\n\n\n\n<p>Email: kontakt@leuphana-gmbh.de<\/p>\n\n\n\n<p>Registergericht: Registergericht L\u00fcneburg<br>Registernummer: HRB 206022<br>Umsatzsteuer-Identifikationsnummer gem. \u00a7 27a UstG: DE305104469<br>Inhalt Verantwortlicher: Christoph Kleineberg (Anschrift s.o.)<\/p>\n\n\n\n<p>Haftungshinweis<\/p>\n\n\n\n<p>Die Informationen die sich auf dieser Seite befinden werden sorgf\u00e4ltig ausgearbeitet und zusammengestellt, aber erheben weder einen Anspruch auf Vollst\u00e4ndigkeit noch auf Richtigkeit. Trotz sorgf\u00e4ltiger Kontrolle und st\u00e4ndiger Aktualisierung der Daten auf dieser Webseite schlie\u00dft die Leuphana GmbH jede Haftung oder Garantie hinsichtlich der Aktualit\u00e4t, Genauigkeit und Vollst\u00e4ndigkeit der bereitgestellten Informationen aus. Die Benutzung der Webseite erfolgt auf eigene Gefahr.<\/p>\n\n\n\n<p>Urheberrechtlicher Hinweis<\/p>\n\n\n\n<p>Die durch den Seitenbetreiber erstellten Inhalte, Strukturen und Informationen auf der Internetseite www.leuphana-gmbh.de unterliegen dem deutschen Urheberrecht. Jegliche Vervielf\u00e4ltigung von Informationen oder Daten, insbesondere die Verwendung von Bildmaterial, Texten, Textteilen oder sonstigen Inhalten erfordert eine vorherige Zustimmung durch den Anbieter bzw. Rechteanbieter.<\/p>\n\n\n\n<p><\/p>\n","protected":false},"excerpt":{"rendered":"<p>Impressum Angaben zum Anbieter (\u00a7 5 TMG) Leuphana GmbHUniversit\u00e4tsallee 1D \u2013 21335 L\u00fcneburg Gesch\u00e4ftsf\u00fchrer: Christoph KleinebrgTelefon: 04131 \/ 677 \u2013 1910 Email: kontakt@leuphana-gmbh.de Registergericht: Registergericht L\u00fcneburgRegisternummer: HRB 206022Umsatzsteuer-Identifikationsnummer gem. \u00a7 27a UstG: DE305104469Inhalt Verantwortlicher: Christoph Kleineberg (Anschrift s.o.) Haftungshinweis Die Informationen die sich auf dieser Seite befinden werden sorgf\u00e4ltig ausgearbeitet [&#8230;]<\/p>\n","protected":false},"author":8,"featured_media":0,"parent":0,"menu_order":0,"comment_status":"closed","ping_status":"closed","template":"","meta":{"footnotes":""},"class_list":["post-7676","page","type-page","status-publish","hentry"],"yoast_head":"<!-- This site is optimized with the Yoast SEO plugin v27.4 - https:\/\/yoast.com\/product\/yoast-seo-wordpress\/ -->\n<title>Impressum - STUDIUM &amp; DANN?<\/title>\n<meta name=\"robots\" content=\"index, follow, max-snippet:-1, max-image-preview:large, max-video-preview:-1\" \/>\n<link rel=\"canonical\" href=\"https:\/\/studium-und-dann.com\/?page_id=7676\" \/>\n<meta property=\"og:locale\" content=\"de_DE\" \/>\n<meta property=\"og:type\" content=\"article\" \/>\n<meta property=\"og:title\" content=\"Impressum - STUDIUM &amp; DANN?\" \/>\n<meta property=\"og:description\" content=\"Impressum Angaben zum Anbieter (\u00a7 5 TMG) Leuphana GmbHUniversit\u00e4tsallee 1D \u2013 21335 L\u00fcneburg Gesch\u00e4ftsf\u00fchrer: Christoph KleinebrgTelefon: 04131 \/ 677 \u2013 1910 Email: kontakt@leuphana-gmbh.de Registergericht: Registergericht L\u00fcneburgRegisternummer: HRB 206022Umsatzsteuer-Identifikationsnummer gem. \u00a7 27a UstG: DE305104469Inhalt Verantwortlicher: Christoph Kleineberg (Anschrift s.o.) Haftungshinweis Die Informationen die sich auf dieser Seite befinden werden sorgf\u00e4ltig ausgearbeitet [...]\" \/>\n<meta property=\"og:url\" content=\"https:\/\/studium-und-dann.com\/?page_id=7676\" \/>\n<meta property=\"og:site_name\" content=\"STUDIUM &amp; DANN?\" \/>\n<meta property=\"article:modified_time\" content=\"2026-01-28T17:48:09+00:00\" \/>\n<meta name=\"twitter:card\" content=\"summary_large_image\" \/>\n<meta name=\"twitter:label1\" content=\"Gesch\u00e4tzte Lesezeit\" \/>\n\t<meta name=\"twitter:data1\" content=\"1\u00a0Minute\" \/>\n<script type=\"application\/ld+json\" class=\"yoast-schema-graph\">{\"@context\":\"https:\\\/\\\/schema.org\",\"@graph\":[{\"@type\":\"WebPage\",\"@id\":\"https:\\\/\\\/studium-und-dann.com\\\/?page_id=7676\",\"url\":\"https:\\\/\\\/studium-und-dann.com\\\/?page_id=7676\",\"name\":\"Impressum - STUDIUM &amp; DANN?\",\"isPartOf\":{\"@id\":\"https:\\\/\\\/studium-und-dann.com\\\/#website\"},\"datePublished\":\"2025-12-05T15:58:00+00:00\",\"dateModified\":\"2026-01-28T17:48:09+00:00\",\"breadcrumb\":{\"@id\":\"https:\\\/\\\/studium-und-dann.com\\\/?page_id=7676#breadcrumb\"},\"inLanguage\":\"de\",\"potentialAction\":[{\"@type\":\"ReadAction\",\"target\":[\"https:\\\/\\\/studium-und-dann.com\\\/?page_id=7676\"]}]},{\"@type\":\"BreadcrumbList\",\"@id\":\"https:\\\/\\\/studium-und-dann.com\\\/?page_id=7676#breadcrumb\",\"itemListElement\":[{\"@type\":\"ListItem\",\"position\":1,\"name\":\"Start\",\"item\":\"https:\\\/\\\/studium-und-dann.com\\\/\"},{\"@type\":\"ListItem\",\"position\":2,\"name\":\"Impressum\"}]},{\"@type\":\"WebSite\",\"@id\":\"https:\\\/\\\/studium-und-dann.com\\\/#website\",\"url\":\"https:\\\/\\\/studium-und-dann.com\\\/\",\"name\":\"STUDIUM &amp; DANN?\",\"description\":\"Podcasts zur Berufsorientierung\",\"potentialAction\":[{\"@type\":\"SearchAction\",\"target\":{\"@type\":\"EntryPoint\",\"urlTemplate\":\"https:\\\/\\\/studium-und-dann.com\\\/?s={search_term_string}\"},\"query-input\":{\"@type\":\"PropertyValueSpecification\",\"valueRequired\":true,\"valueName\":\"search_term_string\"}}],\"inLanguage\":\"de\"}]}<\/script>\n<!-- \/ Yoast SEO plugin. -->","yoast_head_json":{"title":"Impressum - STUDIUM &amp; DANN?","robots":{"index":"index","follow":"follow","max-snippet":"max-snippet:-1","max-image-preview":"max-image-preview:large","max-video-preview":"max-video-preview:-1"},"canonical":"https:\/\/studium-und-dann.com\/?page_id=7676","og_locale":"de_DE","og_type":"article","og_title":"Impressum - STUDIUM &amp; DANN?","og_description":"Impressum Angaben zum Anbieter (\u00a7 5 TMG) Leuphana GmbHUniversit\u00e4tsallee 1D \u2013 21335 L\u00fcneburg Gesch\u00e4ftsf\u00fchrer: Christoph KleinebrgTelefon: 04131 \/ 677 \u2013 1910 Email: kontakt@leuphana-gmbh.de Registergericht: Registergericht L\u00fcneburgRegisternummer: HRB 206022Umsatzsteuer-Identifikationsnummer gem. \u00a7 27a UstG: DE305104469Inhalt Verantwortlicher: Christoph Kleineberg (Anschrift s.o.) Haftungshinweis Die Informationen die sich auf dieser Seite befinden werden sorgf\u00e4ltig ausgearbeitet [...]","og_url":"https:\/\/studium-und-dann.com\/?page_id=7676","og_site_name":"STUDIUM &amp; DANN?","article_modified_time":"2026-01-28T17:48:09+00:00","twitter_card":"summary_large_image","twitter_misc":{"Gesch\u00e4tzte Lesezeit":"1\u00a0Minute"},"schema":{"@context":"https:\/\/schema.org","@graph":[{"@type":"WebPage","@id":"https:\/\/studium-und-dann.com\/?page_id=7676","url":"https:\/\/studium-und-dann.com\/?page_id=7676","name":"Impressum - STUDIUM &amp; DANN?","isPartOf":{"@id":"https:\/\/studium-und-dann.com\/#website"},"datePublished":"2025-12-05T15:58:00+00:00","dateModified":"2026-01-28T17:48:09+00:00","breadcrumb":{"@id":"https:\/\/studium-und-dann.com\/?page_id=7676#breadcrumb"},"inLanguage":"de","potentialAction":[{"@type":"ReadAction","target":["https:\/\/studium-und-dann.com\/?page_id=7676"]}]},{"@type":"BreadcrumbList","@id":"https:\/\/studium-und-dann.com\/?page_id=7676#breadcrumb","itemListElement":[{"@type":"ListItem","position":1,"name":"Start","item":"https:\/\/studium-und-dann.com\/"},{"@type":"ListItem","position":2,"name":"Impressum"}]},{"@type":"WebSite","@id":"https:\/\/studium-und-dann.com\/#website","url":"https:\/\/studium-und-dann.com\/","name":"STUDIUM &amp; DANN?","description":"Podcasts zur Berufsorientierung","potentialAction":[{"@type":"SearchAction","target":{"@type":"EntryPoint","urlTemplate":"https:\/\/studium-und-dann.com\/?s={search_term_string}"},"query-input":{"@type":"PropertyValueSpecification","valueRequired":true,"valueName":"search_term_string"}}],"inLanguage":"de"}]}},"_links":{"self":[{"href":"https:\/\/studium-und-dann.com\/index.php?rest_route=\/wp\/v2\/pages\/7676","targetHints":{"allow":["GET"]}}],"collection":[{"href":"https:\/\/studium-und-dann.com\/index.php?rest_route=\/wp\/v2\/pages"}],"about":[{"href":"https:\/\/studium-und-dann.com\/index.php?rest_route=\/wp\/v2\/types\/page"}],"author":[{"embeddable":true,"href":"https:\/\/studium-und-dann.com\/index.php?rest_route=\/wp\/v2\/users\/8"}],"replies":[{"embeddable":true,"href":"https:\/\/studium-und-dann.com\/index.php?rest_route=%2Fwp%2Fv2%2Fcomments&post=7676"}],"version-history":[{"count":2,"href":"https:\/\/studium-und-dann.com\/index.php?rest_route=\/wp\/v2\/pages\/7676\/revisions"}],"predecessor-version":[{"id":13133,"href":"https:\/\/studium-und-dann.com\/index.php?rest_route=\/wp\/v2\/pages\/7676\/revisions\/13133"}],"wp:attachment":[{"href":"https:\/\/studium-und-dann.com\/index.php?rest_route=%2Fwp%2Fv2%2Fmedia&parent=7676"}],"curies":[{"name":"wp","href":"https:\/\/api.w.org\/{rel}","templated":true}]}}